{"id":33546,"date":"2026-02-26T14:05:24","date_gmt":"2026-02-26T14:05:24","guid":{"rendered":"https:\/\/topprixsarl.ch\/product\/gobelet-en-carton-on-the-go-de-nespresso-110-ml-emballage-de-50-unites\/"},"modified":"2026-03-03T12:21:25","modified_gmt":"2026-03-03T12:21:25","slug":"gobelet-en-carton-on-the-go-de-nespresso-110-ml-emballage-de-50-unites","status":"publish","type":"product","link":"https:\/\/topprixsarl.ch\/en\/product-2\/gobelet-en-carton-on-the-go-de-nespresso-110-ml-emballage-de-50-unites\/","title":{"rendered":"Gobelet en carton On the Go de NESPRESSO, 110 ml, emballage de 50 unit\u00e9s"},"content":{"rendered":"<p><strong>Propre \u00e0 partir<\/strong> C&rsquo;est ici que l&rsquo;on aime se resservir, car avec ce verre, vous profitez du confort optimal d&rsquo;un bon produit dans la vie quotidienne au bureau ou lors d&rsquo;occasions exceptionnelles. Une importance particuli\u00e8re a \u00e9t\u00e9 accord\u00e9e ici \u00e0 une fabrication robuste et fiable. Ainsi, boire devient un authentique plaisir.<\/p>\n<p>La protection de l&rsquo;environnement n&rsquo;a pas non plus \u00e9t\u00e9 n\u00e9glig\u00e9e ici: l&rsquo;article est fait du Carton.<\/p>\n<ul>\n<li><strong>Hauteur :<\/strong> 58.5 mm<\/li>\n<li><strong>Diam\u00e8tre :<\/strong> 62.1 mm<\/li>\n<li><strong>Capacit\u00e9 :<\/strong> 110 ml<\/li>\n<\/ul>\n<p>Les petites pauses pendant le travail quotidien sont bien plus que de simples interruptions. C&rsquo;est souvent \u00e0 cette occasion que les meilleures id\u00e9es surgissent pour trouver des solutions \u00e0 des probl\u00e8mes ou faire avancer des projets. Avec ce verre, vous apportez un soutien liquide dans ces moments-l\u00e0.<\/p>\n<p>Gr\u00e2ce \u00e0 sa conception, l&rsquo;article est aussi merveilleusement r\u00e9sistant et de longue vie. Compl\u00e9tez vos rafra\u00eechissements avec de la haute qualit\u00e9 d\u00e8s maintenant!<\/p>\n<p><strong>Dans votre catalogue :<\/strong> Retrouvez ce produit page 25<\/p>","protected":false},"excerpt":{"rendered":"<p>Propre \u00e0 partir C&rsquo;est ici que l&rsquo;on aime se resservir, car avec ce verre, vous profitez du confort optimal d&rsquo;un bon produit dans la vie quotidienne au bureau ou lors d&rsquo;occasions exceptionnelles. Une importance particuli\u00e8re a \u00e9t\u00e9 accord\u00e9e ici \u00e0 une fab<\/p>","protected":false},"featured_media":33557,"comment_status":"open","ping_status":"closed","template":"","meta":[],"product_brand":[],"product_cat":[137],"product_tag":[],"class_list":{"0":"post-33546","1":"product","2":"type-product","3":"status-publish","4":"has-post-thumbnail","6":"product_cat-papier","8":"first","9":"instock","10":"shipping-taxable","11":"purchasable","12":"product-type-simple"},"_links":{"self":[{"href":"https:\/\/topprixsarl.ch\/en\/wp-json\/wp\/v2\/product\/33546","targetHints":{"allow":["GET"]}}],"collection":[{"href":"https:\/\/topprixsarl.ch\/en\/wp-json\/wp\/v2\/product"}],"about":[{"href":"https:\/\/topprixsarl.ch\/en\/wp-json\/wp\/v2\/types\/product"}],"replies":[{"embeddable":true,"href":"https:\/\/topprixsarl.ch\/en\/wp-json\/wp\/v2\/comments?post=33546"}],"version-history":[{"count":1,"href":"https:\/\/topprixsarl.ch\/en\/wp-json\/wp\/v2\/product\/33546\/revisions"}],"predecessor-version":[{"id":33558,"href":"https:\/\/topprixsarl.ch\/en\/wp-json\/wp\/v2\/product\/33546\/revisions\/33558"}],"wp:featuredmedia":[{"embeddable":true,"href":"https:\/\/topprixsarl.ch\/en\/wp-json\/wp\/v2\/media\/33557"}],"wp:attachment":[{"href":"https:\/\/topprixsarl.ch\/en\/wp-json\/wp\/v2\/media?parent=33546"}],"wp:term":[{"taxonomy":"product_brand","embeddable":true,"href":"https:\/\/topprixsarl.ch\/en\/wp-json\/wp\/v2\/product_brand?post=33546"},{"taxonomy":"product_cat","embeddable":true,"href":"https:\/\/topprixsarl.ch\/en\/wp-json\/wp\/v2\/product_cat?post=33546"},{"taxonomy":"product_tag","embeddable":true,"href":"https:\/\/topprixsarl.ch\/en\/wp-json\/wp\/v2\/product_tag?post=33546"}],"curies":[{"name":"wp","href":"https:\/\/api.w.org\/{rel}","templated":true}]}}