{"id":33542,"date":"2026-02-26T14:04:59","date_gmt":"2026-02-26T14:04:59","guid":{"rendered":"https:\/\/topprixsarl.ch\/product\/serviettes-pronappe-20x20cm-blanc-paquet-de-50-pieces\/"},"modified":"2026-03-03T12:21:18","modified_gmt":"2026-03-03T12:21:18","slug":"serviettes-pronappe-20x20cm-blanc-paquet-de-50-pieces","status":"publish","type":"product","link":"https:\/\/topprixsarl.ch\/en\/product-2\/serviettes-pronappe-20x20cm-blanc-paquet-de-50-pieces\/","title":{"rendered":"Serviettes PROnappe, 20x20cm, blanc, paquet de 50 pi\u00e8ces"},"content":{"rendered":"<p><strong>Serviettes de table Pronappe<\/strong> Les serviettes de table Pronappe sont une solution pratique et \u00e9conomique pour toutes les occasions, dans votre quotidien au bureau ou lors d&rsquo;\u00e9v\u00e9nements professionnels, elles vous garantissent hygi\u00e8ne et confort lors de l&rsquo;utilisation.<\/p>\n<p><strong>Caract\u00e9ristiques cl\u00e9s<\/strong><\/p>\n<ul>\n<li>Tiss\u00e9<\/li>\n<li>Dimensions (longueur x largeur) : 20 cm x 20 cm<\/li>\n<li>Double \u00e9paisseur<\/li>\n<li>Couleur : blanc<\/li>\n<\/ul>\n<p>Commandez d\u00e8s aujourd&rsquo;hui !<\/p>","protected":false},"excerpt":{"rendered":"<p>Serviettes de table Pronappe Les serviettes de table Pronappe sont une solution pratique et \u00e9conomique pour toutes les occasions, dans votre quotidien au bureau ou lors d&rsquo;\u00e9v\u00e9nements professionnels, elles vous garantissent hygi\u00e8ne et confort lors de l<\/p>","protected":false},"featured_media":33553,"comment_status":"open","ping_status":"closed","template":"","meta":[],"product_brand":[],"product_cat":[137],"product_tag":[],"class_list":{"0":"post-33542","1":"product","2":"type-product","3":"status-publish","4":"has-post-thumbnail","6":"product_cat-papier","8":"first","9":"instock","10":"shipping-taxable","11":"purchasable","12":"product-type-simple"},"_links":{"self":[{"href":"https:\/\/topprixsarl.ch\/en\/wp-json\/wp\/v2\/product\/33542","targetHints":{"allow":["GET"]}}],"collection":[{"href":"https:\/\/topprixsarl.ch\/en\/wp-json\/wp\/v2\/product"}],"about":[{"href":"https:\/\/topprixsarl.ch\/en\/wp-json\/wp\/v2\/types\/product"}],"replies":[{"embeddable":true,"href":"https:\/\/topprixsarl.ch\/en\/wp-json\/wp\/v2\/comments?post=33542"}],"version-history":[{"count":1,"href":"https:\/\/topprixsarl.ch\/en\/wp-json\/wp\/v2\/product\/33542\/revisions"}],"predecessor-version":[{"id":33554,"href":"https:\/\/topprixsarl.ch\/en\/wp-json\/wp\/v2\/product\/33542\/revisions\/33554"}],"wp:featuredmedia":[{"embeddable":true,"href":"https:\/\/topprixsarl.ch\/en\/wp-json\/wp\/v2\/media\/33553"}],"wp:attachment":[{"href":"https:\/\/topprixsarl.ch\/en\/wp-json\/wp\/v2\/media?parent=33542"}],"wp:term":[{"taxonomy":"product_brand","embeddable":true,"href":"https:\/\/topprixsarl.ch\/en\/wp-json\/wp\/v2\/product_brand?post=33542"},{"taxonomy":"product_cat","embeddable":true,"href":"https:\/\/topprixsarl.ch\/en\/wp-json\/wp\/v2\/product_cat?post=33542"},{"taxonomy":"product_tag","embeddable":true,"href":"https:\/\/topprixsarl.ch\/en\/wp-json\/wp\/v2\/product_tag?post=33542"}],"curies":[{"name":"wp","href":"https:\/\/api.w.org\/{rel}","templated":true}]}}