{"id":32365,"date":"2026-01-10T22:09:41","date_gmt":"2026-01-10T22:09:41","guid":{"rendered":"https:\/\/topprixsarl.ch\/product\/serviettes-pliees-papier-pli-en-v-2-couches-paquet-de-15x200-pieces\/"},"modified":"2026-01-14T14:18:55","modified_gmt":"2026-01-14T14:18:55","slug":"serviettes-pliees-papier-pli-en-v-2-couches-paquet-de-15x200-pieces","status":"publish","type":"product","link":"https:\/\/topprixsarl.ch\/en\/product-2\/serviettes-pliees-papier-pli-en-v-2-couches-paquet-de-15x200-pieces\/","title":{"rendered":"Paper folded napkins, V-fold, 2 layers, pack of 15\u00d7200 pieces"},"content":{"rendered":"<p>La puissance de la cellulose dans un design pli\u00e9 en V<\/p>\n<p>Si vous \u00eates \u00e0 la recherche de l&rsquo;essuie-mains en papier parfait, \u00e0 la fois fiable et \u00e9cologique, ne cherchez pas plus loin. Nos essuie-mains en papier pli\u00e9s en V sont la r\u00e9ponse \u00e0 tous vos besoins!<\/p>\n<p>+ Deux \u00e9paisseurs 100% cellulose pour un s\u00e9chage efficace<\/p>\n<p>Vous allez vous plier de plaisir! Pratiques, les essuie-mains en papier pli\u00e9s en V ne sont pas qu&rsquo;un simple morceau de papier &#8211; ils sont une exp\u00e9rience! Gr\u00e2ce \u00e0 leur forme unique de pliage en V, elles permettent un pr\u00e9l\u00e8vement rentable et contr\u00f4l\u00e9 des serviettes individuelles.<\/p>\n<p>+ Pr\u00e9l\u00e8vement facile et contr\u00f4l\u00e9 des serviettes<\/p>\n<p>Que vous soyez un essuyeur rapide ou un s\u00e9cheur minutieux, ces essuie-mains en papier vous aideront \u00e0 relever tous les d\u00e9fis. <\/p>\n<p>+ Performance et efficacit\u00e9 garanties<\/p>\n<p>Nos essuie-mains en papier pli\u00e9s en V ne sont pas seulement performants, ils sont aussi \u00e9cologiques! Fabriqu\u00e9es \u00e0 partir de 100% de cellulose et dans un design ultra-blanc, elles allient parfaitement style et durabilit\u00e9.<\/p>\n<p>+ \u00c9cologiques et durables<\/p>\n<p>Ainsi, vous n&rsquo;avez plus \u00e0 vous soucier de polluer l&rsquo;environnement et pouvez vous essuyer les mains de mani\u00e8re durable en toute bonne conscience. <\/p>\n<p>+ Un choix responsable pour votre hygi\u00e8ne<\/p>\n<p>Dites adieu aux essuie-mains en papier traditionnels et s\u00e9chez vos mains avec nos essuie-mains en papier pli\u00e9s en V!<\/p>","protected":false},"excerpt":{"rendered":"<p>La puissance de la cellulose dans un design pli\u00e9 en V Si vous \u00eates \u00e0 la recherche de l&rsquo;essuie-mains en papier parfait, \u00e0 la fois fiable et \u00e9cologique, ne cherchez pas plus loin. Nos essuie-mains en papier pli\u00e9s en V sont la r\u00e9ponse \u00e0 tous vos besoins<\/p>","protected":false},"featured_media":32387,"comment_status":"open","ping_status":"closed","template":"","meta":[],"product_brand":[],"product_cat":[137],"product_tag":[],"class_list":{"0":"post-32365","1":"product","2":"type-product","3":"status-publish","4":"has-post-thumbnail","6":"product_cat-papier","8":"first","9":"instock","10":"shipping-taxable","11":"purchasable","12":"product-type-simple"},"_links":{"self":[{"href":"https:\/\/topprixsarl.ch\/en\/wp-json\/wp\/v2\/product\/32365","targetHints":{"allow":["GET"]}}],"collection":[{"href":"https:\/\/topprixsarl.ch\/en\/wp-json\/wp\/v2\/product"}],"about":[{"href":"https:\/\/topprixsarl.ch\/en\/wp-json\/wp\/v2\/types\/product"}],"replies":[{"embeddable":true,"href":"https:\/\/topprixsarl.ch\/en\/wp-json\/wp\/v2\/comments?post=32365"}],"version-history":[{"count":1,"href":"https:\/\/topprixsarl.ch\/en\/wp-json\/wp\/v2\/product\/32365\/revisions"}],"predecessor-version":[{"id":33194,"href":"https:\/\/topprixsarl.ch\/en\/wp-json\/wp\/v2\/product\/32365\/revisions\/33194"}],"wp:featuredmedia":[{"embeddable":true,"href":"https:\/\/topprixsarl.ch\/en\/wp-json\/wp\/v2\/media\/32387"}],"wp:attachment":[{"href":"https:\/\/topprixsarl.ch\/en\/wp-json\/wp\/v2\/media?parent=32365"}],"wp:term":[{"taxonomy":"product_brand","embeddable":true,"href":"https:\/\/topprixsarl.ch\/en\/wp-json\/wp\/v2\/product_brand?post=32365"},{"taxonomy":"product_cat","embeddable":true,"href":"https:\/\/topprixsarl.ch\/en\/wp-json\/wp\/v2\/product_cat?post=32365"},{"taxonomy":"product_tag","embeddable":true,"href":"https:\/\/topprixsarl.ch\/en\/wp-json\/wp\/v2\/product_tag?post=32365"}],"curies":[{"name":"wp","href":"https:\/\/api.w.org\/{rel}","templated":true}]}}