{"id":32362,"date":"2026-01-10T22:09:41","date_gmt":"2026-01-10T22:09:41","guid":{"rendered":"https:\/\/topprixsarl.ch\/product\/desinfectant-de-surface-hartmann-bacillol-30-sensitive-foam-5-litres\/"},"modified":"2026-01-14T14:18:55","modified_gmt":"2026-01-14T14:18:55","slug":"desinfectant-de-surface-hartmann-bacillol-30-sensitive-foam-5-litres","status":"publish","type":"product","link":"https:\/\/topprixsarl.ch\/en\/product-2\/desinfectant-de-surface-hartmann-bacillol-30-sensitive-foam-5-litres\/","title":{"rendered":"Hartmann Bacillol 30 Sensitive Foam surface disinfectant, 5 liters"},"content":{"rendered":"<p>Le Hartmann Bacillol 30 Sensitive Foam assure une d\u00e9sinfection efficace et douce des surfaces sensibles. <\/p>\n<p>+ Formule sans alcool agissant rapidement contre les bact\u00e9ries, les champignons et les virus. <\/p>\n<p>+ Ne laisse pas de traces ni d\u2019odeur d\u00e9sagr\u00e9able. <\/p>\n<p>+ Texture moussante pr\u00eate \u00e0 l\u2019emploi, s\u2019applique uniform\u00e9ment sans coulure. <\/p>\n<p>+ Id\u00e9al pour les environnements m\u00e9dicaux, les bureaux ou les appareils d\u00e9licats. <\/p>\n<p>D\u00e9sinfectez en douceur et en toute s\u00e9curit\u00e9 \u2013 avec Bacillol 30 Sensitive Foam ! <\/p>\n<p>*Produit biocide. Les produits biocides doivent \u00eatre utilis\u00e9s avec pr\u00e9caution. Veuillez lire l\u2019\u00e9tiquette et la notice d\u2019emballage avant toute utilisation. <\/p>\n<p>*Produit dangereux. Respecter les pr\u00e9cautions d\u2019emploi indiqu\u00e9es sur la fiche de donn\u00e9es de s\u00e9curit\u00e9.<\/p>","protected":false},"excerpt":{"rendered":"<p>Le Hartmann Bacillol 30 Sensitive Foam assure une d\u00e9sinfection efficace et douce des surfaces sensibles. Sa formule sans alcool agit rapidement contre les bact\u00e9ries, les champignons et les virus, sans laisser de traces ni d\u2019odeur d\u00e9sagr\u00e9able.Gr\u00e2ce \u00e0 <\/p>","protected":false},"featured_media":32386,"comment_status":"open","ping_status":"closed","template":"","meta":[],"product_brand":[],"product_cat":[143],"product_tag":[],"class_list":{"0":"post-32362","1":"product","2":"type-product","3":"status-publish","4":"has-post-thumbnail","6":"product_cat-nettoyage","8":"first","9":"instock","10":"shipping-taxable","11":"purchasable","12":"product-type-simple"},"_links":{"self":[{"href":"https:\/\/topprixsarl.ch\/en\/wp-json\/wp\/v2\/product\/32362","targetHints":{"allow":["GET"]}}],"collection":[{"href":"https:\/\/topprixsarl.ch\/en\/wp-json\/wp\/v2\/product"}],"about":[{"href":"https:\/\/topprixsarl.ch\/en\/wp-json\/wp\/v2\/types\/product"}],"replies":[{"embeddable":true,"href":"https:\/\/topprixsarl.ch\/en\/wp-json\/wp\/v2\/comments?post=32362"}],"version-history":[{"count":1,"href":"https:\/\/topprixsarl.ch\/en\/wp-json\/wp\/v2\/product\/32362\/revisions"}],"predecessor-version":[{"id":33191,"href":"https:\/\/topprixsarl.ch\/en\/wp-json\/wp\/v2\/product\/32362\/revisions\/33191"}],"wp:featuredmedia":[{"embeddable":true,"href":"https:\/\/topprixsarl.ch\/en\/wp-json\/wp\/v2\/media\/32386"}],"wp:attachment":[{"href":"https:\/\/topprixsarl.ch\/en\/wp-json\/wp\/v2\/media?parent=32362"}],"wp:term":[{"taxonomy":"product_brand","embeddable":true,"href":"https:\/\/topprixsarl.ch\/en\/wp-json\/wp\/v2\/product_brand?post=32362"},{"taxonomy":"product_cat","embeddable":true,"href":"https:\/\/topprixsarl.ch\/en\/wp-json\/wp\/v2\/product_cat?post=32362"},{"taxonomy":"product_tag","embeddable":true,"href":"https:\/\/topprixsarl.ch\/en\/wp-json\/wp\/v2\/product_tag?post=32362"}],"curies":[{"name":"wp","href":"https:\/\/api.w.org\/{rel}","templated":true}]}}