{"id":32359,"date":"2026-01-10T22:09:40","date_gmt":"2026-01-10T22:09:40","guid":{"rendered":"https:\/\/topprixsarl.ch\/product\/manche-en-alu-intense-numatic-121094-140cm-diametre-23mm\/"},"modified":"2026-01-14T14:18:55","modified_gmt":"2026-01-14T14:18:55","slug":"manche-en-alu-intense-numatic-121094-140cm-diametre-23mm","status":"publish","type":"product","link":"https:\/\/topprixsarl.ch\/en\/product-2\/manche-en-alu-intense-numatic-121094-140cm-diametre-23mm\/","title":{"rendered":"Intense aluminium handle, Numatic 121094, 140cm, diameter 23mm"},"content":{"rendered":"<p>En carton 280 g\/m\u00b2. <\/p>\n<p>+ Avec 3 rabats, rainur\u00e9s. <\/p>\n<p>+ Capacit\u00e9 : 200 feuilles. <\/p>\n<p>+ Format : 23,5 x 31,5 cm. <\/p>\n<p>+ Emballage de 50 pi\u00e8ces. <\/p>\n<p>+ Prix par emballage. <\/p>\n<p>*Notes de bas de page.<\/p>","protected":false},"excerpt":{"rendered":"<p>En carton 280 g\/m2. Avec 3 rabats, rainur\u00e9s. Capacit\u00e9: 200 feuilles. Format: 23,5&#215;31,5 cm. Emballage de 50 pi\u00e8ces. Prix par emballage.<\/p>","protected":false},"featured_media":32384,"comment_status":"open","ping_status":"closed","template":"","meta":[],"product_brand":[],"product_cat":[137],"product_tag":[],"class_list":{"0":"post-32359","1":"product","2":"type-product","3":"status-publish","4":"has-post-thumbnail","6":"product_cat-papier","8":"first","9":"instock","10":"shipping-taxable","11":"purchasable","12":"product-type-simple"},"_links":{"self":[{"href":"https:\/\/topprixsarl.ch\/en\/wp-json\/wp\/v2\/product\/32359","targetHints":{"allow":["GET"]}}],"collection":[{"href":"https:\/\/topprixsarl.ch\/en\/wp-json\/wp\/v2\/product"}],"about":[{"href":"https:\/\/topprixsarl.ch\/en\/wp-json\/wp\/v2\/types\/product"}],"replies":[{"embeddable":true,"href":"https:\/\/topprixsarl.ch\/en\/wp-json\/wp\/v2\/comments?post=32359"}],"version-history":[{"count":1,"href":"https:\/\/topprixsarl.ch\/en\/wp-json\/wp\/v2\/product\/32359\/revisions"}],"predecessor-version":[{"id":33188,"href":"https:\/\/topprixsarl.ch\/en\/wp-json\/wp\/v2\/product\/32359\/revisions\/33188"}],"wp:featuredmedia":[{"embeddable":true,"href":"https:\/\/topprixsarl.ch\/en\/wp-json\/wp\/v2\/media\/32384"}],"wp:attachment":[{"href":"https:\/\/topprixsarl.ch\/en\/wp-json\/wp\/v2\/media?parent=32359"}],"wp:term":[{"taxonomy":"product_brand","embeddable":true,"href":"https:\/\/topprixsarl.ch\/en\/wp-json\/wp\/v2\/product_brand?post=32359"},{"taxonomy":"product_cat","embeddable":true,"href":"https:\/\/topprixsarl.ch\/en\/wp-json\/wp\/v2\/product_cat?post=32359"},{"taxonomy":"product_tag","embeddable":true,"href":"https:\/\/topprixsarl.ch\/en\/wp-json\/wp\/v2\/product_tag?post=32359"}],"curies":[{"name":"wp","href":"https:\/\/api.w.org\/{rel}","templated":true}]}}