{"id":32354,"date":"2026-01-10T22:09:39","date_gmt":"2026-01-10T22:09:39","guid":{"rendered":"https:\/\/topprixsarl.ch\/product\/lingettes-desinfectantes-hartmann-bacillol-30-sensitive-paquet-120-pcs-17x20cm\/"},"modified":"2026-01-14T14:18:55","modified_gmt":"2026-01-14T14:18:55","slug":"lingettes-desinfectantes-hartmann-bacillol-30-sensitive-paquet-120-pcs-17x20cm","status":"publish","type":"product","link":"https:\/\/topprixsarl.ch\/en\/product-2\/lingettes-desinfectantes-hartmann-bacillol-30-sensitive-paquet-120-pcs-17x20cm\/","title":{"rendered":"Hartmann Bacillol 30 Sensitive disinfectant wipes, 120 pcs pack, 17x20cm"},"content":{"rendered":"<p>Les lingettes nettoyantes, lingettes de nettoyage des surfaces et lingettes d\u00e9sinfectantes Bacillol 30 Sensitive de Hartmann sont sp\u00e9cialement con\u00e7ues pour la d\u00e9sinfection rapide, efficace et douce des surfaces sensibles.<\/p>\n<p>+ Formule \u00e0 faible teneur en alcool pour une excellente tol\u00e9rance<\/p>\n<p>+ Conviennent parfaitement aux surfaces en plastique telles que les \u00e9crans, les affichages et les appareils m\u00e9dicaux<\/p>\n<p>+ Pr\u00eates \u00e0 l&#8217;emploi, offrant une solution hygi\u00e9nique pour les besoins de nettoyage exigeants<\/p>\n<p>Les lingettes nettoyantes innovantes Bacillol 30 Sensitive sont \u00e9galement disponibles dans une version \u00e9cologique avec des lingettes 100 % sans plastique, appel\u00e9es Green Tissues.<\/p>\n<p>+ Principes actifs : \u00e9thanol, propane-2-ol et propane-1-ol<\/p>\n<p>+ Protection fiable contre les germes, r\u00e9pondant aux normes d&rsquo;hygi\u00e8ne les plus strictes dans les domaines m\u00e9dicaux et commerciaux<\/p>\n<p>Am\u00e9liorez votre efficacit\u00e9 en mati\u00e8re d&rsquo;hygi\u00e8ne avec les lingettes d\u00e9sinfectantes Hartmann Bacillol 30 Sensitive \u2013 commandez d\u00e8s maintenant !<\/p>\n<p>Produit dangereux. Respecter les pr\u00e9cautions d\u2019emploi indiqu\u00e9es sur la fiche de donn\u00e9es de s\u00e9curit\u00e9.*<\/p>","protected":false},"excerpt":{"rendered":"<p>Les lingettes nettoyantes, lingettes de nettoyage des surfaces et lingettes d\u00e9sinfectantes Bacillol 30 Sensitive de Hartmann sont sp\u00e9cialement con\u00e7ues pour la d\u00e9sinfection rapide, efficace et douce des surfaces sensibles. Gr\u00e2ce \u00e0 leur formule \u00e0 faibl<\/p>","protected":false},"featured_media":32381,"comment_status":"open","ping_status":"closed","template":"","meta":[],"product_brand":[],"product_cat":[143],"product_tag":[],"class_list":{"0":"post-32354","1":"product","2":"type-product","3":"status-publish","4":"has-post-thumbnail","6":"product_cat-nettoyage","8":"first","9":"instock","10":"shipping-taxable","11":"purchasable","12":"product-type-simple"},"_links":{"self":[{"href":"https:\/\/topprixsarl.ch\/en\/wp-json\/wp\/v2\/product\/32354","targetHints":{"allow":["GET"]}}],"collection":[{"href":"https:\/\/topprixsarl.ch\/en\/wp-json\/wp\/v2\/product"}],"about":[{"href":"https:\/\/topprixsarl.ch\/en\/wp-json\/wp\/v2\/types\/product"}],"replies":[{"embeddable":true,"href":"https:\/\/topprixsarl.ch\/en\/wp-json\/wp\/v2\/comments?post=32354"}],"version-history":[{"count":1,"href":"https:\/\/topprixsarl.ch\/en\/wp-json\/wp\/v2\/product\/32354\/revisions"}],"predecessor-version":[{"id":33183,"href":"https:\/\/topprixsarl.ch\/en\/wp-json\/wp\/v2\/product\/32354\/revisions\/33183"}],"wp:featuredmedia":[{"embeddable":true,"href":"https:\/\/topprixsarl.ch\/en\/wp-json\/wp\/v2\/media\/32381"}],"wp:attachment":[{"href":"https:\/\/topprixsarl.ch\/en\/wp-json\/wp\/v2\/media?parent=32354"}],"wp:term":[{"taxonomy":"product_brand","embeddable":true,"href":"https:\/\/topprixsarl.ch\/en\/wp-json\/wp\/v2\/product_brand?post=32354"},{"taxonomy":"product_cat","embeddable":true,"href":"https:\/\/topprixsarl.ch\/en\/wp-json\/wp\/v2\/product_cat?post=32354"},{"taxonomy":"product_tag","embeddable":true,"href":"https:\/\/topprixsarl.ch\/en\/wp-json\/wp\/v2\/product_tag?post=32354"}],"curies":[{"name":"wp","href":"https:\/\/api.w.org\/{rel}","templated":true}]}}