{"id":32347,"date":"2026-01-10T22:09:37","date_gmt":"2026-01-10T22:09:37","guid":{"rendered":"https:\/\/topprixsarl.ch\/product\/distributeur-dessuie-mains-plies-lucart-892509-econatural-flow-noir\/"},"modified":"2026-01-14T14:18:56","modified_gmt":"2026-01-14T14:18:56","slug":"distributeur-dessuie-mains-plies-lucart-892509-econatural-flow-noir","status":"publish","type":"product","link":"https:\/\/topprixsarl.ch\/en\/product-2\/distributeur-dessuie-mains-plies-lucart-892509-econatural-flow-noir\/","title":{"rendered":"Folded towel dispenser, Lucart 892509, EcoNatural Flow, black"},"content":{"rendered":"<p>**Description du produit :**<\/p>\n<p>Design noble, esth\u00e9tique et moderne.<\/p>\n<p>+ Niveau de remplissage visible<br \/>\n+ Enti\u00e8rement recyclable et certifi\u00e9  <\/p>\n<p>**Dimensions du distributeur :**<br \/>\n320 x 155 x 404 mm  <\/p>\n<p>**Accessoires compatibles :**<br \/>\n+ 11159582 Serviettes pli\u00e9es Lucart Econatural, pli\u00e9es en V, 2 plis, paquet de 20 x 190 pi\u00e8ces<br \/>\n+ 11159695 Serviettes pli\u00e9es Lucart Econatural, pliage en Z, 2 plis, paquet de 15 x 200 pi\u00e8ces  <\/p>\n<p>*Notes de bas de page :*<br \/>\n*1. Informations suppl\u00e9mentaires sur les accessoires disponibles.*<br \/>\n*2. D\u00e9tails sur la certification et le recyclage.*<\/p>","protected":false},"excerpt":{"rendered":"<p>Design noble, esth\u00e9tique et moderneNiveau de remplissage visibleEnti\u00e8rement recyclable et certifi\u00e9Dimensions du distributeur (mm) 320x155x404.Accessoires compatibles :11159582 Serviettes pli\u00e9es Lucart Econatural, pli\u00e9es en V, 2 plis, paquet de 20 x 1<\/p>","protected":false},"featured_media":32376,"comment_status":"open","ping_status":"closed","template":"","meta":[],"product_brand":[],"product_cat":[137],"product_tag":[],"class_list":{"0":"post-32347","1":"product","2":"type-product","3":"status-publish","4":"has-post-thumbnail","6":"product_cat-papier","8":"first","9":"instock","10":"shipping-taxable","11":"purchasable","12":"product-type-simple"},"_links":{"self":[{"href":"https:\/\/topprixsarl.ch\/en\/wp-json\/wp\/v2\/product\/32347","targetHints":{"allow":["GET"]}}],"collection":[{"href":"https:\/\/topprixsarl.ch\/en\/wp-json\/wp\/v2\/product"}],"about":[{"href":"https:\/\/topprixsarl.ch\/en\/wp-json\/wp\/v2\/types\/product"}],"replies":[{"embeddable":true,"href":"https:\/\/topprixsarl.ch\/en\/wp-json\/wp\/v2\/comments?post=32347"}],"version-history":[{"count":1,"href":"https:\/\/topprixsarl.ch\/en\/wp-json\/wp\/v2\/product\/32347\/revisions"}],"predecessor-version":[{"id":33171,"href":"https:\/\/topprixsarl.ch\/en\/wp-json\/wp\/v2\/product\/32347\/revisions\/33171"}],"wp:featuredmedia":[{"embeddable":true,"href":"https:\/\/topprixsarl.ch\/en\/wp-json\/wp\/v2\/media\/32376"}],"wp:attachment":[{"href":"https:\/\/topprixsarl.ch\/en\/wp-json\/wp\/v2\/media?parent=32347"}],"wp:term":[{"taxonomy":"product_brand","embeddable":true,"href":"https:\/\/topprixsarl.ch\/en\/wp-json\/wp\/v2\/product_brand?post=32347"},{"taxonomy":"product_cat","embeddable":true,"href":"https:\/\/topprixsarl.ch\/en\/wp-json\/wp\/v2\/product_cat?post=32347"},{"taxonomy":"product_tag","embeddable":true,"href":"https:\/\/topprixsarl.ch\/en\/wp-json\/wp\/v2\/product_tag?post=32347"}],"curies":[{"name":"wp","href":"https:\/\/api.w.org\/{rel}","templated":true}]}}