{"id":32339,"date":"2026-01-10T22:09:35","date_gmt":"2026-01-10T22:09:35","guid":{"rendered":"https:\/\/topprixsarl.ch\/product\/crayon-graphite-hb-bic-evolution-pastels-boite-de-12\/"},"modified":"2026-01-14T14:18:57","modified_gmt":"2026-01-14T14:18:57","slug":"crayon-graphite-hb-bic-evolution-pastels-boite-de-12","status":"publish","type":"product","link":"https:\/\/topprixsarl.ch\/en\/product-2\/crayon-graphite-hb-bic-evolution-pastels-boite-de-12\/","title":{"rendered":"HB BIC Evolution graphite pencil - pastels - box of 12"},"content":{"rendered":"<p>**Crayon BiC Evolution**<\/p>\n<p>D\u00e9couvrez le crayon Evolution, un crayon hexagonal en r\u00e9sine synth\u00e9tique innovante, r\u00e9put\u00e9 non seulement pour sa grande qualit\u00e9, mais aussi pour sa durabilit\u00e9. <\/p>\n<p>+ **Fabriqu\u00e9 \u00e0 partir de 60 % de mat\u00e9riaux recycl\u00e9s** : ce crayon \u00e9tablit de nouvelles normes en mati\u00e8re de protection de l&rsquo;environnement et de durabilit\u00e9. <\/p>\n<p>+ **Mine r\u00e9sistante et robuste** : garantit une exp\u00e9rience d&rsquo;\u00e9criture agr\u00e9able et sans casse, m\u00eame en cas d&rsquo;utilisation intensive. <\/p>\n<p>Le crayon d&rsquo;\u00e9colier est id\u00e9al pour une utilisation quotidienne dans les bureaux, les \u00e9coles et les environnements cr\u00e9atifs. <\/p>\n<p>+ **Construction \u00e0 base de r\u00e9sine** : il n&rsquo;y a pas de risque d&rsquo;\u00e9chardes en cas de rupture violente, et les \u00e9clats de vernis lors de la mastication appartiennent au pass\u00e9. <\/p>\n<p>+ **Facile \u00e0 tailler** : il est compatible avec un taille-crayon standard, ce qui le rend encore plus facile \u00e0 utiliser. <\/p>\n<p>L&rsquo;assortiment de couleurs dans les tons pastels jaune, rose, violet et vert met de la couleur dans votre travail quotidien.<\/p>\n<p>Constatez par vous-m\u00eame les avantages du crayon BiC Evolution et assurez la durabilit\u00e9 et la qualit\u00e9 dans votre entreprise.<\/p>","protected":false},"excerpt":{"rendered":"<p>Crayon BiC Evolution : d\u00e9couvrez le crayon Evolution, un crayon hexagonal en r\u00e9sine synth\u00e9tique innovante, r\u00e9put\u00e9 non seulement pour sa grande qualit\u00e9, mais aussi pour sa durabilit\u00e9. Fabriqu\u00e9 \u00e0 partir de 60 % de mat\u00e9riaux recycl\u00e9s, ce crayon \u00e9tablit <\/p>","protected":false},"featured_media":32368,"comment_status":"open","ping_status":"closed","template":"","meta":[],"product_brand":[],"product_cat":[137],"product_tag":[],"class_list":{"0":"post-32339","1":"product","2":"type-product","3":"status-publish","4":"has-post-thumbnail","6":"product_cat-papier","8":"first","9":"instock","10":"shipping-taxable","11":"purchasable","12":"product-type-simple"},"_links":{"self":[{"href":"https:\/\/topprixsarl.ch\/en\/wp-json\/wp\/v2\/product\/32339","targetHints":{"allow":["GET"]}}],"collection":[{"href":"https:\/\/topprixsarl.ch\/en\/wp-json\/wp\/v2\/product"}],"about":[{"href":"https:\/\/topprixsarl.ch\/en\/wp-json\/wp\/v2\/types\/product"}],"replies":[{"embeddable":true,"href":"https:\/\/topprixsarl.ch\/en\/wp-json\/wp\/v2\/comments?post=32339"}],"version-history":[{"count":1,"href":"https:\/\/topprixsarl.ch\/en\/wp-json\/wp\/v2\/product\/32339\/revisions"}],"predecessor-version":[{"id":33161,"href":"https:\/\/topprixsarl.ch\/en\/wp-json\/wp\/v2\/product\/32339\/revisions\/33161"}],"wp:featuredmedia":[{"embeddable":true,"href":"https:\/\/topprixsarl.ch\/en\/wp-json\/wp\/v2\/media\/32368"}],"wp:attachment":[{"href":"https:\/\/topprixsarl.ch\/en\/wp-json\/wp\/v2\/media?parent=32339"}],"wp:term":[{"taxonomy":"product_brand","embeddable":true,"href":"https:\/\/topprixsarl.ch\/en\/wp-json\/wp\/v2\/product_brand?post=32339"},{"taxonomy":"product_cat","embeddable":true,"href":"https:\/\/topprixsarl.ch\/en\/wp-json\/wp\/v2\/product_cat?post=32339"},{"taxonomy":"product_tag","embeddable":true,"href":"https:\/\/topprixsarl.ch\/en\/wp-json\/wp\/v2\/product_tag?post=32339"}],"curies":[{"name":"wp","href":"https:\/\/api.w.org\/{rel}","templated":true}]}}