{"id":31523,"date":"2026-01-09T17:35:50","date_gmt":"2026-01-09T17:35:50","guid":{"rendered":"https:\/\/topprixsarl.ch\/product\/liquide-vaisselle-dr-schnell-perojet-smart-eco-12kg\/"},"modified":"2026-01-14T14:18:58","modified_gmt":"2026-01-14T14:18:58","slug":"liquide-vaisselle-dr-schnell-perojet-smart-eco-12kg","status":"publish","type":"product","link":"https:\/\/topprixsarl.ch\/en\/product-2\/liquide-vaisselle-dr-schnell-perojet-smart-eco-12kg\/","title":{"rendered":"Liquide vaisselle Dr. Schnell Perojet smart Eco, 12kg"},"content":{"rendered":"<p>Le nettoyant vaisselle Dr. Schnell Perojet smart Eco offre un pouvoir nettoyant exceptionnel et r\u00e9pond \u00e0 vos besoins de nettoyage. <\/p>\n<p>+ Formule hautement concentr\u00e9e pour \u00e9liminer sans effort les salissures les plus tenaces comme l&rsquo;amidon, le br\u00fbl\u00e9 et les taches de th\u00e9 et de caf\u00e9, quelle que soit la duret\u00e9 de l&rsquo;eau. <\/p>\n<p>+ Composition liquide, incolore et inodore, en fait un outil indispensable dans votre cuisine. <\/p>\n<p>+ pH de 14 pour un excellent nettoyage en profondeur tout en \u00e9tant exempt de chlore. <\/p>\n<p>+ Efficacit\u00e9 exceptionnelle, notamment pour \u00e9liminer les taches br\u00fbl\u00e9es, tout en conservant une faible odeur. <\/p>\n<p>Donnez \u00e0 votre vaisselle le soin qu&rsquo;elle m\u00e9rite avec le nettoyant vaisselle Dr. Schnell Projet smart Eco. <\/p>\n<p>Produit dangereux. Respecter les pr\u00e9cautions d\u2019emploi indiqu\u00e9es sur la fiche de donn\u00e9es de s\u00e9curit\u00e9.*<\/p>","protected":false},"excerpt":{"rendered":"<p>Le nettoyant vaisselle Dr. Schnell Perojet smart Eco offre un pouvoir nettoyant exceptionnel et r\u00e9pond \u00e0 vos besoins de nettoyage. Avec sa formule hautement concentr\u00e9e, il est sp\u00e9cialement con\u00e7u pour \u00e9liminer sans effort les salissures les plus tenac<\/p>","protected":false},"featured_media":31522,"comment_status":"open","ping_status":"closed","template":"","meta":[],"product_brand":[],"product_cat":[143],"product_tag":[],"class_list":{"0":"post-31523","1":"product","2":"type-product","3":"status-publish","4":"has-post-thumbnail","6":"product_cat-nettoyage","8":"first","9":"instock","10":"shipping-taxable","11":"purchasable","12":"product-type-simple"},"_links":{"self":[{"href":"https:\/\/topprixsarl.ch\/en\/wp-json\/wp\/v2\/product\/31523","targetHints":{"allow":["GET"]}}],"collection":[{"href":"https:\/\/topprixsarl.ch\/en\/wp-json\/wp\/v2\/product"}],"about":[{"href":"https:\/\/topprixsarl.ch\/en\/wp-json\/wp\/v2\/types\/product"}],"replies":[{"embeddable":true,"href":"https:\/\/topprixsarl.ch\/en\/wp-json\/wp\/v2\/comments?post=31523"}],"version-history":[{"count":2,"href":"https:\/\/topprixsarl.ch\/en\/wp-json\/wp\/v2\/product\/31523\/revisions"}],"predecessor-version":[{"id":33155,"href":"https:\/\/topprixsarl.ch\/en\/wp-json\/wp\/v2\/product\/31523\/revisions\/33155"}],"wp:featuredmedia":[{"embeddable":true,"href":"https:\/\/topprixsarl.ch\/en\/wp-json\/wp\/v2\/media\/31522"}],"wp:attachment":[{"href":"https:\/\/topprixsarl.ch\/en\/wp-json\/wp\/v2\/media?parent=31523"}],"wp:term":[{"taxonomy":"product_brand","embeddable":true,"href":"https:\/\/topprixsarl.ch\/en\/wp-json\/wp\/v2\/product_brand?post=31523"},{"taxonomy":"product_cat","embeddable":true,"href":"https:\/\/topprixsarl.ch\/en\/wp-json\/wp\/v2\/product_cat?post=31523"},{"taxonomy":"product_tag","embeddable":true,"href":"https:\/\/topprixsarl.ch\/en\/wp-json\/wp\/v2\/product_tag?post=31523"}],"curies":[{"name":"wp","href":"https:\/\/api.w.org\/{rel}","templated":true}]}}