{"id":31519,"date":"2026-01-09T17:35:19","date_gmt":"2026-01-09T17:35:19","guid":{"rendered":"https:\/\/topprixsarl.ch\/product\/nettoyant-sanitaire-et-detartrant-dr-schnell-milizid-eco-1-litre\/"},"modified":"2026-01-14T14:18:58","modified_gmt":"2026-01-14T14:18:58","slug":"nettoyant-sanitaire-et-detartrant-dr-schnell-milizid-eco-1-litre","status":"publish","type":"product","link":"https:\/\/topprixsarl.ch\/en\/product-2\/nettoyant-sanitaire-et-detartrant-dr-schnell-milizid-eco-1-litre\/","title":{"rendered":"Nettoyant sanitaire et d\u00e9tartrant Dr. Schnell Milizid Eco, 1 litre"},"content":{"rendered":"<p>Le nettoyant sanitaire et d\u00e9tartrant \u00e9cologique Dr. Schnell Milizid Eco est parfaitement adapt\u00e9 \u00e0 votre nettoyage. <\/p>\n<p>Il a \u00e9t\u00e9 sp\u00e9cialement con\u00e7u pour les surfaces lavables r\u00e9sistantes aux acides ainsi que pour l&rsquo;inventaire dans les sanitaires et les salles d&rsquo;eau. <\/p>\n<p>Avec sa consistance liquide, sa teinte rose caract\u00e9ristique et son pH de 0,3, ce produit hautement concentr\u00e9 offre une solution de nettoyage efficace. <\/p>\n<p>+ Polyvalent : il permet un nettoyage en profondeur gr\u00e2ce \u00e0 diff\u00e9rentes m\u00e9thodes, y compris le nettoyage doux \u00e0 la mousse. <\/p>\n<p>+ Efficacit\u00e9 : gr\u00e2ce \u00e0 sa formule puissante, Milizid Eco \u00e9limine \u00e0 la fois les salissures min\u00e9rales et organiques, sans avoir recours \u00e0 des moyens m\u00e9caniques. <\/p>\n<p>+ Protection : il prot\u00e8ge les surfaces sensibles telles que le chrome, les plastiques et les carreaux r\u00e9sistants aux acides ainsi que l&rsquo;\u00e9mail dans des conditions d&rsquo;utilisation normales. <\/p>\n<p>Donnez \u00e0 vos sanitaires et salles d&rsquo;eau une propret\u00e9 impeccable avec ce nettoyant \u00e9cologique ! <\/p>\n<p>12 bouteilles \/ carton<br \/>\n40 cartons \/ palette (=480 bouteilles \/ palette)  <\/p>\n<p>Produit dangereux. Respecter les pr\u00e9cautions d\u2019emploi indiqu\u00e9es sur la fiche de donn\u00e9es de s\u00e9curit\u00e9.*<\/p>","protected":false},"excerpt":{"rendered":"<p>Le nettoyant sanitaire et d\u00e9tartrant \u00e9cologique Dr. Schnell Milizid Eco est parfaitement adapt\u00e9 \u00e0 votre nettoyage. Il a \u00e9t\u00e9 sp\u00e9cialement con\u00e7u pour les surfaces lavables r\u00e9sistantes aux acides ainsi que pour l&rsquo;inventaire dans les sanitaires et les sa<\/p>","protected":false},"featured_media":31518,"comment_status":"open","ping_status":"closed","template":"","meta":[],"product_brand":[],"product_cat":[143],"product_tag":[],"class_list":{"0":"post-31519","1":"product","2":"type-product","3":"status-publish","4":"has-post-thumbnail","6":"product_cat-nettoyage","8":"first","9":"instock","10":"shipping-taxable","11":"purchasable","12":"product-type-simple"},"_links":{"self":[{"href":"https:\/\/topprixsarl.ch\/en\/wp-json\/wp\/v2\/product\/31519","targetHints":{"allow":["GET"]}}],"collection":[{"href":"https:\/\/topprixsarl.ch\/en\/wp-json\/wp\/v2\/product"}],"about":[{"href":"https:\/\/topprixsarl.ch\/en\/wp-json\/wp\/v2\/types\/product"}],"replies":[{"embeddable":true,"href":"https:\/\/topprixsarl.ch\/en\/wp-json\/wp\/v2\/comments?post=31519"}],"version-history":[{"count":2,"href":"https:\/\/topprixsarl.ch\/en\/wp-json\/wp\/v2\/product\/31519\/revisions"}],"predecessor-version":[{"id":33153,"href":"https:\/\/topprixsarl.ch\/en\/wp-json\/wp\/v2\/product\/31519\/revisions\/33153"}],"wp:featuredmedia":[{"embeddable":true,"href":"https:\/\/topprixsarl.ch\/en\/wp-json\/wp\/v2\/media\/31518"}],"wp:attachment":[{"href":"https:\/\/topprixsarl.ch\/en\/wp-json\/wp\/v2\/media?parent=31519"}],"wp:term":[{"taxonomy":"product_brand","embeddable":true,"href":"https:\/\/topprixsarl.ch\/en\/wp-json\/wp\/v2\/product_brand?post=31519"},{"taxonomy":"product_cat","embeddable":true,"href":"https:\/\/topprixsarl.ch\/en\/wp-json\/wp\/v2\/product_cat?post=31519"},{"taxonomy":"product_tag","embeddable":true,"href":"https:\/\/topprixsarl.ch\/en\/wp-json\/wp\/v2\/product_tag?post=31519"}],"curies":[{"name":"wp","href":"https:\/\/api.w.org\/{rel}","templated":true}]}}