{"id":31513,"date":"2026-01-09T17:34:28","date_gmt":"2026-01-09T17:34:28","guid":{"rendered":"https:\/\/topprixsarl.ch\/product\/aspirateur-eau-et-poussiere-sprintus-waterking-30-litres-1300w-7-8kg\/"},"modified":"2026-01-14T14:18:58","modified_gmt":"2026-01-14T14:18:58","slug":"aspirateur-eau-et-poussiere-sprintus-waterking-30-litres-1300w-7-8kg","status":"publish","type":"product","link":"https:\/\/topprixsarl.ch\/en\/product-2\/aspirateur-eau-et-poussiere-sprintus-waterking-30-litres-1300w-7-8kg\/","title":{"rendered":"SPRINTUS WATERKING wet\/dry vacuum cleaner, 30 liters, 1300W, 7.8kg"},"content":{"rendered":"<p>L&rsquo;aspirateur SPRiNTUS WATERKING eau et poussi\u00e8re est parfaitement adapt\u00e9 pour les nettoyages en profondeur, gr\u00e2ce \u00e0 son r\u00e9servoir de 30 litres et sa puissante capacit\u00e9 d&rsquo;aspiration de 260 mbar avec un d\u00e9bit d&rsquo;air de 70 L\/sec. <\/p>\n<p>Cette performance exceptionnelle permet non seulement de nettoyer efficacement de grandes surfaces, mais aussi d&rsquo;\u00e9liminer rapidement l&rsquo;eau et la salet\u00e9. <\/p>\n<p>Cet aspirateur se distingue par son excellente capacit\u00e9 d&rsquo;absorption de l&rsquo;eau et des d\u00e9bris, et assure une s\u00e9curit\u00e9 op\u00e9rationnelle accrue gr\u00e2ce \u00e0 la s\u00e9paration rigoureuse de l&rsquo;air de refroidissement et de l&rsquo;air de processus, ainsi qu&rsquo;un arr\u00eat automatique fiable en cas de formation de mousse. <\/p>\n<p>Son ch\u00e2ssis robuste \u00e9quip\u00e9 de roulettes de 50 mm et de grandes roues fixes garantit une excellente mobilit\u00e9 et stabilit\u00e9, m\u00eame sur des sols irr\u00e9guliers. <\/p>\n<p>Exp\u00e9rimentez le nettoyage puissant et efficace avec l&rsquo;aspirateur eau et poussi\u00e8re SPRiNTUS WATERKING \u2013 id\u00e9al pour toutes vos t\u00e2ches de nettoyage. <\/p>\n<p>+ R\u00e9servoir de 30 litres<br \/>\n+ Capacit\u00e9 d&rsquo;aspiration de 260 mbar<br \/>\n+ D\u00e9bit d&rsquo;air de 70 L\/sec<br \/>\n+ Excellente capacit\u00e9 d&rsquo;absorption de l&rsquo;eau et des d\u00e9bris<br \/>\n+ S\u00e9paration rigoureuse de l&rsquo;air de refroidissement et de l&rsquo;air de processus<br \/>\n+ Arr\u00eat automatique en cas de formation de mousse<br \/>\n+ Ch\u00e2ssis robuste avec roulettes de 50 mm<br \/>\n+ Grandes roues fixes pour une mobilit\u00e9 optimale  <\/p>\n<p>> Garantie 1 an*<\/p>","protected":false},"excerpt":{"rendered":"<p>L&rsquo;aspirateur SPRiNTUS WATERKING eau et poussi\u00e8re est parfaitement adapt\u00e9 pour les nettoyages en profondeur, gr\u00e2ce \u00e0 son r\u00e9servoir de 30 litres et sa puissante capacit\u00e9 d&rsquo;aspiration de 260 mbar avec un d\u00e9bit d&rsquo;air de 70 L\/sec. Cette performance except<\/p>","protected":false},"featured_media":31512,"comment_status":"open","ping_status":"closed","template":"","meta":[],"product_brand":[],"product_cat":[143],"product_tag":[],"class_list":{"0":"post-31513","1":"product","2":"type-product","3":"status-publish","4":"has-post-thumbnail","6":"product_cat-nettoyage","8":"first","9":"instock","10":"shipping-taxable","11":"purchasable","12":"product-type-simple"},"_links":{"self":[{"href":"https:\/\/topprixsarl.ch\/en\/wp-json\/wp\/v2\/product\/31513","targetHints":{"allow":["GET"]}}],"collection":[{"href":"https:\/\/topprixsarl.ch\/en\/wp-json\/wp\/v2\/product"}],"about":[{"href":"https:\/\/topprixsarl.ch\/en\/wp-json\/wp\/v2\/types\/product"}],"replies":[{"embeddable":true,"href":"https:\/\/topprixsarl.ch\/en\/wp-json\/wp\/v2\/comments?post=31513"}],"version-history":[{"count":2,"href":"https:\/\/topprixsarl.ch\/en\/wp-json\/wp\/v2\/product\/31513\/revisions"}],"predecessor-version":[{"id":33148,"href":"https:\/\/topprixsarl.ch\/en\/wp-json\/wp\/v2\/product\/31513\/revisions\/33148"}],"wp:featuredmedia":[{"embeddable":true,"href":"https:\/\/topprixsarl.ch\/en\/wp-json\/wp\/v2\/media\/31512"}],"wp:attachment":[{"href":"https:\/\/topprixsarl.ch\/en\/wp-json\/wp\/v2\/media?parent=31513"}],"wp:term":[{"taxonomy":"product_brand","embeddable":true,"href":"https:\/\/topprixsarl.ch\/en\/wp-json\/wp\/v2\/product_brand?post=31513"},{"taxonomy":"product_cat","embeddable":true,"href":"https:\/\/topprixsarl.ch\/en\/wp-json\/wp\/v2\/product_cat?post=31513"},{"taxonomy":"product_tag","embeddable":true,"href":"https:\/\/topprixsarl.ch\/en\/wp-json\/wp\/v2\/product_tag?post=31513"}],"curies":[{"name":"wp","href":"https:\/\/api.w.org\/{rel}","templated":true}]}}