{"id":31505,"date":"2026-01-09T17:33:13","date_gmt":"2026-01-09T17:33:13","guid":{"rendered":"https:\/\/topprixsarl.ch\/product\/brosse-pour-toilettes-edi-clean-starline-o-8-2cm-blanc\/"},"modified":"2026-01-14T14:18:59","modified_gmt":"2026-01-14T14:18:59","slug":"brosse-pour-toilettes-edi-clean-starline-o-8-2cm-blanc","status":"publish","type":"product","link":"https:\/\/topprixsarl.ch\/en\/product-2\/brosse-pour-toilettes-edi-clean-starline-o-8-2cm-blanc\/","title":{"rendered":"Edi Clean Starline toilet brush, \u00f8 8.2cm, white"},"content":{"rendered":"<p>La brosse de toilette Edi Clean Starline est un mod\u00e8le de fonctionnalit\u00e9 et de robustesse, sp\u00e9cialement con\u00e7u pour r\u00e9pondre aux besoins exigeants des entreprises. <\/p>\n<p>+ Diam\u00e8tre de 82 mm<br \/>\n+ Compos\u00e9e enti\u00e8rement de PP pour le corps et les soies<br \/>\n+ Garantit durabilit\u00e9 et nettoyage efficace, sans n\u00e9cessiter de nettoyeur de bord  <\/p>\n<p>Edi Clean Starline mise sur un design simple mais extr\u00eamement efficace, s&rsquo;int\u00e9grant parfaitement dans tout espace sanitaire d&rsquo;entreprise. <\/p>\n<p>+ Construction solide<br \/>\n+ Choix minutieux de mat\u00e9riaux<br \/>\n+ Assure des performances fiables \u00e0 chaque utilisation  <\/p>\n<p>Optez pour la brosse de toilette Edi Clean Starline pour vos locaux professionnels et b\u00e9n\u00e9ficiez d&rsquo;un nettoyage simple et approfondi. <\/p>\n<p>+ Un incontournable pour toute entreprise soucieuse de l&rsquo;hygi\u00e8ne et de la qualit\u00e9.  <\/p>\n<p>*Notes de bas de page*<\/p>","protected":false},"excerpt":{"rendered":"<p>La brosse de toilette Edi Clean Starline est un mod\u00e8le de fonctionnalit\u00e9 et de robustesse, sp\u00e9cialement con\u00e7u pour r\u00e9pondre aux besoins exigeants des entreprises. Avec un diam\u00e8tre de 82 mm et compos\u00e9e enti\u00e8rement de PP pour le corps et les soies, cet<\/p>","protected":false},"featured_media":31504,"comment_status":"open","ping_status":"closed","template":"","meta":[],"product_brand":[],"product_cat":[143],"product_tag":[],"class_list":{"0":"post-31505","1":"product","2":"type-product","3":"status-publish","4":"has-post-thumbnail","6":"product_cat-nettoyage","8":"first","9":"instock","10":"shipping-taxable","11":"purchasable","12":"product-type-simple"},"_links":{"self":[{"href":"https:\/\/topprixsarl.ch\/en\/wp-json\/wp\/v2\/product\/31505","targetHints":{"allow":["GET"]}}],"collection":[{"href":"https:\/\/topprixsarl.ch\/en\/wp-json\/wp\/v2\/product"}],"about":[{"href":"https:\/\/topprixsarl.ch\/en\/wp-json\/wp\/v2\/types\/product"}],"replies":[{"embeddable":true,"href":"https:\/\/topprixsarl.ch\/en\/wp-json\/wp\/v2\/comments?post=31505"}],"version-history":[{"count":2,"href":"https:\/\/topprixsarl.ch\/en\/wp-json\/wp\/v2\/product\/31505\/revisions"}],"predecessor-version":[{"id":33140,"href":"https:\/\/topprixsarl.ch\/en\/wp-json\/wp\/v2\/product\/31505\/revisions\/33140"}],"wp:featuredmedia":[{"embeddable":true,"href":"https:\/\/topprixsarl.ch\/en\/wp-json\/wp\/v2\/media\/31504"}],"wp:attachment":[{"href":"https:\/\/topprixsarl.ch\/en\/wp-json\/wp\/v2\/media?parent=31505"}],"wp:term":[{"taxonomy":"product_brand","embeddable":true,"href":"https:\/\/topprixsarl.ch\/en\/wp-json\/wp\/v2\/product_brand?post=31505"},{"taxonomy":"product_cat","embeddable":true,"href":"https:\/\/topprixsarl.ch\/en\/wp-json\/wp\/v2\/product_cat?post=31505"},{"taxonomy":"product_tag","embeddable":true,"href":"https:\/\/topprixsarl.ch\/en\/wp-json\/wp\/v2\/product_tag?post=31505"}],"curies":[{"name":"wp","href":"https:\/\/api.w.org\/{rel}","templated":true}]}}