{"id":31479,"date":"2026-01-09T17:29:23","date_gmt":"2026-01-09T17:29:23","guid":{"rendered":"https:\/\/topprixsarl.ch\/product\/gants-jetables-nitrylex-classic-taille-xl-pqt-de-100-pcs-blanc\/"},"modified":"2026-01-21T00:21:58","modified_gmt":"2026-01-21T00:21:58","slug":"disposable-gloves-nitrylex-classic-size-xl-pk-100-pcs-white","status":"publish","type":"product","link":"https:\/\/topprixsarl.ch\/en\/product-2\/disposable-gloves-nitrylex-classic-size-xl-pk-100-pcs-white\/","title":{"rendered":"Disposable gloves NITRYLEX CLASSIC, size XL, pack of 100 pcs, white"},"content":{"rendered":"<p>**NITRYLEX CLASSIC disposable nitrile gloves - Maximum protection, maximum hygiene**.<\/p>\n<p>Discover the effectiveness of disposable nitrile gloves, your trusted partner in the food industry. Designed for optimum protection, these gloves provide a barrier against bacteria, fungi and viruses, guaranteeing the highest standards of hygiene.<\/p>\n<p>+ Optimum protection against contaminants<br \/>\n+ Powder-free nature minimizes risk of contamination and allergy<br \/>\n+ Recommended for direct food handling, especially in fruit and vegetable production or meat processing.<br \/>\n+ Meet strict hygiene requirements<br \/>\n+ Help maintain the quality and freshness of your products  <\/p>\n<p>The NITRYLEX CLASSIC range combines comfort and functionality to effectively meet the daily challenges of the food industry. <\/p>\n<p>Increase confidence in your production processes and buy these disposable gloves now!<\/p>","protected":false},"excerpt":{"rendered":"<p>Gants jetables en nitrile NITRYLEX CLASSIC &#8211; protection maximale, hygi\u00e8ne maximale D\u00e9couvrez l&rsquo;efficacit\u00e9 des gants jetables en nitrile, votre partenaire de confiance dans l&rsquo;industrie alimentaire. Con\u00e7us pour offrir une protection optimale, ces gants<\/p>","protected":false},"featured_media":31478,"comment_status":"open","ping_status":"closed","template":"","meta":[],"product_brand":[],"product_cat":[140],"product_tag":[],"class_list":{"0":"post-31479","1":"product","2":"type-product","3":"status-publish","4":"has-post-thumbnail","6":"product_cat-gants","7":"pa_taille-l","8":"pa_taille-m","9":"pa_taille-s","10":"pa_taille-xl","12":"first","13":"instock","14":"shipping-taxable","15":"purchasable","16":"product-type-variable"},"_links":{"self":[{"href":"https:\/\/topprixsarl.ch\/en\/wp-json\/wp\/v2\/product\/31479","targetHints":{"allow":["GET"]}}],"collection":[{"href":"https:\/\/topprixsarl.ch\/en\/wp-json\/wp\/v2\/product"}],"about":[{"href":"https:\/\/topprixsarl.ch\/en\/wp-json\/wp\/v2\/types\/product"}],"replies":[{"embeddable":true,"href":"https:\/\/topprixsarl.ch\/en\/wp-json\/wp\/v2\/comments?post=31479"}],"version-history":[{"count":2,"href":"https:\/\/topprixsarl.ch\/en\/wp-json\/wp\/v2\/product\/31479\/revisions"}],"predecessor-version":[{"id":33115,"href":"https:\/\/topprixsarl.ch\/en\/wp-json\/wp\/v2\/product\/31479\/revisions\/33115"}],"wp:featuredmedia":[{"embeddable":true,"href":"https:\/\/topprixsarl.ch\/en\/wp-json\/wp\/v2\/media\/31478"}],"wp:attachment":[{"href":"https:\/\/topprixsarl.ch\/en\/wp-json\/wp\/v2\/media?parent=31479"}],"wp:term":[{"taxonomy":"product_brand","embeddable":true,"href":"https:\/\/topprixsarl.ch\/en\/wp-json\/wp\/v2\/product_brand?post=31479"},{"taxonomy":"product_cat","embeddable":true,"href":"https:\/\/topprixsarl.ch\/en\/wp-json\/wp\/v2\/product_cat?post=31479"},{"taxonomy":"product_tag","embeddable":true,"href":"https:\/\/topprixsarl.ch\/en\/wp-json\/wp\/v2\/product_tag?post=31479"}],"curies":[{"name":"wp","href":"https:\/\/api.w.org\/{rel}","templated":true}]}}