{"id":31461,"date":"2026-01-09T17:27:13","date_gmt":"2026-01-09T17:27:13","guid":{"rendered":"https:\/\/topprixsarl.ch\/product\/couvre-chaussures-dupont-isoclean-00-blanc-semelle-gripper-pqt-de-100-pcs\/"},"modified":"2026-01-14T14:19:01","modified_gmt":"2026-01-14T14:19:01","slug":"couvre-chaussures-dupont-isoclean-00-blanc-semelle-gripper-pqt-de-100-pcs","status":"publish","type":"product","link":"https:\/\/topprixsarl.ch\/en\/product-2\/couvre-chaussures-dupont-isoclean-00-blanc-semelle-gripper-pqt-de-100-pcs\/","title":{"rendered":"Couvre-chaussures Dupont Isoclean 00, blanc, semelle gripper, pqt de 100 pcs"},"content":{"rendered":"<p>Le compl\u00e9ment parfait pour des sols propres<\/p>\n<p>Dans un monde o\u00f9 l&rsquo;hygi\u00e8ne et la propret\u00e9 sont des priorit\u00e9s absolues, vos collaborateurs sont confront\u00e9s \u00e0 des d\u00e9fis quotidiens. Que ce soit dans l&rsquo;industrie pharmaceutique ou \u00e9lectronique, la protection contre les contaminations est d&rsquo;une importance capitale. <\/p>\n<p>C&rsquo;est l\u00e0 qu&rsquo;interviennent les surchaussures DuPont\u2122 Tyvek\u00ae IsoClean\u00ae mod\u00e8le IC451S00. Ces surchaussures ont \u00e9t\u00e9 sp\u00e9cialement con\u00e7ues pour offrir \u00e0 vos employ\u00e9s la meilleure protection possible et une traction optimale sur les sols glissants. <\/p>\n<p>+ Coutures int\u00e9rieures nettoy\u00e9es pour garantir un haut niveau de propret\u00e9<br \/>\n+ Emp\u00eache la p\u00e9n\u00e9tration de particules et de liquides<br \/>\n+ Semelle antid\u00e9rapante Gripper\u2122 pour une bonne adh\u00e9rence et minimiser les risques d&rsquo;accident  <\/p>\n<p>Les surchaussures ne sont pas trait\u00e9es dans des conditions de salle blanche et ne sont pas st\u00e9rilis\u00e9es. La couleur blanche des surchaussures assure non seulement un aspect professionnel, mais vous permet \u00e9galement de rep\u00e9rer imm\u00e9diatement les salissures et d&rsquo;agir. <\/p>\n<p>Assurez la protection de vos collaborateurs et la propret\u00e9 de votre environnement de travail !<\/p>","protected":false},"excerpt":{"rendered":"<p>Le compl\u00e9ment parfait pour des sols propres Dansun monde o\u00f9 l&rsquo;hygi\u00e8ne et la propret\u00e9 sont des priorit\u00e9s absolues, vos collaborateurs sont confront\u00e9s \u00e0 des d\u00e9fis quotidiens. Que ce soit dans l&rsquo;industrie pharmaceutique ou \u00e9lectronique, la protection co<\/p>","protected":false},"featured_media":31460,"comment_status":"open","ping_status":"closed","template":"","meta":[],"product_brand":[],"product_cat":[143],"product_tag":[],"class_list":{"0":"post-31461","1":"product","2":"type-product","3":"status-publish","4":"has-post-thumbnail","6":"product_cat-nettoyage","8":"first","9":"instock","10":"shipping-taxable","11":"purchasable","12":"product-type-simple"},"_links":{"self":[{"href":"https:\/\/topprixsarl.ch\/en\/wp-json\/wp\/v2\/product\/31461","targetHints":{"allow":["GET"]}}],"collection":[{"href":"https:\/\/topprixsarl.ch\/en\/wp-json\/wp\/v2\/product"}],"about":[{"href":"https:\/\/topprixsarl.ch\/en\/wp-json\/wp\/v2\/types\/product"}],"replies":[{"embeddable":true,"href":"https:\/\/topprixsarl.ch\/en\/wp-json\/wp\/v2\/comments?post=31461"}],"version-history":[{"count":2,"href":"https:\/\/topprixsarl.ch\/en\/wp-json\/wp\/v2\/product\/31461\/revisions"}],"predecessor-version":[{"id":33106,"href":"https:\/\/topprixsarl.ch\/en\/wp-json\/wp\/v2\/product\/31461\/revisions\/33106"}],"wp:featuredmedia":[{"embeddable":true,"href":"https:\/\/topprixsarl.ch\/en\/wp-json\/wp\/v2\/media\/31460"}],"wp:attachment":[{"href":"https:\/\/topprixsarl.ch\/en\/wp-json\/wp\/v2\/media?parent=31461"}],"wp:term":[{"taxonomy":"product_brand","embeddable":true,"href":"https:\/\/topprixsarl.ch\/en\/wp-json\/wp\/v2\/product_brand?post=31461"},{"taxonomy":"product_cat","embeddable":true,"href":"https:\/\/topprixsarl.ch\/en\/wp-json\/wp\/v2\/product_cat?post=31461"},{"taxonomy":"product_tag","embeddable":true,"href":"https:\/\/topprixsarl.ch\/en\/wp-json\/wp\/v2\/product_tag?post=31461"}],"curies":[{"name":"wp","href":"https:\/\/api.w.org\/{rel}","templated":true}]}}