{"id":31443,"date":"2026-01-09T17:24:48","date_gmt":"2026-01-09T17:24:48","guid":{"rendered":"https:\/\/topprixsarl.ch\/product\/sac-poubelle-avec-cordon-quickbag-oks-ldpe-recycle110-litres-roul-de-10-pcs\/"},"modified":"2026-01-14T14:19:01","modified_gmt":"2026-01-14T14:19:01","slug":"sac-poubelle-avec-cordon-quickbag-oks-ldpe-recycle110-litres-roul-de-10-pcs","status":"publish","type":"product","link":"https:\/\/topprixsarl.ch\/en\/product-2\/sac-poubelle-avec-cordon-quickbag-oks-ldpe-recycle110-litres-roul-de-10-pcs\/","title":{"rendered":"OKS QuickBag drawstring garbage bag, recycled LDPE, 110 liters, roll of 10 pcs."},"content":{"rendered":"<p>\u00c9limination rapide gr\u00e2ce \u00e0 QuickBag<\/p>\n<p>Connaissez-vous cette situation ? Vous devez jeter vos d\u00e9chets, mais le sac est beaucoup trop petit et se d\u00e9chire ? Avec le sac poubelle Quick Bag, ce probl\u00e8me appartient au pass\u00e9 !<\/p>\n<p>+ Sac en LDPE recycl\u00e9 avec une capacit\u00e9 de 110 litres, id\u00e9al pour les grandes quantit\u00e9s de d\u00e9chets.<\/p>\n<p>+ Cordon de serrage pour une fermeture rapide et facile, rendant le sac simple \u00e0 transporter.<\/p>\n<p>Le Quick Bag ne se distingue pas seulement par ses caract\u00e9ristiques pratiques. <\/p>\n<p>+ Fabriqu\u00e9 \u00e0 partir de mat\u00e9riaux recycl\u00e9s, il constitue une alternative \u00ab\u00a0verte\u00a0\u00bb aux sacs poubelle traditionnels. <\/p>\n<p>En achetant le Quick Bag, vous contribuez donc aussi \u00e0 la protection de l&rsquo;environnement. <\/p>\n<p>+ Vendu en rouleau de 10 sacs, vous en avez toujours assez en r\u00e9serve.<\/p>\n<p>D\u00e9barrassez-vous rapidement de vos d\u00e9chets tout en respectant l&rsquo;environnement !<\/p>\n<p>15 rouleaux \/ carton<br \/>\n56 cartons \/ palette (= 840 rouleaux \/ palette)<\/p>","protected":false},"excerpt":{"rendered":"<p>\u00c9limination rapide gr\u00e2ce \u00e0 QuickBagConnaissez-vous cette situation? Vous devez jeter vos d\u00e9chets, mais le sac est beaucoup trop petit et se d\u00e9chire? Avec le sac poubelle Quick Bag, ce probl\u00e8me appartient au pass\u00e9! Le sac en LDPE recycl\u00e9 a une capacit<\/p>","protected":false},"featured_media":31442,"comment_status":"open","ping_status":"closed","template":"","meta":[],"product_brand":[],"product_cat":[138],"product_tag":[],"class_list":{"0":"post-31443","1":"product","2":"type-product","3":"status-publish","4":"has-post-thumbnail","6":"product_cat-sac-a-dechet","8":"first","9":"instock","10":"shipping-taxable","11":"purchasable","12":"product-type-simple"},"_links":{"self":[{"href":"https:\/\/topprixsarl.ch\/en\/wp-json\/wp\/v2\/product\/31443","targetHints":{"allow":["GET"]}}],"collection":[{"href":"https:\/\/topprixsarl.ch\/en\/wp-json\/wp\/v2\/product"}],"about":[{"href":"https:\/\/topprixsarl.ch\/en\/wp-json\/wp\/v2\/types\/product"}],"replies":[{"embeddable":true,"href":"https:\/\/topprixsarl.ch\/en\/wp-json\/wp\/v2\/comments?post=31443"}],"version-history":[{"count":2,"href":"https:\/\/topprixsarl.ch\/en\/wp-json\/wp\/v2\/product\/31443\/revisions"}],"predecessor-version":[{"id":33095,"href":"https:\/\/topprixsarl.ch\/en\/wp-json\/wp\/v2\/product\/31443\/revisions\/33095"}],"wp:featuredmedia":[{"embeddable":true,"href":"https:\/\/topprixsarl.ch\/en\/wp-json\/wp\/v2\/media\/31442"}],"wp:attachment":[{"href":"https:\/\/topprixsarl.ch\/en\/wp-json\/wp\/v2\/media?parent=31443"}],"wp:term":[{"taxonomy":"product_brand","embeddable":true,"href":"https:\/\/topprixsarl.ch\/en\/wp-json\/wp\/v2\/product_brand?post=31443"},{"taxonomy":"product_cat","embeddable":true,"href":"https:\/\/topprixsarl.ch\/en\/wp-json\/wp\/v2\/product_cat?post=31443"},{"taxonomy":"product_tag","embeddable":true,"href":"https:\/\/topprixsarl.ch\/en\/wp-json\/wp\/v2\/product_tag?post=31443"}],"curies":[{"name":"wp","href":"https:\/\/api.w.org\/{rel}","templated":true}]}}