{"id":31441,"date":"2026-01-09T17:24:29","date_gmt":"2026-01-09T17:24:29","guid":{"rendered":"https:\/\/topprixsarl.ch\/product\/serviettes-pliees-papier-pli-en-z-2-couches-paquet-de-15x200-pieces\/"},"modified":"2026-01-14T14:19:01","modified_gmt":"2026-01-14T14:19:01","slug":"serviettes-pliees-papier-pli-en-z-2-couches-paquet-de-15x200-pieces","status":"publish","type":"product","link":"https:\/\/topprixsarl.ch\/en\/product-2\/serviettes-pliees-papier-pli-en-z-2-couches-paquet-de-15x200-pieces\/","title":{"rendered":"Serviettes pli\u00e9es papier, pli en Z, 2 couches, paquet de 15&#215;200 pi\u00e8ces"},"content":{"rendered":"<p>Le choix intelligent pour un avenir propre! <\/p>\n<p>Vous en avez assez de gaspiller d&rsquo;innombrables essuie-mains en papier juste pour garder vos mains propres et s\u00e8ches? Papier Tell SA a d\u00e9velopp\u00e9 la solution parfaite pour vous! <\/p>\n<p>+ Essuie-mains en papier pli\u00e9s en Z, \u00e9cologiques et pratiques<br \/>\n+ Extr\u00eamement efficaces, \u00e9liminant le d\u00e9sordre des piles de papier<br \/>\n+ Con\u00e7us pour s&rsquo;adapter parfaitement \u00e0 vos mains<br \/>\n+ D\u00e9livrent uniquement la quantit\u00e9 de papier n\u00e9cessaire<br \/>\n+ Fini les couches superflues qui cachent vos mains ou qui font exploser les poches de votre veste  <\/p>\n<p>Les lingettes sont compos\u00e9es \u00e0 100% de cellulose et sont d&rsquo;une blancheur \u00e9clatante, ce qui signifie qu&rsquo;elles ne font pas seulement du bien \u00e0 vos mains, mais aussi \u00e0 votre conscience. <\/p>\n<p>Alors qu&rsquo;attendez-vous ? Faites vous aussi le pas vers un avenir propre et durable et optez pour nos essuie-mains en papier pli\u00e9s en Z. Vos mains vous en remercieront, et l&rsquo;environnement aussi!<\/p>","protected":false},"excerpt":{"rendered":"<p>Le choix intelligent pour un avenir propre! Vous en avez assez de gaspiller d&rsquo;innombrables essuie-mains en papier juste pour garder vos mains propres et s\u00e8ches? Papier Tell SA a d\u00e9velopp\u00e9 la solution parfaite pour vous! Les essuie-mains en papier pli<\/p>","protected":false},"featured_media":31440,"comment_status":"open","ping_status":"closed","template":"","meta":[],"product_brand":[],"product_cat":[137],"product_tag":[],"class_list":{"0":"post-31441","1":"product","2":"type-product","3":"status-publish","4":"has-post-thumbnail","6":"product_cat-papier","8":"first","9":"instock","10":"shipping-taxable","11":"purchasable","12":"product-type-simple"},"_links":{"self":[{"href":"https:\/\/topprixsarl.ch\/en\/wp-json\/wp\/v2\/product\/31441","targetHints":{"allow":["GET"]}}],"collection":[{"href":"https:\/\/topprixsarl.ch\/en\/wp-json\/wp\/v2\/product"}],"about":[{"href":"https:\/\/topprixsarl.ch\/en\/wp-json\/wp\/v2\/types\/product"}],"replies":[{"embeddable":true,"href":"https:\/\/topprixsarl.ch\/en\/wp-json\/wp\/v2\/comments?post=31441"}],"version-history":[{"count":2,"href":"https:\/\/topprixsarl.ch\/en\/wp-json\/wp\/v2\/product\/31441\/revisions"}],"predecessor-version":[{"id":33093,"href":"https:\/\/topprixsarl.ch\/en\/wp-json\/wp\/v2\/product\/31441\/revisions\/33093"}],"wp:featuredmedia":[{"embeddable":true,"href":"https:\/\/topprixsarl.ch\/en\/wp-json\/wp\/v2\/media\/31440"}],"wp:attachment":[{"href":"https:\/\/topprixsarl.ch\/en\/wp-json\/wp\/v2\/media?parent=31441"}],"wp:term":[{"taxonomy":"product_brand","embeddable":true,"href":"https:\/\/topprixsarl.ch\/en\/wp-json\/wp\/v2\/product_brand?post=31441"},{"taxonomy":"product_cat","embeddable":true,"href":"https:\/\/topprixsarl.ch\/en\/wp-json\/wp\/v2\/product_cat?post=31441"},{"taxonomy":"product_tag","embeddable":true,"href":"https:\/\/topprixsarl.ch\/en\/wp-json\/wp\/v2\/product_tag?post=31441"}],"curies":[{"name":"wp","href":"https:\/\/api.w.org\/{rel}","templated":true}]}}