{"id":31421,"date":"2026-01-09T17:22:04","date_gmt":"2026-01-09T17:22:04","guid":{"rendered":"https:\/\/topprixsarl.ch\/product\/notes-post-it-76-x-76-mm-jaunes-12-blocs-x-100-feuilles\/"},"modified":"2026-01-14T14:19:02","modified_gmt":"2026-01-14T14:19:02","slug":"notes-post-it-76-x-76-mm-jaunes-12-blocs-x-100-feuilles","status":"publish","type":"product","link":"https:\/\/topprixsarl.ch\/en\/product\/notes-post-it-76-x-76-mm-jaunes-12-blocs-x-100-feuilles\/","title":{"rendered":"Notes Post-it &#8211; 76 x 76 mm &#8211; jaunes &#8211; 12 blocs x 100 feuilles"},"content":{"rendered":"<p>Rendre vos notes claires et compr\u00e9hensibles. <\/p>\n<p>L&rsquo;agitation quotidienne du bureau peut nous faire oublier les \u00e9v\u00e9nements importants et les r\u00e9unions &#8211; il est facile d&rsquo;oublier de jeter un coup d&rsquo;\u0153il dans un carnet de notes ou un agenda. Les rendez-vous manqu\u00e9s peuvent vous causer des ennuis. <\/p>\n<p>Utilisez les notes Post-it pour inscrire vos rappels et notes. Vous pouvez la coller sur l\u2019\u00e9cran de votre ordinateur, elle sera sous vos yeux. <\/p>\n<p>+ Format : 76 mm x 76 mm<br \/>\n+ Style : moderne mais classique, \u00e9l\u00e9gant et soign\u00e9<br \/>\n+ Discr\u00e9tion : faciles \u00e0 partager avec vos coll\u00e8gues sans les interrompre  <\/p>\n<p>Le paquet contient 12 cubes de 100 feuilles, \u00e0 utiliser tous les jours. Vous pouvez les emporter \u00e0 vos r\u00e9unions pour prendre de br\u00e8ves notes. <\/p>\n<p>+ \u00c9cologique : leur papier est 100 % certifi\u00e9 PEFC et provient de for\u00eats renouvelables.<br \/>\n+ Respect de l&rsquo;environnement : en utilisant ces post-it, vous \u00eates \u00e9cologique.  <\/p>\n<p>Laissez des messages importants avec des notes de papillons adh\u00e9sifs de qualit\u00e9!*<\/p>","protected":false},"excerpt":{"rendered":"<p>Rendre vos notes claires et compr\u00e9hensibles L&rsquo;agitation quotidienne du bureau peut nous faire oublier les \u00e9v\u00e9nements importants et les r\u00e9unions &#8211; il est facile d&rsquo;oublier de jeter un coup d&rsquo;\u0153il dans un carnet de notes ou un agenda. Les rendez-vous man<\/p>","protected":false},"featured_media":31420,"comment_status":"open","ping_status":"closed","template":"","meta":[],"product_brand":[],"product_cat":[137],"product_tag":[],"class_list":{"0":"post-31421","1":"product","2":"type-product","3":"status-publish","4":"has-post-thumbnail","6":"product_cat-article-offic","8":"first","9":"instock","10":"shipping-taxable","11":"purchasable","12":"product-type-simple"},"_links":{"self":[{"href":"https:\/\/topprixsarl.ch\/en\/wp-json\/wp\/v2\/product\/31421","targetHints":{"allow":["GET"]}}],"collection":[{"href":"https:\/\/topprixsarl.ch\/en\/wp-json\/wp\/v2\/product"}],"about":[{"href":"https:\/\/topprixsarl.ch\/en\/wp-json\/wp\/v2\/types\/product"}],"replies":[{"embeddable":true,"href":"https:\/\/topprixsarl.ch\/en\/wp-json\/wp\/v2\/comments?post=31421"}],"version-history":[{"count":2,"href":"https:\/\/topprixsarl.ch\/en\/wp-json\/wp\/v2\/product\/31421\/revisions"}],"predecessor-version":[{"id":33083,"href":"https:\/\/topprixsarl.ch\/en\/wp-json\/wp\/v2\/product\/31421\/revisions\/33083"}],"wp:featuredmedia":[{"embeddable":true,"href":"https:\/\/topprixsarl.ch\/en\/wp-json\/wp\/v2\/media\/31420"}],"wp:attachment":[{"href":"https:\/\/topprixsarl.ch\/en\/wp-json\/wp\/v2\/media?parent=31421"}],"wp:term":[{"taxonomy":"product_brand","embeddable":true,"href":"https:\/\/topprixsarl.ch\/en\/wp-json\/wp\/v2\/product_brand?post=31421"},{"taxonomy":"product_cat","embeddable":true,"href":"https:\/\/topprixsarl.ch\/en\/wp-json\/wp\/v2\/product_cat?post=31421"},{"taxonomy":"product_tag","embeddable":true,"href":"https:\/\/topprixsarl.ch\/en\/wp-json\/wp\/v2\/product_tag?post=31421"}],"curies":[{"name":"wp","href":"https:\/\/api.w.org\/{rel}","templated":true}]}}