{"id":31417,"date":"2026-01-09T17:21:35","date_gmt":"2026-01-09T17:21:35","guid":{"rendered":"https:\/\/topprixsarl.ch\/product\/notes-repositionnables-75-x-75-mm-jaunes-12-blocs-x-100-feuilles\/"},"modified":"2026-01-14T14:19:02","modified_gmt":"2026-01-14T14:19:02","slug":"notes-repositionnables-75-x-75-mm-jaunes-12-blocs-x-100-feuilles","status":"publish","type":"product","link":"https:\/\/topprixsarl.ch\/en\/product\/notes-repositionnables-75-x-75-mm-jaunes-12-blocs-x-100-feuilles\/","title":{"rendered":"Notes repositionnables- 75 x 75 mm- jaunes- 12 blocs x 100 feuilles"},"content":{"rendered":"<p>Ergonomique, adh\u00e9sif, multifonctionnel<\/p>\n<p>Les situations sont nombreuses au bureau o\u00f9 des informations doivent \u00eatre rapidement et bri\u00e8vement not\u00e9es. Rechercher des donn\u00e9es dans un bloc-notes prend beaucoup de temps. En retirer les pages risque de le rendre peu pr\u00e9sentable. <\/p>\n<p>La meilleure solution est d&rsquo;utiliser les notes repositionnables pour \u00e9crire de petites notes aux coll\u00e8gues ou inscrire de br\u00e8ves informations. Vous pouvez les garder sur votre bureau, les coller sur le mur ou des dossiers documents. <\/p>\n<p>+ Taille optimale : permet d&rsquo;enregistrer un maximum d\u2019informations pour un minimum de place. <\/p>\n<p>Un bloc contient 100 notes. Un paquet contient 12 blocs. C&rsquo;est suffisant pour longtemps. <\/p>\n<p>+ Compatibilit\u00e9 : chaque note s&rsquo;adapte parfaitement \u00e0 tout type et toute couleur d&rsquo;encre. <\/p>\n<p>Le message sera toujours lisible. Mettez-les o\u00f9 vous en avez besoin!<\/p>","protected":false},"excerpt":{"rendered":"<p>Ergonomique, adh\u00e9sif, multifonctionnel Les situations sont nombreuses au bureau o\u00f9 des informations doivent \u00eatre rapidement et bri\u00e8vement not\u00e9es. Rechercher des donn\u00e9es dans un bloc-notes prend beaucoup de temps. En retirer les pages risque de le re<\/p>","protected":false},"featured_media":31416,"comment_status":"open","ping_status":"closed","template":"","meta":[],"product_brand":[],"product_cat":[137],"product_tag":[],"class_list":{"0":"post-31417","1":"product","2":"type-product","3":"status-publish","4":"has-post-thumbnail","6":"product_cat-article-offic","8":"first","9":"instock","10":"shipping-taxable","11":"purchasable","12":"product-type-simple"},"_links":{"self":[{"href":"https:\/\/topprixsarl.ch\/en\/wp-json\/wp\/v2\/product\/31417","targetHints":{"allow":["GET"]}}],"collection":[{"href":"https:\/\/topprixsarl.ch\/en\/wp-json\/wp\/v2\/product"}],"about":[{"href":"https:\/\/topprixsarl.ch\/en\/wp-json\/wp\/v2\/types\/product"}],"replies":[{"embeddable":true,"href":"https:\/\/topprixsarl.ch\/en\/wp-json\/wp\/v2\/comments?post=31417"}],"version-history":[{"count":3,"href":"https:\/\/topprixsarl.ch\/en\/wp-json\/wp\/v2\/product\/31417\/revisions"}],"predecessor-version":[{"id":33228,"href":"https:\/\/topprixsarl.ch\/en\/wp-json\/wp\/v2\/product\/31417\/revisions\/33228"}],"wp:featuredmedia":[{"embeddable":true,"href":"https:\/\/topprixsarl.ch\/en\/wp-json\/wp\/v2\/media\/31416"}],"wp:attachment":[{"href":"https:\/\/topprixsarl.ch\/en\/wp-json\/wp\/v2\/media?parent=31417"}],"wp:term":[{"taxonomy":"product_brand","embeddable":true,"href":"https:\/\/topprixsarl.ch\/en\/wp-json\/wp\/v2\/product_brand?post=31417"},{"taxonomy":"product_cat","embeddable":true,"href":"https:\/\/topprixsarl.ch\/en\/wp-json\/wp\/v2\/product_cat?post=31417"},{"taxonomy":"product_tag","embeddable":true,"href":"https:\/\/topprixsarl.ch\/en\/wp-json\/wp\/v2\/product_tag?post=31417"}],"curies":[{"name":"wp","href":"https:\/\/api.w.org\/{rel}","templated":true}]}}