{"id":31409,"date":"2026-01-09T17:20:32","date_gmt":"2026-01-09T17:20:32","guid":{"rendered":"https:\/\/topprixsarl.ch\/product\/essuie-mains-plie-2-plis-m-blanc-15-paquets-x-125-feuilles\/"},"modified":"2026-04-11T01:25:21","modified_gmt":"2026-04-11T01:25:21","slug":"essuie-mains-plie-2-plis-m-blanc-15-paquets-x-125-feuilles","status":"publish","type":"product","link":"https:\/\/topprixsarl.ch\/en\/product\/essuie-mains-plie-2-plis-m-blanc-15-paquets-x-125-feuilles\/","title":{"rendered":"Essuie-mains pli\u00e9- 2 plis M- blanc- 15 paquets x 125 feuilles"},"content":{"rendered":"<p>\u00c9conomiques et \u00e9cologiques<\/p>\n<p>Les t\u00eates pensantes plient! De cette mani\u00e8re, on ne gagne pas seulement de place, mais on \u00e9conomise m\u00eame des ressources!<\/p>\n<p>Les serviettes pli\u00e9es de sont si intelligemment pli\u00e9es qu&rsquo;elles permettent non seulement de gagner de la place, mais aussi de r\u00e9duire la consommation. <\/p>\n<p>+ 125 pi\u00e8ces par paquet, elles sont une v\u00e9ritable aubaine. <\/p>\n<p>+ Certificat EU Ecolabel garantissant qu&rsquo;elles sont fabriqu\u00e9es \u00e0 100% \u00e0 partir de mat\u00e9riaux recycl\u00e9s. <\/p>\n<p>Mais le meilleur, c&rsquo;est que nos essuie-mains pli\u00e9s s&rsquo;adaptent \u00e0 la plupart des distributeurs d&rsquo;essuie-mains du commerce et permettent une distribution pr\u00e9cise feuille \u00e0 feuille, ce qui pr\u00e9serve l&rsquo;environnement et r\u00e9duit vos co\u00fbts. <\/p>\n<p>+ Serviettes pli\u00e9es absorbantes et r\u00e9sistantes \u00e0 la d\u00e9chirure, \u00e9liminant sans peine les taches de caf\u00e9 et les perles de sueur les plus r\u00e9sistantes- sans se d\u00e9sagr\u00e9ger. <\/p>\n<p>C&rsquo;est le moment d&rsquo;\u00e9conomiser intelligemment- avec les serviettes pli\u00e9es de!<\/p>","protected":false},"excerpt":{"rendered":"<p>\u00c9conomiques et \u00e9cologiquesLes t\u00eates pensantes plient! De cette mani\u00e8re on ne gagne pas seulement de place mains on \u00e9conomise m\u00eame des ressources!Les serviettes pli\u00e9es de sont si intelligemment pli\u00e9es qu&rsquo;elles permettent non seulement de gagner<\/p>","protected":false},"featured_media":31408,"comment_status":"open","ping_status":"closed","template":"","meta":[],"product_brand":[],"product_cat":[143],"product_tag":[],"class_list":{"0":"post-31409","1":"product","2":"type-product","3":"status-publish","4":"has-post-thumbnail","6":"product_cat-nettoyage","8":"first","9":"instock","10":"shipping-taxable","11":"purchasable","12":"product-type-simple"},"_links":{"self":[{"href":"https:\/\/topprixsarl.ch\/en\/wp-json\/wp\/v2\/product\/31409","targetHints":{"allow":["GET"]}}],"collection":[{"href":"https:\/\/topprixsarl.ch\/en\/wp-json\/wp\/v2\/product"}],"about":[{"href":"https:\/\/topprixsarl.ch\/en\/wp-json\/wp\/v2\/types\/product"}],"replies":[{"embeddable":true,"href":"https:\/\/topprixsarl.ch\/en\/wp-json\/wp\/v2\/comments?post=31409"}],"version-history":[{"count":3,"href":"https:\/\/topprixsarl.ch\/en\/wp-json\/wp\/v2\/product\/31409\/revisions"}],"predecessor-version":[{"id":33230,"href":"https:\/\/topprixsarl.ch\/en\/wp-json\/wp\/v2\/product\/31409\/revisions\/33230"}],"wp:featuredmedia":[{"embeddable":true,"href":"https:\/\/topprixsarl.ch\/en\/wp-json\/wp\/v2\/media\/31408"}],"wp:attachment":[{"href":"https:\/\/topprixsarl.ch\/en\/wp-json\/wp\/v2\/media?parent=31409"}],"wp:term":[{"taxonomy":"product_brand","embeddable":true,"href":"https:\/\/topprixsarl.ch\/en\/wp-json\/wp\/v2\/product_brand?post=31409"},{"taxonomy":"product_cat","embeddable":true,"href":"https:\/\/topprixsarl.ch\/en\/wp-json\/wp\/v2\/product_cat?post=31409"},{"taxonomy":"product_tag","embeddable":true,"href":"https:\/\/topprixsarl.ch\/en\/wp-json\/wp\/v2\/product_tag?post=31409"}],"curies":[{"name":"wp","href":"https:\/\/api.w.org\/{rel}","templated":true}]}}