{"id":31405,"date":"2026-01-09T17:20:01","date_gmt":"2026-01-09T17:20:01","guid":{"rendered":"https:\/\/topprixsarl.ch\/product\/nettoyant-en-tablette-greenspeed-probio-tab-multi-surfaces-paquet-de-6\/"},"modified":"2026-01-14T14:19:03","modified_gmt":"2026-01-14T14:19:03","slug":"nettoyant-en-tablette-greenspeed-probio-tab-multi-surfaces-paquet-de-6","status":"publish","type":"product","link":"https:\/\/topprixsarl.ch\/en\/product\/nettoyant-en-tablette-greenspeed-probio-tab-multi-surfaces-paquet-de-6\/","title":{"rendered":"Nettoyant en tablette Greenspeed Probio Tab multi-surfaces &#8211; paquet de 6"},"content":{"rendered":"<p>Pour un int\u00e9rieur propre &#038; un environnement propre<\/p>\n<p>Une puret\u00e9 qui va jusqu&rsquo;\u00e0 la conscience! Que faites-vous pour l&rsquo;environnement? \u00c9viter le plastique, r\u00e9duire l&#8217;empreinte \u00e9cologique et utiliser des produits durables&#8230;<\/p>\n<p>Greenspeed prouve que tout cela peut \u00eatre mis en \u0153uvre de mani\u00e8re aussi simple qu&rsquo;efficace avec ses Probio Tabs \u00e0 usage quotidien, distingu\u00e9s par ECOCERT: propres sans laisser de traces et respectueux de l&rsquo;environnement!<\/p>\n<p>+ Tablettes de nettoyage probiotiques qui \u00e9liminent de mani\u00e8re fiable la salet\u00e9 de toutes les surfaces r\u00e9sistantes \u00e0 l&rsquo;eau et combattent les odeurs d\u00e9sagr\u00e9ables.<\/p>\n<p>+ Emballage sans plastique, permettant de ne pas g\u00e9n\u00e9rer de plastique \u00e0 usage unique et d&rsquo;\u00e9conomiser du CO2.<\/p>\n<p>+ Forme compacte des tablettes pour un stockage peu encombrant ainsi qu&rsquo;un dosage s\u00fbr et pr\u00e9cis.<\/p>\n<p>+ Formule particuli\u00e8rement puissante et efficace, compos\u00e9e d&rsquo;ingr\u00e9dients v\u00e9g\u00e9taux et de probiotiques 100% naturels, garantissant un r\u00e9sultat propre imm\u00e9diat et durable.<\/p>\n<p>Oubliez les nettoyants chimiques et optez pour une puret\u00e9 100 % naturelle!<\/p>","protected":false},"excerpt":{"rendered":"<p>Pour un int\u00e9rieur propre &#038; un environnement propre Une puret\u00e9 qui va jusqu&rsquo;\u00e0 la conscience! Que faites-vous pour l&rsquo;environnement? \u00c9viter le plastique, r\u00e9duire l&#8217;empreinte \u00e9cologique et utiliser des produits durables&#8230; Greenspeed prouve que tout cela<\/p>","protected":false},"featured_media":31404,"comment_status":"open","ping_status":"closed","template":"","meta":[],"product_brand":[],"product_cat":[143],"product_tag":[],"class_list":{"0":"post-31405","1":"product","2":"type-product","3":"status-publish","4":"has-post-thumbnail","6":"product_cat-nettoyage","8":"first","9":"instock","10":"shipping-taxable","11":"purchasable","12":"product-type-simple"},"_links":{"self":[{"href":"https:\/\/topprixsarl.ch\/en\/wp-json\/wp\/v2\/product\/31405","targetHints":{"allow":["GET"]}}],"collection":[{"href":"https:\/\/topprixsarl.ch\/en\/wp-json\/wp\/v2\/product"}],"about":[{"href":"https:\/\/topprixsarl.ch\/en\/wp-json\/wp\/v2\/types\/product"}],"replies":[{"embeddable":true,"href":"https:\/\/topprixsarl.ch\/en\/wp-json\/wp\/v2\/comments?post=31405"}],"version-history":[{"count":2,"href":"https:\/\/topprixsarl.ch\/en\/wp-json\/wp\/v2\/product\/31405\/revisions"}],"predecessor-version":[{"id":33075,"href":"https:\/\/topprixsarl.ch\/en\/wp-json\/wp\/v2\/product\/31405\/revisions\/33075"}],"wp:featuredmedia":[{"embeddable":true,"href":"https:\/\/topprixsarl.ch\/en\/wp-json\/wp\/v2\/media\/31404"}],"wp:attachment":[{"href":"https:\/\/topprixsarl.ch\/en\/wp-json\/wp\/v2\/media?parent=31405"}],"wp:term":[{"taxonomy":"product_brand","embeddable":true,"href":"https:\/\/topprixsarl.ch\/en\/wp-json\/wp\/v2\/product_brand?post=31405"},{"taxonomy":"product_cat","embeddable":true,"href":"https:\/\/topprixsarl.ch\/en\/wp-json\/wp\/v2\/product_cat?post=31405"},{"taxonomy":"product_tag","embeddable":true,"href":"https:\/\/topprixsarl.ch\/en\/wp-json\/wp\/v2\/product_tag?post=31405"}],"curies":[{"name":"wp","href":"https:\/\/api.w.org\/{rel}","templated":true}]}}