{"id":31401,"date":"2026-01-09T17:19:33","date_gmt":"2026-01-09T17:19:33","guid":{"rendered":"https:\/\/topprixsarl.ch\/product\/lampe-unilux-twistled-led-bras-articule-noire\/"},"modified":"2026-01-14T14:19:03","modified_gmt":"2026-01-14T14:19:03","slug":"lampe-unilux-twistled-led-bras-articule-noire","status":"publish","type":"product","link":"https:\/\/topprixsarl.ch\/en\/product-2\/lampe-unilux-twistled-led-bras-articule-noire\/","title":{"rendered":"Lampe Unilux Twistled &#8211; LED &#8211; bras articul\u00e9 &#8211; noire"},"content":{"rendered":"<p>**Lampe de bureau au design moderne et sobre**<\/p>\n<p>+ 2 interrupteurs tactiles pour faire varier l&rsquo;intensit\u00e9 et la temp\u00e9rature de la couleur<br \/>\n+ Port de charge USB (c\u00e2ble non fourni)<br \/>\n+ Timer 60 minutes<br \/>\n+ T\u00eate rotative \u00e0 180\u00b0<br \/>\n+ Bras r\u00e9glable \u00e0 150\u00b0<br \/>\n+ Base rotative \u00e0 170\u00b0<br \/>\n+ Jusqu&rsquo;\u00e0 50 000 h d&rsquo;utilisation<br \/>\n+ 550 lumens<br \/>\n+ Temp\u00e9rature de couleurs : de 2 700 K \u00e0 60 000 K  <\/p>\n<p>> Garantie 2 ans*<\/p>","protected":false},"excerpt":{"rendered":"<p>Lampe de bureau au design moderne et sobre.Les 2 interrupteurs tactiles vous permettent de faire varier l&rsquo;intensit\u00e9 et la temp\u00e9rature de la couleur.- Port de charge USB (c\u00e2ble non fourni). &#8211; Timer 60 minutes.- T\u00eate rotative \u00e0 180\u00b0, bras r\u00e9glable \u00e0 15<\/p>","protected":false},"featured_media":31400,"comment_status":"open","ping_status":"closed","template":"","meta":[],"product_brand":[],"product_cat":[142],"product_tag":[],"class_list":{"0":"post-31401","1":"product","2":"type-product","3":"status-publish","4":"has-post-thumbnail","6":"product_cat-entretien","8":"first","9":"instock","10":"shipping-taxable","11":"purchasable","12":"product-type-simple"},"_links":{"self":[{"href":"https:\/\/topprixsarl.ch\/en\/wp-json\/wp\/v2\/product\/31401","targetHints":{"allow":["GET"]}}],"collection":[{"href":"https:\/\/topprixsarl.ch\/en\/wp-json\/wp\/v2\/product"}],"about":[{"href":"https:\/\/topprixsarl.ch\/en\/wp-json\/wp\/v2\/types\/product"}],"replies":[{"embeddable":true,"href":"https:\/\/topprixsarl.ch\/en\/wp-json\/wp\/v2\/comments?post=31401"}],"version-history":[{"count":2,"href":"https:\/\/topprixsarl.ch\/en\/wp-json\/wp\/v2\/product\/31401\/revisions"}],"predecessor-version":[{"id":33073,"href":"https:\/\/topprixsarl.ch\/en\/wp-json\/wp\/v2\/product\/31401\/revisions\/33073"}],"wp:featuredmedia":[{"embeddable":true,"href":"https:\/\/topprixsarl.ch\/en\/wp-json\/wp\/v2\/media\/31400"}],"wp:attachment":[{"href":"https:\/\/topprixsarl.ch\/en\/wp-json\/wp\/v2\/media?parent=31401"}],"wp:term":[{"taxonomy":"product_brand","embeddable":true,"href":"https:\/\/topprixsarl.ch\/en\/wp-json\/wp\/v2\/product_brand?post=31401"},{"taxonomy":"product_cat","embeddable":true,"href":"https:\/\/topprixsarl.ch\/en\/wp-json\/wp\/v2\/product_cat?post=31401"},{"taxonomy":"product_tag","embeddable":true,"href":"https:\/\/topprixsarl.ch\/en\/wp-json\/wp\/v2\/product_tag?post=31401"}],"curies":[{"name":"wp","href":"https:\/\/api.w.org\/{rel}","templated":true}]}}