{"id":31395,"date":"2026-01-09T17:18:44","date_gmt":"2026-01-09T17:18:44","guid":{"rendered":"https:\/\/topprixsarl.ch\/product\/sous-main-durable-polypropylene-65-x-50-cm-noir\/"},"modified":"2026-04-11T01:28:31","modified_gmt":"2026-04-11T01:28:31","slug":"sous-main-durable-polypropylene-65-x-50-cm-noir","status":"publish","type":"product","link":"https:\/\/topprixsarl.ch\/en\/product\/sous-main-durable-polypropylene-65-x-50-cm-noir\/","title":{"rendered":"Sous-main Durable &#8211; polypropyl\u00e8ne &#8211; 65 x 50 cm &#8211; noir"},"content":{"rendered":"<p>Ce sous-main design en PP vous permettra de prot\u00e9ger votre bureau des traces, griffes ou salissures.<\/p>\n<p>+ Antid\u00e9rapant.<\/p>\n<p>+ Coins arrondis.<\/p>\n<p>+ Facile \u00e0 nettoyer des deux c\u00f4t\u00e9s avec un chiffon humide.<\/p>\n<p>+ Bords arrondis.<\/p>\n<p>+ Dimensions : L 65 x H 50 cm.<\/p>\n<p>+ Coloris : noir.<\/p>","protected":false},"excerpt":{"rendered":"<p>Ce sous-main design en PP vous permettra de prot\u00e8ger votre bureau des traces, griffes ou salissures.- Antid\u00e9rapant.- Coins arrondis.- Facile \u00e0 nettoyer des deux c\u00f4t\u00e9s avec un chiffon humide.- Bords arrondis.- Dimensions : L 65 x H 50 cm.- Coloris : n<\/p>","protected":false},"featured_media":31394,"comment_status":"open","ping_status":"closed","template":"","meta":[],"product_brand":[],"product_cat":[143],"product_tag":[],"class_list":{"0":"post-31395","1":"product","2":"type-product","3":"status-publish","4":"has-post-thumbnail","6":"product_cat-nettoyage","8":"first","9":"instock","10":"shipping-taxable","11":"purchasable","12":"product-type-simple"},"_links":{"self":[{"href":"https:\/\/topprixsarl.ch\/en\/wp-json\/wp\/v2\/product\/31395","targetHints":{"allow":["GET"]}}],"collection":[{"href":"https:\/\/topprixsarl.ch\/en\/wp-json\/wp\/v2\/product"}],"about":[{"href":"https:\/\/topprixsarl.ch\/en\/wp-json\/wp\/v2\/types\/product"}],"replies":[{"embeddable":true,"href":"https:\/\/topprixsarl.ch\/en\/wp-json\/wp\/v2\/comments?post=31395"}],"version-history":[{"count":2,"href":"https:\/\/topprixsarl.ch\/en\/wp-json\/wp\/v2\/product\/31395\/revisions"}],"predecessor-version":[{"id":33069,"href":"https:\/\/topprixsarl.ch\/en\/wp-json\/wp\/v2\/product\/31395\/revisions\/33069"}],"wp:featuredmedia":[{"embeddable":true,"href":"https:\/\/topprixsarl.ch\/en\/wp-json\/wp\/v2\/media\/31394"}],"wp:attachment":[{"href":"https:\/\/topprixsarl.ch\/en\/wp-json\/wp\/v2\/media?parent=31395"}],"wp:term":[{"taxonomy":"product_brand","embeddable":true,"href":"https:\/\/topprixsarl.ch\/en\/wp-json\/wp\/v2\/product_brand?post=31395"},{"taxonomy":"product_cat","embeddable":true,"href":"https:\/\/topprixsarl.ch\/en\/wp-json\/wp\/v2\/product_cat?post=31395"},{"taxonomy":"product_tag","embeddable":true,"href":"https:\/\/topprixsarl.ch\/en\/wp-json\/wp\/v2\/product_tag?post=31395"}],"curies":[{"name":"wp","href":"https:\/\/api.w.org\/{rel}","templated":true}]}}