{"id":31387,"date":"2026-01-09T17:17:42","date_gmt":"2026-01-09T17:17:42","guid":{"rendered":"https:\/\/topprixsarl.ch\/product\/gomme-a-effacer-courte-sans-pvc-blanc\/"},"modified":"2026-01-14T14:19:04","modified_gmt":"2026-01-14T14:19:04","slug":"gomme-a-effacer-courte-sans-pvc-blanc","status":"publish","type":"product","link":"https:\/\/topprixsarl.ch\/en\/product\/gomme-a-effacer-courte-sans-pvc-blanc\/","title":{"rendered":"Gomme \u00e0 effacer, courte, sans PVC, blanc"},"content":{"rendered":"<p>Gommez les erreurs comme il faut<\/p>\n<p>Depuis des g\u00e9n\u00e9rations, les gommes permettent d&rsquo;avoir des documents propres. Ce n&rsquo;est pas pour rien qu&rsquo;on en trouve \u00e0 la maison sur presque tous les bureaux. <\/p>\n<p>+ Efface avec pr\u00e9cision les traits au crayon \u00e0 papier et les notes incorrectes. <\/p>\n<p>Une fois prise en main, la gomme \u00e0 effacer de la marque efface aussi bien les traits au crayon \u00e0 papier que les notes incorrectes. Elle efface avec beaucoup d&rsquo;exactitude, si bien qu&rsquo;elle ne cr\u00e9e pas de traces ni de stries. <\/p>\n<p>+ Particuli\u00e8rement adapt\u00e9e pour les crayons graphites. <\/p>\n<p>Elle est particuli\u00e8rement adapt\u00e9e pour effacer facilement les crayons graphites sans laisser de traces. Il y a un produit dans chaque paquet. <\/p>\n<p>+ Accessoire indispensable de la vie quotidienne. <\/p>\n<p>Les gommes sont devenues un accessoire indispensable de notre vie quotidienne. On peut les trouver sur presque tous les bureaux. Et pour cause: elles permettent de travailler proprement et avec pr\u00e9cision. <\/p>\n<p>+ Produit de qualit\u00e9 de la marque. <\/p>\n<p>Et lorsque vous choisissez la gomme \u00e0 effacer de la marque, vous obtenez un v\u00e9ritable produit de qualit\u00e9 qui a fait ses preuves depuis des g\u00e9n\u00e9rations. <\/p>\n<p>Commandez cet outil fiable aujourd&rsquo;hui!<\/p>","protected":false},"excerpt":{"rendered":"<p>Gommez les erreurs comme il faut Depuis des g\u00e9n\u00e9rations, les gommes permettent d&rsquo;avoir des documents propres. Ce n&rsquo;est pas pour rien qu&rsquo;on en trouve \u00e0 la maison sur presque tous les bureaux. Une fois prise en main, la gomme \u00e0 effacer de la marque Lyr<\/p>","protected":false},"featured_media":31386,"comment_status":"open","ping_status":"closed","template":"","meta":[],"product_brand":[],"product_cat":[137],"product_tag":[],"class_list":{"0":"post-31387","1":"product","2":"type-product","3":"status-publish","4":"has-post-thumbnail","6":"product_cat-article-offic","8":"first","9":"instock","10":"shipping-taxable","11":"purchasable","12":"product-type-simple"},"_links":{"self":[{"href":"https:\/\/topprixsarl.ch\/en\/wp-json\/wp\/v2\/product\/31387","targetHints":{"allow":["GET"]}}],"collection":[{"href":"https:\/\/topprixsarl.ch\/en\/wp-json\/wp\/v2\/product"}],"about":[{"href":"https:\/\/topprixsarl.ch\/en\/wp-json\/wp\/v2\/types\/product"}],"replies":[{"embeddable":true,"href":"https:\/\/topprixsarl.ch\/en\/wp-json\/wp\/v2\/comments?post=31387"}],"version-history":[{"count":3,"href":"https:\/\/topprixsarl.ch\/en\/wp-json\/wp\/v2\/product\/31387\/revisions"}],"predecessor-version":[{"id":33231,"href":"https:\/\/topprixsarl.ch\/en\/wp-json\/wp\/v2\/product\/31387\/revisions\/33231"}],"wp:featuredmedia":[{"embeddable":true,"href":"https:\/\/topprixsarl.ch\/en\/wp-json\/wp\/v2\/media\/31386"}],"wp:attachment":[{"href":"https:\/\/topprixsarl.ch\/en\/wp-json\/wp\/v2\/media?parent=31387"}],"wp:term":[{"taxonomy":"product_brand","embeddable":true,"href":"https:\/\/topprixsarl.ch\/en\/wp-json\/wp\/v2\/product_brand?post=31387"},{"taxonomy":"product_cat","embeddable":true,"href":"https:\/\/topprixsarl.ch\/en\/wp-json\/wp\/v2\/product_cat?post=31387"},{"taxonomy":"product_tag","embeddable":true,"href":"https:\/\/topprixsarl.ch\/en\/wp-json\/wp\/v2\/product_tag?post=31387"}],"curies":[{"name":"wp","href":"https:\/\/api.w.org\/{rel}","templated":true}]}}