{"id":31385,"date":"2026-01-09T17:17:29","date_gmt":"2026-01-09T17:17:29","guid":{"rendered":"https:\/\/topprixsarl.ch\/product\/colle-baton-standard-de-10-g\/"},"modified":"2026-01-14T14:19:04","modified_gmt":"2026-01-14T14:19:04","slug":"colle-baton-standard-de-10-g","status":"publish","type":"product","link":"https:\/\/topprixsarl.ch\/en\/product\/colle-baton-standard-de-10-g\/","title":{"rendered":"Colle- b\u00e2ton standard de 10 g"},"content":{"rendered":"<p>Profitez du plaisir de coller! R\u00e9aliser vos propres id\u00e9es avec vos proches ou vos coll\u00e8gues peut \u00eatre tr\u00e8s amusant. Tout ce dont vous avez besoin est un peu de temps et des accessoires ad\u00e9quats.<\/p>\n<p>Le b\u00e2tonnet de colle de la marque est un outil utile. Il est facile d&rsquo;utilisation et d&rsquo;application. Ainsi, vous pouvez assurer une adh\u00e9sivit\u00e9 fiable m\u00eame dans des endroits inaccessibles et profiter longtemps du r\u00e9sultat gr\u00e2ce \u00e0 sa grande qualit\u00e9.<\/p>\n<p>+ Contenance totale de 10 g, id\u00e9ale pour les passionn\u00e9s de bricolage.<\/p>\n<p>Cet adh\u00e9sif offre une fixation fiable et permanente. Le mat\u00e9riau adh\u00e9sif est de couleur blanche et est ainsi tr\u00e8s discret. Avec lui, tout reste en place!<\/p>\n<p>Le b\u00e2tonnet de colle de la marque est tr\u00e8s facile \u00e0 utiliser et le r\u00e9sultat sait convaincre m\u00eame les vrais professionnels du bricolage. Une fois en main, il peut \u00eatre utilis\u00e9 avec pr\u00e9cision et gr\u00e2ce \u00e0 des composants de haute qualit\u00e9, le r\u00e9sultat reste convaincant pendant longtemps.<\/p>\n<p>Avec cette commande, vous ne vous trompez pas!<\/p>","protected":false},"excerpt":{"rendered":"<p>Profitez du plaisir de coller! R\u00e9aliser vos propres id\u00e9es avec vos proches ou vos coll\u00e8gues peut \u00eatre tr\u00e8s amusant. Tout ce dont vous avez besoin est un peu de temps et des accessoires ad\u00e9quats. Le b\u00e2tonnet de colle de la marque est un outil u<\/p>","protected":false},"featured_media":31384,"comment_status":"open","ping_status":"closed","template":"","meta":[],"product_brand":[],"product_cat":[137],"product_tag":[],"class_list":{"0":"post-31385","1":"product","2":"type-product","3":"status-publish","4":"has-post-thumbnail","6":"product_cat-article-offic","8":"first","9":"instock","10":"shipping-taxable","11":"purchasable","12":"product-type-simple"},"_links":{"self":[{"href":"https:\/\/topprixsarl.ch\/en\/wp-json\/wp\/v2\/product\/31385","targetHints":{"allow":["GET"]}}],"collection":[{"href":"https:\/\/topprixsarl.ch\/en\/wp-json\/wp\/v2\/product"}],"about":[{"href":"https:\/\/topprixsarl.ch\/en\/wp-json\/wp\/v2\/types\/product"}],"replies":[{"embeddable":true,"href":"https:\/\/topprixsarl.ch\/en\/wp-json\/wp\/v2\/comments?post=31385"}],"version-history":[{"count":3,"href":"https:\/\/topprixsarl.ch\/en\/wp-json\/wp\/v2\/product\/31385\/revisions"}],"predecessor-version":[{"id":33232,"href":"https:\/\/topprixsarl.ch\/en\/wp-json\/wp\/v2\/product\/31385\/revisions\/33232"}],"wp:featuredmedia":[{"embeddable":true,"href":"https:\/\/topprixsarl.ch\/en\/wp-json\/wp\/v2\/media\/31384"}],"wp:attachment":[{"href":"https:\/\/topprixsarl.ch\/en\/wp-json\/wp\/v2\/media?parent=31385"}],"wp:term":[{"taxonomy":"product_brand","embeddable":true,"href":"https:\/\/topprixsarl.ch\/en\/wp-json\/wp\/v2\/product_brand?post=31385"},{"taxonomy":"product_cat","embeddable":true,"href":"https:\/\/topprixsarl.ch\/en\/wp-json\/wp\/v2\/product_cat?post=31385"},{"taxonomy":"product_tag","embeddable":true,"href":"https:\/\/topprixsarl.ch\/en\/wp-json\/wp\/v2\/product_tag?post=31385"}],"curies":[{"name":"wp","href":"https:\/\/api.w.org\/{rel}","templated":true}]}}