{"id":31377,"date":"2026-01-09T17:16:34","date_gmt":"2026-01-09T17:16:34","guid":{"rendered":"https:\/\/topprixsarl.ch\/product\/kit-de-demarrage-franken-pour-tableaux-blancs\/"},"modified":"2026-01-14T14:19:04","modified_gmt":"2026-01-14T14:19:04","slug":"kit-de-demarrage-franken-pour-tableaux-blancs","status":"publish","type":"product","link":"https:\/\/topprixsarl.ch\/en\/product-2\/kit-de-demarrage-franken-pour-tableaux-blancs\/","title":{"rendered":"Kit de d\u00e9marrage Franken, pour tableaux blancs"},"content":{"rendered":"<p>Parfaitement \u00e9quip\u00e9 pour le brainstorming<\/p>\n<p>Les salles de r\u00e9union sont souvent de v\u00e9ritables tr\u00e9sors de mat\u00e9riel inutile dont personne n&rsquo;a plus besoin, sauf ce dont on aurait justement besoin sur place: o\u00f9 \u00e9tait le marqueur pour tableau noir? N&rsquo;y avait-il pas un effaceur quelque part? Le nettoyeur a-t-il encore une fois disparu? Mettez fin \u00e0 cette recherche fastidieuse!<\/p>\n<p>Avec le Starter-Set FRANKEN pour tableaux d&rsquo;\u00e9criture, tableaux blancs ou tableaux de planification, vous \u00e9quipez vos salles de conf\u00e9rence et de s\u00e9minaire de mani\u00e8re optimale et avez \u00e0 disposition tout ce dont vous avez besoin pour un brainstorming ou une r\u00e9union r\u00e9ussie.<\/p>\n<p>Le set pratique contient:<\/p>\n<p>+ 10 feutres pour tableaux noirs de couleurs assorties (effa\u00e7ables \u00e0 sec)<br \/>\n+ 10 aimants de couleur<br \/>\n+ 1 effaceur de tableau magn\u00e9tique<br \/>\n+ 100 feuilles de papier buvard<br \/>\n+ 250 ml de spray nettoyant dans un vaporisateur \u00e9cologique  <\/p>\n<p>Ainsi, tous vos souhaits seront exauc\u00e9s et vous aurez toujours tout ce dont vous avez besoin \u00e0 port\u00e9e de main. <\/p>\n<p>Arr\u00eatez de chercher et faites en sorte d&rsquo;avoir le bon \u00e9quipement!<\/p>","protected":false},"excerpt":{"rendered":"<p>Parfaitement \u00e9quip\u00e9 pour le brainstorming Les salles de r\u00e9union sont souvent de v\u00e9ritables tr\u00e9sors de mat\u00e9riel inutile dont personne n&rsquo;a plus besoin, sauf ce dont on aurait justement besoin sur place: o\u00f9 \u00e9tait le marqueur pour tableau noir? N&rsquo;y avait<\/p>","protected":false},"featured_media":31376,"comment_status":"open","ping_status":"closed","template":"","meta":[],"product_brand":[],"product_cat":[143],"product_tag":[],"class_list":{"0":"post-31377","1":"product","2":"type-product","3":"status-publish","4":"has-post-thumbnail","6":"product_cat-nettoyage","8":"first","9":"instock","10":"shipping-taxable","11":"purchasable","12":"product-type-simple"},"_links":{"self":[{"href":"https:\/\/topprixsarl.ch\/en\/wp-json\/wp\/v2\/product\/31377","targetHints":{"allow":["GET"]}}],"collection":[{"href":"https:\/\/topprixsarl.ch\/en\/wp-json\/wp\/v2\/product"}],"about":[{"href":"https:\/\/topprixsarl.ch\/en\/wp-json\/wp\/v2\/types\/product"}],"replies":[{"embeddable":true,"href":"https:\/\/topprixsarl.ch\/en\/wp-json\/wp\/v2\/comments?post=31377"}],"version-history":[{"count":2,"href":"https:\/\/topprixsarl.ch\/en\/wp-json\/wp\/v2\/product\/31377\/revisions"}],"predecessor-version":[{"id":33059,"href":"https:\/\/topprixsarl.ch\/en\/wp-json\/wp\/v2\/product\/31377\/revisions\/33059"}],"wp:featuredmedia":[{"embeddable":true,"href":"https:\/\/topprixsarl.ch\/en\/wp-json\/wp\/v2\/media\/31376"}],"wp:attachment":[{"href":"https:\/\/topprixsarl.ch\/en\/wp-json\/wp\/v2\/media?parent=31377"}],"wp:term":[{"taxonomy":"product_brand","embeddable":true,"href":"https:\/\/topprixsarl.ch\/en\/wp-json\/wp\/v2\/product_brand?post=31377"},{"taxonomy":"product_cat","embeddable":true,"href":"https:\/\/topprixsarl.ch\/en\/wp-json\/wp\/v2\/product_cat?post=31377"},{"taxonomy":"product_tag","embeddable":true,"href":"https:\/\/topprixsarl.ch\/en\/wp-json\/wp\/v2\/product_tag?post=31377"}],"curies":[{"name":"wp","href":"https:\/\/api.w.org\/{rel}","templated":true}]}}