{"id":31375,"date":"2026-01-09T17:16:16","date_gmt":"2026-01-09T17:16:16","guid":{"rendered":"https:\/\/topprixsarl.ch\/product\/gants-en-latex-jetables-mercator-santex-powdered-taille-l-pqt-de-100-pcsblanc\/"},"modified":"2026-01-21T00:21:49","modified_gmt":"2026-01-21T00:21:49","slug":"gants-en-latex-jetables-mercator-santex-powdered-taille-l-pqt-de-100-pcsblanc","status":"publish","type":"product","link":"https:\/\/topprixsarl.ch\/en\/product-2\/gants-en-latex-jetables-mercator-santex-powdered-taille-l-pqt-de-100-pcsblanc\/","title":{"rendered":"Disposable latex gloves MERCATOR Santex Powdered, size L, 100 pcs, white"},"content":{"rendered":"<p>Des gants de protection pour des r\u00e9sultats probants. <\/p>\n<p>N&rsquo;ayez plus peur de vous salir les mains. Les gants de protection jetables en latex de la marque Mercator Medical garantissent la meilleure protection possible. <\/p>\n<p>+ Imperm\u00e9abilit\u00e9 aux bact\u00e9ries et aux liquides nocifs pour la peau.<br \/>\n+ Confort accru gr\u00e2ce au latex.<br \/>\n+ Enduction bout des doigts en latex pour un travail sans g\u00eane.<br \/>\n+ Protection contre les risques chimiques de type C.<br \/>\n+ Protection int\u00e9gr\u00e9e contre les micro-organismes (bact\u00e9ries, champignons et virus).  <\/p>\n<p>Le mod\u00e8le, de couleur blanc, a une longueur de 24 cm. Plac\u00e9s dans la cat\u00e9gorie III, ces gants prot\u00e8gent contre les risques potentiellement mortels. Ils ont \u00e9t\u00e9 cr\u00e9\u00e9s pour une manipulation m\u00e9dicale et une manipulation chimique. En outre, ils sont adapt\u00e9s au contact alimentaire. <\/p>\n<p>Ces gants poudr\u00e9s sont disponibles en taille L. <\/p>\n<p>Optez pour les gants de protection jetables en latex de la marque Mercator Medical pour effectuer des travaux divers et vari\u00e9s. Gr\u00e2ce \u00e0 leur polyvalence, ils peuvent \u00eatre utilis\u00e9s dans beaucoup de secteurs et de domaines d&rsquo;applications diff\u00e9rents. <\/p>\n<p>Votre sant\u00e9 le vaut bien! <\/p>\n<p>&gt; 5-year warranty.<\/p>","protected":false},"excerpt":{"rendered":"<p>Des gants de protection pour des r\u00e9sultats probants N&rsquo;ayez plus peur de vous salir les mains. Les gants de protection jetables en latex de la marque Mercator Medical garantissent la meilleure protection possible. Ces gants impressionnent de par leur <\/p>","protected":false},"featured_media":31374,"comment_status":"open","ping_status":"closed","template":"","meta":[],"product_brand":[],"product_cat":[140],"product_tag":[],"class_list":{"0":"post-31375","1":"product","2":"type-product","3":"status-publish","4":"has-post-thumbnail","6":"product_cat-gants","7":"pa_taille-l","8":"pa_taille-m","9":"pa_taille-s","10":"pa_taille-xl","12":"first","13":"instock","14":"shipping-taxable","15":"purchasable","16":"product-type-variable"},"_links":{"self":[{"href":"https:\/\/topprixsarl.ch\/en\/wp-json\/wp\/v2\/product\/31375","targetHints":{"allow":["GET"]}}],"collection":[{"href":"https:\/\/topprixsarl.ch\/en\/wp-json\/wp\/v2\/product"}],"about":[{"href":"https:\/\/topprixsarl.ch\/en\/wp-json\/wp\/v2\/types\/product"}],"replies":[{"embeddable":true,"href":"https:\/\/topprixsarl.ch\/en\/wp-json\/wp\/v2\/comments?post=31375"}],"version-history":[{"count":2,"href":"https:\/\/topprixsarl.ch\/en\/wp-json\/wp\/v2\/product\/31375\/revisions"}],"predecessor-version":[{"id":33057,"href":"https:\/\/topprixsarl.ch\/en\/wp-json\/wp\/v2\/product\/31375\/revisions\/33057"}],"wp:featuredmedia":[{"embeddable":true,"href":"https:\/\/topprixsarl.ch\/en\/wp-json\/wp\/v2\/media\/31374"}],"wp:attachment":[{"href":"https:\/\/topprixsarl.ch\/en\/wp-json\/wp\/v2\/media?parent=31375"}],"wp:term":[{"taxonomy":"product_brand","embeddable":true,"href":"https:\/\/topprixsarl.ch\/en\/wp-json\/wp\/v2\/product_brand?post=31375"},{"taxonomy":"product_cat","embeddable":true,"href":"https:\/\/topprixsarl.ch\/en\/wp-json\/wp\/v2\/product_cat?post=31375"},{"taxonomy":"product_tag","embeddable":true,"href":"https:\/\/topprixsarl.ch\/en\/wp-json\/wp\/v2\/product_tag?post=31375"}],"curies":[{"name":"wp","href":"https:\/\/api.w.org\/{rel}","templated":true}]}}