{"id":31365,"date":"2026-01-09T17:15:01","date_gmt":"2026-01-09T17:15:01","guid":{"rendered":"https:\/\/topprixsarl.ch\/product\/chiffons-de-nettoyage-industriel-benitex-soft-4030-1-couche-boite-de-400-pcs\/"},"modified":"2026-01-14T14:19:05","modified_gmt":"2026-01-14T14:19:05","slug":"chiffons-de-nettoyage-industriel-benitex-soft-4030-1-couche-boite-de-400-pcs","status":"publish","type":"product","link":"https:\/\/topprixsarl.ch\/en\/product-2\/chiffons-de-nettoyage-industriel-benitex-soft-4030-1-couche-boite-de-400-pcs\/","title":{"rendered":"Chiffons de nettoyage industriel Benitex Soft 4030, 1 couche, bo\u00eete de 400 pcs"},"content":{"rendered":"<p>La propret\u00e9 au quotidien<\/p>\n<p>Des taches de caf\u00e9 ou d&rsquo;huile sur des surfaces ind\u00e9sirables? Elles font souvent partie de la vie quotidienne voire de la vie professionnelle. Il n&rsquo;est pas rare que l&rsquo;on renverse quelque chose ou que des liquides s&rsquo;\u00e9coulent \u00e0 certains endroits de mani\u00e8re incongrue. <\/p>\n<p>Le rouleau industriel pour le nettoyage humide de la marque Delta est un produit utile en de nombreuses circonstances. Gr\u00e2ce \u00e0 sa robustesse et \u00e0 son excellent pouvoir absorbant, il parviendra rapidement \u00e0 vous faire oublier les petits et gros d\u00e9sagr\u00e9ments. <\/p>\n<p>+ Format de chaque feuille : 40&#215;30 cm<\/p>\n<p>+ Couleur : blanc classique<\/p>\n<p>+ Utilisation : indiqu\u00e9 pour le contact avec les aliments, id\u00e9al dans la cuisine<\/p>\n<p>Nous ne sommes pas encore en mesure de pr\u00e9venir l&rsquo;apparition de taches ou de salet\u00e9 de fa\u00e7on fiable. Mais enlever taches et salet\u00e9 est chose possible. C&rsquo;est pour cela que le rouleau industriel pour le nettoyage humide du fabricant Delta a \u00e9t\u00e9 cr\u00e9\u00e9. <\/p>\n<p>Pas de doute, ce produit sera \u00e0 la hauteur de vos attentes et vous apportera bien plus encore. <\/p>\n<p>Voil\u00e0 comment nettoyer correctement!<\/p>","protected":false},"excerpt":{"rendered":"<p>La propret\u00e9 au quotidienDes taches de caf\u00e9 ou d&rsquo;huile sur des surfaces ind\u00e9sirables? Elles font souvent partie de la vie quotidienne voire de la vie professionnelle. Il n&rsquo;est pas rare que l&rsquo;on renverse quelque chose ou que des liquides s&rsquo;\u00e9coulent \u00e0 c<\/p>","protected":false},"featured_media":31364,"comment_status":"open","ping_status":"closed","template":"","meta":[],"product_brand":[],"product_cat":[143],"product_tag":[],"class_list":{"0":"post-31365","1":"product","2":"type-product","3":"status-publish","4":"has-post-thumbnail","6":"product_cat-nettoyage","8":"first","9":"instock","10":"shipping-taxable","11":"purchasable","12":"product-type-simple"},"_links":{"self":[{"href":"https:\/\/topprixsarl.ch\/en\/wp-json\/wp\/v2\/product\/31365","targetHints":{"allow":["GET"]}}],"collection":[{"href":"https:\/\/topprixsarl.ch\/en\/wp-json\/wp\/v2\/product"}],"about":[{"href":"https:\/\/topprixsarl.ch\/en\/wp-json\/wp\/v2\/types\/product"}],"replies":[{"embeddable":true,"href":"https:\/\/topprixsarl.ch\/en\/wp-json\/wp\/v2\/comments?post=31365"}],"version-history":[{"count":2,"href":"https:\/\/topprixsarl.ch\/en\/wp-json\/wp\/v2\/product\/31365\/revisions"}],"predecessor-version":[{"id":33051,"href":"https:\/\/topprixsarl.ch\/en\/wp-json\/wp\/v2\/product\/31365\/revisions\/33051"}],"wp:featuredmedia":[{"embeddable":true,"href":"https:\/\/topprixsarl.ch\/en\/wp-json\/wp\/v2\/media\/31364"}],"wp:attachment":[{"href":"https:\/\/topprixsarl.ch\/en\/wp-json\/wp\/v2\/media?parent=31365"}],"wp:term":[{"taxonomy":"product_brand","embeddable":true,"href":"https:\/\/topprixsarl.ch\/en\/wp-json\/wp\/v2\/product_brand?post=31365"},{"taxonomy":"product_cat","embeddable":true,"href":"https:\/\/topprixsarl.ch\/en\/wp-json\/wp\/v2\/product_cat?post=31365"},{"taxonomy":"product_tag","embeddable":true,"href":"https:\/\/topprixsarl.ch\/en\/wp-json\/wp\/v2\/product_tag?post=31365"}],"curies":[{"name":"wp","href":"https:\/\/api.w.org\/{rel}","templated":true}]}}