{"id":31363,"date":"2026-01-09T17:14:31","date_gmt":"2026-01-09T17:14:31","guid":{"rendered":"https:\/\/topprixsarl.ch\/product\/stylo-feutre-papermate-flair-pointe-moyenne-coloris-pastel-par-6\/"},"modified":"2026-01-14T14:19:05","modified_gmt":"2026-01-14T14:19:05","slug":"stylo-feutre-papermate-flair-pointe-moyenne-coloris-pastel-par-6","status":"publish","type":"product","link":"https:\/\/topprixsarl.ch\/en\/product-2\/stylo-feutre-papermate-flair-pointe-moyenne-coloris-pastel-par-6\/","title":{"rendered":"Stylo-feutre Papermate Flair &#8211; pointe moyenne &#8211; coloris pastel &#8211; par 6"},"content":{"rendered":"<p>Pour une bonne \u00e9criture <\/p>\n<p>Ce n&rsquo;est pas tout le monde qui ose s&rsquo;aventurer \u00e0 \u00e9crire quelques chapitres de l&rsquo;Histoire. Par contre, quand il s&rsquo;agit d&rsquo;\u00e9crire quelque chose, il faut que ce soit bien \u00e9crit. <\/p>\n<p>Avec le feutre de la marque Papermate, vous disposez d&rsquo;un outil haut de gamme qui permet d&rsquo;obtenir des caract\u00e8res parfaits. <\/p>\n<p>+ Design attrayant <\/p>\n<p>Sa pointe vous aide \u00e0 noter pr\u00e9cis\u00e9ment toutes sortes de pens\u00e9es et transcriptions. L&rsquo;encre liquide permet d&rsquo;obtenir une \u00e9criture particuli\u00e8rement lisse et fluide, tandis que sa faible viscosit\u00e9 lui permet de p\u00e9n\u00e9trer plus profond\u00e9ment dans le papier, r\u00e9duisant ainsi les bavures et les taches. <\/p>\n<p>+ Pointe conique pour pr\u00e9cision <\/p>\n<p>Gr\u00e2ce \u00e0 la pointe conique, vous pouvez dessiner tr\u00e8s pr\u00e9cis\u00e9ment. <\/p>\n<p>+ Assortiment de couleurs <\/p>\n<p>Gr\u00e2ce \u00e0 l&rsquo;assortiment de couleurs, vous avez beaucoup de possibilit\u00e9s pour organiser le travail. M\u00eame \u00e0 l&rsquo;\u00e8re du num\u00e9rique, il est absolument indispensable de disposer d&rsquo;instruments de qualit\u00e9 pour \u00e9crire ou pour dessiner. <\/p>\n<p>Ils sont toujours \u00e0 port\u00e9e de main lorsque vous \u00ab\u00a0capturez\u00a0\u00bb des id\u00e9es ou lorsque vous cr\u00e9ez quelque chose. <\/p>\n<p>Le feutre de la marque Papermate vous permettra de passer de bons moments au travail gr\u00e2ce \u00e0 son design de haute qualit\u00e9. <\/p>\n<p>+ Application m\u00e9thodique de la couleur <\/p>\n<p>La couleur est appliqu\u00e9e m\u00e9thodiquement et de mani\u00e8re r\u00e9guli\u00e8re pour un r\u00e9sultat tout \u00e0 fait convaincant. <\/p>\n<p>Donnez plus de caract\u00e8re \u00e0 vos pens\u00e9es!<\/p>","protected":false},"excerpt":{"rendered":"<p>Pour une bonne \u00e9criture Ce n&rsquo;est pas tout le monde qui ose s&rsquo;aventurer \u00e0 \u00e9crire quelques chapitres de l&rsquo;Histoire. Par contre, quand il s&rsquo;agit d&rsquo;\u00e9crire quelque chose, il faut que ce soit bien \u00e9crit. Avec le feutre de la marque Papermate, vous disposez<\/p>","protected":false},"featured_media":31362,"comment_status":"open","ping_status":"closed","template":"","meta":[],"product_brand":[],"product_cat":[137],"product_tag":[],"class_list":{"0":"post-31363","1":"product","2":"type-product","3":"status-publish","4":"has-post-thumbnail","6":"product_cat-papier","8":"first","9":"instock","10":"shipping-taxable","11":"purchasable","12":"product-type-simple"},"_links":{"self":[{"href":"https:\/\/topprixsarl.ch\/en\/wp-json\/wp\/v2\/product\/31363","targetHints":{"allow":["GET"]}}],"collection":[{"href":"https:\/\/topprixsarl.ch\/en\/wp-json\/wp\/v2\/product"}],"about":[{"href":"https:\/\/topprixsarl.ch\/en\/wp-json\/wp\/v2\/types\/product"}],"replies":[{"embeddable":true,"href":"https:\/\/topprixsarl.ch\/en\/wp-json\/wp\/v2\/comments?post=31363"}],"version-history":[{"count":2,"href":"https:\/\/topprixsarl.ch\/en\/wp-json\/wp\/v2\/product\/31363\/revisions"}],"predecessor-version":[{"id":33049,"href":"https:\/\/topprixsarl.ch\/en\/wp-json\/wp\/v2\/product\/31363\/revisions\/33049"}],"wp:featuredmedia":[{"embeddable":true,"href":"https:\/\/topprixsarl.ch\/en\/wp-json\/wp\/v2\/media\/31362"}],"wp:attachment":[{"href":"https:\/\/topprixsarl.ch\/en\/wp-json\/wp\/v2\/media?parent=31363"}],"wp:term":[{"taxonomy":"product_brand","embeddable":true,"href":"https:\/\/topprixsarl.ch\/en\/wp-json\/wp\/v2\/product_brand?post=31363"},{"taxonomy":"product_cat","embeddable":true,"href":"https:\/\/topprixsarl.ch\/en\/wp-json\/wp\/v2\/product_cat?post=31363"},{"taxonomy":"product_tag","embeddable":true,"href":"https:\/\/topprixsarl.ch\/en\/wp-json\/wp\/v2\/product_tag?post=31363"}],"curies":[{"name":"wp","href":"https:\/\/api.w.org\/{rel}","templated":true}]}}