{"id":31353,"date":"2026-01-09T17:13:20","date_gmt":"2026-01-09T17:13:20","guid":{"rendered":"https:\/\/topprixsarl.ch\/product\/cartouche-dencre-brother-lc-422xlc-500-pages-cyan\/"},"modified":"2026-01-14T14:19:05","modified_gmt":"2026-01-14T14:19:05","slug":"cartouche-dencre-brother-lc-422xlc-500-pages-cyan","status":"publish","type":"product","link":"https:\/\/topprixsarl.ch\/en\/product-2\/cartouche-dencre-brother-lc-422xlc-500-pages-cyan\/","title":{"rendered":"Ink cartridge Brother LC-422XLC, 500 pages, cyan"},"content":{"rendered":"<p>Assurez-vous que l&rsquo;encre, le papier et la technologie d&rsquo;impression fonctionnent parfaitement ensemble. <\/p>\n<p>Juste au moment o\u00f9 vous en avez le plus besoin, votre imprimante n&rsquo;imprime plus que des couleurs ternes et des caract\u00e8res illisibles? Assurez-vous d&rsquo;obtenir des accessoires de haute qualit\u00e9! <\/p>\n<p>Avec la Cartouche d&rsquo;encre Brother LC-422XLBK, 500 pages, cyan, vous conf\u00e9rez \u00e0 vos impressions une gamme de couleurs riches et des contrastes de qualit\u00e9 optimale. <\/p>\n<p>+ Cette cartouche a \u00e9t\u00e9 sp\u00e9cialement con\u00e7ue pour r\u00e9pondre aux exigences tr\u00e8s sp\u00e9cifiques des imprimantes \u00e0 jet d&rsquo;encre. <\/p>\n<p>L&rsquo;article contient le cyan comme encre d&rsquo;impression. <\/p>\n<p>+ V\u00e9ritable produit de marque \u00e0 l&rsquo;\u00e9tat neuf, il vous s\u00e9duira par son excellente qualit\u00e9. <\/p>\n<p>Avec un seul achat, vous obtenez 1 article. <\/p>\n<p>+ Imprimez sans probl\u00e8me!<br \/>\n+ Imprimez avec de bons r\u00e9sultats \u00e0 la cl\u00e9!<br \/>\n+ Imprimez sans probl\u00e8me!<br \/>\n+ Imprimez avec de bons r\u00e9sultats \u00e0 la cl\u00e9!<\/p>","protected":false},"excerpt":{"rendered":"<p>Assurez-vous que l&rsquo;encre, le papier et la technologie d&rsquo;impression fonctionnent parfaitement ensemble. Juste au moment o\u00f9 vous en avez le plus besoin, votre imprimante n&rsquo;imprime plus que des couleurs ternes et des caract\u00e8res illisibles? Assurez-vous <\/p>","protected":false},"featured_media":31352,"comment_status":"open","ping_status":"closed","template":"","meta":[],"product_brand":[],"product_cat":[137],"product_tag":[],"class_list":{"0":"post-31353","1":"product","2":"type-product","3":"status-publish","4":"has-post-thumbnail","6":"product_cat-papier","8":"first","9":"instock","10":"shipping-taxable","11":"purchasable","12":"product-type-simple"},"_links":{"self":[{"href":"https:\/\/topprixsarl.ch\/en\/wp-json\/wp\/v2\/product\/31353","targetHints":{"allow":["GET"]}}],"collection":[{"href":"https:\/\/topprixsarl.ch\/en\/wp-json\/wp\/v2\/product"}],"about":[{"href":"https:\/\/topprixsarl.ch\/en\/wp-json\/wp\/v2\/types\/product"}],"replies":[{"embeddable":true,"href":"https:\/\/topprixsarl.ch\/en\/wp-json\/wp\/v2\/comments?post=31353"}],"version-history":[{"count":2,"href":"https:\/\/topprixsarl.ch\/en\/wp-json\/wp\/v2\/product\/31353\/revisions"}],"predecessor-version":[{"id":33044,"href":"https:\/\/topprixsarl.ch\/en\/wp-json\/wp\/v2\/product\/31353\/revisions\/33044"}],"wp:featuredmedia":[{"embeddable":true,"href":"https:\/\/topprixsarl.ch\/en\/wp-json\/wp\/v2\/media\/31352"}],"wp:attachment":[{"href":"https:\/\/topprixsarl.ch\/en\/wp-json\/wp\/v2\/media?parent=31353"}],"wp:term":[{"taxonomy":"product_brand","embeddable":true,"href":"https:\/\/topprixsarl.ch\/en\/wp-json\/wp\/v2\/product_brand?post=31353"},{"taxonomy":"product_cat","embeddable":true,"href":"https:\/\/topprixsarl.ch\/en\/wp-json\/wp\/v2\/product_cat?post=31353"},{"taxonomy":"product_tag","embeddable":true,"href":"https:\/\/topprixsarl.ch\/en\/wp-json\/wp\/v2\/product_tag?post=31353"}],"curies":[{"name":"wp","href":"https:\/\/api.w.org\/{rel}","templated":true}]}}