{"id":31351,"date":"2026-01-09T17:13:06","date_gmt":"2026-01-09T17:13:06","guid":{"rendered":"https:\/\/topprixsarl.ch\/product\/cartouche-dencre-brother-lc-422xlbk-500-pages-noir\/"},"modified":"2026-01-14T14:19:06","modified_gmt":"2026-01-14T14:19:06","slug":"cartouche-dencre-brother-lc-422xlbk-500-pages-noir","status":"publish","type":"product","link":"https:\/\/topprixsarl.ch\/en\/product-2\/cartouche-dencre-brother-lc-422xlbk-500-pages-noir\/","title":{"rendered":"Ink cartridge Brother LC-422XLBK, 500 pages, black"},"content":{"rendered":"<p>Assurez-vous que l&rsquo;encre, le papier et la technologie d&rsquo;impression fonctionnent parfaitement ensemble. <\/p>\n<p>Une pr\u00e9sentation importante est \u00e0 l&rsquo;ordre du jour et vous avez avant tout besoin d&rsquo;une chose: de pouvoir imprimer des documents dans des couleurs pr\u00e9cises. <\/p>\n<p>Vos cartouches d&rsquo;encre sont vides? Avec la Cartouche d&rsquo;encre Brother LC-422XLBK, 500 pages, noir, vous assurez un remplissage efficace. <\/p>\n<p>+ Cartouche optimis\u00e9e pour r\u00e9pondre aux exigences des imprimantes \u00e0 jet d&rsquo;encre. <\/p>\n<p>Cette technologie lui permet de d\u00e9ployer tout son potentiel. Gr\u00e2ce \u00e0 cet article, on est certain d&rsquo;obtenir des r\u00e9sultats d&rsquo;impression avec un haut contraste pour ce qui est de la couleur noire. <\/p>\n<p>+ V\u00e9ritable produit de marque \u00e0 l&rsquo;\u00e9tat neuf, il vous s\u00e9duira par son excellente qualit\u00e9. <\/p>\n<p>Avec un seul achat, vous obtenez 1 article. <\/p>\n<p>+ Vivez une exp\u00e9rience d&rsquo;impression propre! <\/p>\n<p>+ S\u00e9curisez votre standard avec ces accessoires! <\/p>\n<p>+ \u00c9vitez les probl\u00e8mes de ravitaillement! <\/p>\n<p>+ \u00c9vitez les interruptions d\u00e9sagr\u00e9ables! <\/p>\n<p>*Notes de bas de page: [ajouter ici si n\u00e9cessaire]*<\/p>","protected":false},"excerpt":{"rendered":"<p>Assurez-vous que l&rsquo;encre, le papier et la technologie d&rsquo;impression fonctionnent parfaitement ensemble. Une pr\u00e9sentation importante est \u00e0 l&rsquo;ordre du jour et vous avez avant tout besoin d&rsquo;une chose: de pouvoir imprimer des documents dans des couleurs p<\/p>","protected":false},"featured_media":31350,"comment_status":"open","ping_status":"closed","template":"","meta":[],"product_brand":[],"product_cat":[137],"product_tag":[],"class_list":{"0":"post-31351","1":"product","2":"type-product","3":"status-publish","4":"has-post-thumbnail","6":"product_cat-papier","8":"first","9":"instock","10":"shipping-taxable","11":"purchasable","12":"product-type-simple"},"_links":{"self":[{"href":"https:\/\/topprixsarl.ch\/en\/wp-json\/wp\/v2\/product\/31351","targetHints":{"allow":["GET"]}}],"collection":[{"href":"https:\/\/topprixsarl.ch\/en\/wp-json\/wp\/v2\/product"}],"about":[{"href":"https:\/\/topprixsarl.ch\/en\/wp-json\/wp\/v2\/types\/product"}],"replies":[{"embeddable":true,"href":"https:\/\/topprixsarl.ch\/en\/wp-json\/wp\/v2\/comments?post=31351"}],"version-history":[{"count":2,"href":"https:\/\/topprixsarl.ch\/en\/wp-json\/wp\/v2\/product\/31351\/revisions"}],"predecessor-version":[{"id":33043,"href":"https:\/\/topprixsarl.ch\/en\/wp-json\/wp\/v2\/product\/31351\/revisions\/33043"}],"wp:featuredmedia":[{"embeddable":true,"href":"https:\/\/topprixsarl.ch\/en\/wp-json\/wp\/v2\/media\/31350"}],"wp:attachment":[{"href":"https:\/\/topprixsarl.ch\/en\/wp-json\/wp\/v2\/media?parent=31351"}],"wp:term":[{"taxonomy":"product_brand","embeddable":true,"href":"https:\/\/topprixsarl.ch\/en\/wp-json\/wp\/v2\/product_brand?post=31351"},{"taxonomy":"product_cat","embeddable":true,"href":"https:\/\/topprixsarl.ch\/en\/wp-json\/wp\/v2\/product_cat?post=31351"},{"taxonomy":"product_tag","embeddable":true,"href":"https:\/\/topprixsarl.ch\/en\/wp-json\/wp\/v2\/product_tag?post=31351"}],"curies":[{"name":"wp","href":"https:\/\/api.w.org\/{rel}","templated":true}]}}