{"id":31343,"date":"2026-01-09T17:12:10","date_gmt":"2026-01-09T17:12:10","guid":{"rendered":"https:\/\/topprixsarl.ch\/product\/notes-recyclees-post-it-nature-76-x-76-mm-pastel-16-blocs-x-100-feuilles\/"},"modified":"2026-01-14T14:19:06","modified_gmt":"2026-01-14T14:19:06","slug":"notes-recyclees-post-it-nature-76-x-76-mm-pastel-16-blocs-x-100-feuilles","status":"publish","type":"product","link":"https:\/\/topprixsarl.ch\/en\/product\/notes-recyclees-post-it-nature-76-x-76-mm-pastel-16-blocs-x-100-feuilles\/","title":{"rendered":"Notes recycl\u00e9es Post-it Nature &#8211; 76 x 76 mm &#8211; pastel &#8211; 16 blocs x 100 feuilles"},"content":{"rendered":"<p>Mieux vaut coller qu&rsquo;oublier. Voil\u00e0, c&rsquo;\u00e9tait la brillante trouvaille! L&rsquo;id\u00e9e r\u00e9volutionnaire qui aurait pu faire avancer le projet! Malheureusement, avant m\u00eame d&rsquo;avoir pu en discuter avec quelqu&rsquo;un, l&rsquo;\u00e9clair de g\u00e9nie s&rsquo;est envol\u00e9 et vous ruminez encore et encore jusqu&rsquo;\u00e0 ce que vous vous en souveniez \u00e0 nouveau? <\/p>\n<p>Pour \u00e9viter de tels d\u00e9sagr\u00e9ments, mieux vaut donc noter tout de suite les pens\u00e9es essentielles. <\/p>\n<p>+ Un paquet se compose de 16 blocs. <\/p>\n<p>Pour faciliter votre travail et votre r\u00e9flexion, les notes sont disponibles dans des couleurs assorties. <\/p>\n<p>+ Les feuilles de papier ont la forme carr\u00e9e. <\/p>\n<p>+ La force adh\u00e9sive est id\u00e9ale pour la plupart des surfaces. Cela signifie que les feuilles adh\u00e8rent bien et peuvent \u00eatre enlev\u00e9es sans probl\u00e8me. <\/p>\n<p>Vous trouverez 16 blocs dans un seul paquet! <\/p>\n<p>+ De cette fa\u00e7on, vous aurez toujours une note de la marque Post-it \u00e0 port\u00e9e de main. <\/p>\n<p>Vous pouvez donc vous simplifier la vie sur votre lieu de travail \u00e0 peu de frais. <\/p>\n<p>N&rsquo;attendez pas plus longtemps: optez pour un produit qui all\u00e9gera vos conditions de travail!<\/p>","protected":false},"excerpt":{"rendered":"<p>Mieux vaut coller qu&rsquo;oublier. Voil\u00e0, c&rsquo;\u00e9tait la brillante trouvaille! L&rsquo;id\u00e9e r\u00e9volutionnaire qui aurait pu faire avancer le projet! Malheureusement, avant m\u00eame d&rsquo;avoir pu en discuter avec quelqu&rsquo;un, l&rsquo;\u00e9clair de g\u00e9nie s&rsquo;est envol\u00e9 et vous ruminez enco<\/p>","protected":false},"featured_media":31342,"comment_status":"open","ping_status":"closed","template":"","meta":[],"product_brand":[],"product_cat":[137],"product_tag":[],"class_list":{"0":"post-31343","1":"product","2":"type-product","3":"status-publish","4":"has-post-thumbnail","6":"product_cat-article-offic","8":"first","9":"instock","10":"shipping-taxable","11":"purchasable","12":"product-type-simple"},"_links":{"self":[{"href":"https:\/\/topprixsarl.ch\/en\/wp-json\/wp\/v2\/product\/31343","targetHints":{"allow":["GET"]}}],"collection":[{"href":"https:\/\/topprixsarl.ch\/en\/wp-json\/wp\/v2\/product"}],"about":[{"href":"https:\/\/topprixsarl.ch\/en\/wp-json\/wp\/v2\/types\/product"}],"replies":[{"embeddable":true,"href":"https:\/\/topprixsarl.ch\/en\/wp-json\/wp\/v2\/comments?post=31343"}],"version-history":[{"count":2,"href":"https:\/\/topprixsarl.ch\/en\/wp-json\/wp\/v2\/product\/31343\/revisions"}],"predecessor-version":[{"id":33039,"href":"https:\/\/topprixsarl.ch\/en\/wp-json\/wp\/v2\/product\/31343\/revisions\/33039"}],"wp:featuredmedia":[{"embeddable":true,"href":"https:\/\/topprixsarl.ch\/en\/wp-json\/wp\/v2\/media\/31342"}],"wp:attachment":[{"href":"https:\/\/topprixsarl.ch\/en\/wp-json\/wp\/v2\/media?parent=31343"}],"wp:term":[{"taxonomy":"product_brand","embeddable":true,"href":"https:\/\/topprixsarl.ch\/en\/wp-json\/wp\/v2\/product_brand?post=31343"},{"taxonomy":"product_cat","embeddable":true,"href":"https:\/\/topprixsarl.ch\/en\/wp-json\/wp\/v2\/product_cat?post=31343"},{"taxonomy":"product_tag","embeddable":true,"href":"https:\/\/topprixsarl.ch\/en\/wp-json\/wp\/v2\/product_tag?post=31343"}],"curies":[{"name":"wp","href":"https:\/\/api.w.org\/{rel}","templated":true}]}}