{"id":31333,"date":"2026-01-09T17:11:01","date_gmt":"2026-01-09T17:11:01","guid":{"rendered":"https:\/\/topprixsarl.ch\/product\/notes-post-it-super-sticky-76-x-76-mm-oasis-5-blocs-x-90-feuilles\/"},"modified":"2026-01-14T14:19:06","modified_gmt":"2026-01-14T14:19:06","slug":"notes-post-it-super-sticky-76-x-76-mm-oasis-5-blocs-x-90-feuilles","status":"publish","type":"product","link":"https:\/\/topprixsarl.ch\/en\/product\/notes-post-it-super-sticky-76-x-76-mm-oasis-5-blocs-x-90-feuilles\/","title":{"rendered":"Notes Post-it Super Sticky &#8211; 76 x 76 mm &#8211; oasis &#8211; 5 blocs x 90 feuilles"},"content":{"rendered":"<p>Pour les \u00e9clairs de g\u00e9nie qui ne s&rsquo;estompent jamais. Voil\u00e0, c&rsquo;\u00e9tait la brillante trouvaille! L&rsquo;id\u00e9e r\u00e9volutionnaire qui aurait pu faire avancer le projet! Malheureusement, avant m\u00eame d&rsquo;avoir pu en discuter avec quelqu&rsquo;un, l&rsquo;\u00e9clair de g\u00e9nie s&rsquo;est envol\u00e9 et vous ruminez encore et encore jusqu&rsquo;\u00e0 ce que vous vous en souveniez \u00e0 nouveau? <\/p>\n<p>Pour \u00e9viter de tels d\u00e9sagr\u00e9ments, mieux vaut donc noter tout de suite les pens\u00e9es essentielles. Et pour garder une id\u00e9e \u00e0 l&rsquo;esprit, il faut qu&rsquo;elle reste visible sur les notes de la marque Post-it. <\/p>\n<p>+ Un paquet se compose de cinq blocs. <\/p>\n<p>+ Pour faciliter le maniement, chaque bloc est fabriqu\u00e9 dans des couleurs assorties. <\/p>\n<p>+ Les feuilles ont la forme carr\u00e9e. <\/p>\n<p>+ Le pouvoir adh\u00e9sif est fort, les feuilles restent donc l\u00e0 o\u00f9 vous les mettez. <\/p>\n<p>+ N&rsquo;amputez pas votre budget et perdez moins de temps \u00e0 chercher vos notes. <\/p>\n<p>Avec un stock d&rsquo;un cinq de la marque Post-it, vous et vos coll\u00e8gues ne manquerez plus rien. Un seul achat \u2013 et la possibilit\u00e9 de noter beaucoup d&rsquo;informations: saisissez l&rsquo;occasion! <\/p>\n<p>*Notes de bas de page*<\/p>","protected":false},"excerpt":{"rendered":"<p>Pour les \u00e9clairs de g\u00e9nie qui ne s&rsquo;estompent jamais. Voil\u00e0, c&rsquo;\u00e9tait la brillante trouvaille! L&rsquo;id\u00e9e r\u00e9volutionnaire qui aurait pu faire avancer le projet! Malheureusement, avant m\u00eame d&rsquo;avoir pu en discuter avec quelqu&rsquo;un, l&rsquo;\u00e9clair de g\u00e9nie s&rsquo;est envo<\/p>","protected":false},"featured_media":31332,"comment_status":"open","ping_status":"closed","template":"","meta":[],"product_brand":[],"product_cat":[137],"product_tag":[],"class_list":{"0":"post-31333","1":"product","2":"type-product","3":"status-publish","4":"has-post-thumbnail","6":"product_cat-article-offic","8":"first","9":"instock","10":"shipping-taxable","11":"purchasable","12":"product-type-simple"},"_links":{"self":[{"href":"https:\/\/topprixsarl.ch\/en\/wp-json\/wp\/v2\/product\/31333","targetHints":{"allow":["GET"]}}],"collection":[{"href":"https:\/\/topprixsarl.ch\/en\/wp-json\/wp\/v2\/product"}],"about":[{"href":"https:\/\/topprixsarl.ch\/en\/wp-json\/wp\/v2\/types\/product"}],"replies":[{"embeddable":true,"href":"https:\/\/topprixsarl.ch\/en\/wp-json\/wp\/v2\/comments?post=31333"}],"version-history":[{"count":2,"href":"https:\/\/topprixsarl.ch\/en\/wp-json\/wp\/v2\/product\/31333\/revisions"}],"predecessor-version":[{"id":33034,"href":"https:\/\/topprixsarl.ch\/en\/wp-json\/wp\/v2\/product\/31333\/revisions\/33034"}],"wp:featuredmedia":[{"embeddable":true,"href":"https:\/\/topprixsarl.ch\/en\/wp-json\/wp\/v2\/media\/31332"}],"wp:attachment":[{"href":"https:\/\/topprixsarl.ch\/en\/wp-json\/wp\/v2\/media?parent=31333"}],"wp:term":[{"taxonomy":"product_brand","embeddable":true,"href":"https:\/\/topprixsarl.ch\/en\/wp-json\/wp\/v2\/product_brand?post=31333"},{"taxonomy":"product_cat","embeddable":true,"href":"https:\/\/topprixsarl.ch\/en\/wp-json\/wp\/v2\/product_cat?post=31333"},{"taxonomy":"product_tag","embeddable":true,"href":"https:\/\/topprixsarl.ch\/en\/wp-json\/wp\/v2\/product_tag?post=31333"}],"curies":[{"name":"wp","href":"https:\/\/api.w.org\/{rel}","templated":true}]}}