{"id":31317,"date":"2026-01-09T17:09:00","date_gmt":"2026-01-09T17:09:00","guid":{"rendered":"https:\/\/topprixsarl.ch\/product\/13-729-756\/"},"modified":"2026-01-14T14:19:07","modified_gmt":"2026-01-14T14:19:07","slug":"13-729-756","status":"publish","type":"product","link":"https:\/\/topprixsarl.ch\/en\/product-2\/13-729-756\/","title":{"rendered":"13.729.756"},"content":{"rendered":"<p>La craie, pas seulement pour les tableaux noirs<\/p>\n<p>Qui n&rsquo;a pas la chair de poule en repensant \u00e0 ses ann\u00e9es d&rsquo;\u00e9cole? Les plus \u00e2g\u00e9s, en particulier, se souviennent des tableaux noirs qui procuraient toujours une sensation d\u00e9sagr\u00e9able lorsque l&rsquo;on passait ses ongles dessus. <\/p>\n<p>Et comment \u00e9crivait-on autrefois sur ces tableaux noirs? Avec de la craie. Edding a d\u00e9velopp\u00e9 le marqueur \u00e0 craie 4085 \u00e0 cet effet. <\/p>\n<p>+ Utilisation polyvalente : Ce stylo peut \u00eatre utilis\u00e9 non seulement sur les tableaux noirs, mais aussi sur le verre, le plexiglas, les fen\u00eatres ou les miroirs &#8211; en d&rsquo;autres termes, sur toutes les surfaces ferm\u00e9es. <\/p>\n<p>+ Pr\u00e9cision accrue : Avec une largeur de trait de 1 \u00e0 2 mm, il permet d&rsquo;\u00e9crire avec beaucoup plus de pr\u00e9cision qu&rsquo;avec les crayons de l&rsquo;\u00e9cole. <\/p>\n<p>+ Craie liquide : Ce stylo contient une craie liquide opaque, inodore et \u00e0 base d&rsquo;eau. Il est donc id\u00e9al pour le design, la d\u00e9coration et l&rsquo;\u00e9tiquetage. <\/p>\n<p>+ Effa\u00e7able : Cette d\u00e9coration n&rsquo;est pas permanente &#8211; elle peut \u00eatre facilement effac\u00e9e de presque toutes les surfaces avec un chiffon humide. <\/p>\n<p>D\u00e9corez vos miroirs et fen\u00eatres au bureau! <\/p>\n<p>Produit biocide<\/p>\n<p>Les produits biocides doivent \u00eatre utilis\u00e9s avec pr\u00e9caution. Veuillez lire l\u2019\u00e9tiquette et la notice d\u2019emballage avant toute utilisation.*<\/p>","protected":false},"excerpt":{"rendered":"<p>La craie, pas seulement pour les tableaux noirs Qui n&rsquo;a pas la chair de poule en repensant \u00e0 ses ann\u00e9es d&rsquo;\u00e9cole? Les plus \u00e2g\u00e9s, en particulier, se souviennent des tableaux noirs qui procuraient toujours une sensation d\u00e9sagr\u00e9able lorsque l&rsquo;on passait <\/p>","protected":false},"featured_media":31316,"comment_status":"open","ping_status":"closed","template":"","meta":[],"product_brand":[],"product_cat":[143],"product_tag":[],"class_list":{"0":"post-31317","1":"product","2":"type-product","3":"status-publish","4":"has-post-thumbnail","6":"product_cat-nettoyage","8":"first","9":"instock","10":"shipping-taxable","11":"purchasable","12":"product-type-simple"},"_links":{"self":[{"href":"https:\/\/topprixsarl.ch\/en\/wp-json\/wp\/v2\/product\/31317","targetHints":{"allow":["GET"]}}],"collection":[{"href":"https:\/\/topprixsarl.ch\/en\/wp-json\/wp\/v2\/product"}],"about":[{"href":"https:\/\/topprixsarl.ch\/en\/wp-json\/wp\/v2\/types\/product"}],"replies":[{"embeddable":true,"href":"https:\/\/topprixsarl.ch\/en\/wp-json\/wp\/v2\/comments?post=31317"}],"version-history":[{"count":2,"href":"https:\/\/topprixsarl.ch\/en\/wp-json\/wp\/v2\/product\/31317\/revisions"}],"predecessor-version":[{"id":33026,"href":"https:\/\/topprixsarl.ch\/en\/wp-json\/wp\/v2\/product\/31317\/revisions\/33026"}],"wp:featuredmedia":[{"embeddable":true,"href":"https:\/\/topprixsarl.ch\/en\/wp-json\/wp\/v2\/media\/31316"}],"wp:attachment":[{"href":"https:\/\/topprixsarl.ch\/en\/wp-json\/wp\/v2\/media?parent=31317"}],"wp:term":[{"taxonomy":"product_brand","embeddable":true,"href":"https:\/\/topprixsarl.ch\/en\/wp-json\/wp\/v2\/product_brand?post=31317"},{"taxonomy":"product_cat","embeddable":true,"href":"https:\/\/topprixsarl.ch\/en\/wp-json\/wp\/v2\/product_cat?post=31317"},{"taxonomy":"product_tag","embeddable":true,"href":"https:\/\/topprixsarl.ch\/en\/wp-json\/wp\/v2\/product_tag?post=31317"}],"curies":[{"name":"wp","href":"https:\/\/api.w.org\/{rel}","templated":true}]}}