{"id":31307,"date":"2026-01-09T15:24:25","date_gmt":"2026-01-09T15:24:25","guid":{"rendered":"https:\/\/topprixsarl.ch\/product\/grille-desodorisante-pour-urinoirs-wave-3d-pqt-de-2-pcs-parfum-fleurs-de-coton\/"},"modified":"2026-01-14T14:19:08","modified_gmt":"2026-01-14T14:19:08","slug":"grille-desodorisante-pour-urinoirs-wave-3d-pqt-de-2-pcs-parfum-fleurs-de-coton","status":"publish","type":"product","link":"https:\/\/topprixsarl.ch\/en\/product-2\/grille-desodorisante-pour-urinoirs-wave-3d-pqt-de-2-pcs-parfum-fleurs-de-coton\/","title":{"rendered":"Grille d\u00e9sodorisante pour urinoirs Wave 3D, pqt de 2 pcs, parfum fleurs de coton"},"content":{"rendered":"<p>Propret\u00e9 et hygi\u00e8ne partout<\/p>\n<p>Les hommes ont g\u00e9n\u00e9ralement un sentiment d&rsquo;oppression lorsqu&rsquo;ils veulent faire leurs besoins dans des toilettes tr\u00e8s fr\u00e9quent\u00e9es, par exemple dans les stations-service, les stades de football ou les centres-villes. Tr\u00e8s souvent, la cause d&rsquo;un environnement malpropre, non hygi\u00e9nique et malodorant est l&rsquo;absence de protection contre les \u00e9claboussures dans l&rsquo;urinoir.<\/p>\n<p>Le tapis pour urinoir Wave 3D vous aide \u00e0 garder ces toilettes propres et hygi\u00e9niques. <\/p>\n<p>+ R\u00e9duction des \u00e9claboussures jusqu&rsquo;\u00e0 99 %, ce qui r\u00e9duit la contamination du sol pendant 30 jours. <\/p>\n<p>Vous pouvez donc \u00eatre s\u00fbr que ces contaminants auront beaucoup de mal \u00e0 poser un risque d&rsquo;hygi\u00e8ne dans tout votre \u00e9tablissement. <\/p>\n<p>Mais le tapis peut faire encore plus: <\/p>\n<p>+ D\u00e9gage un parfum de fleurs de coton et assure ainsi un climat int\u00e9rieur agr\u00e9able. <\/p>\n<p>Des champs ouverts pratiques dans le tapis peuvent vous aider \u00e0 identifier si le tapis doit \u00eatre remplac\u00e9. <\/p>\n<p>Un autre point positif est la pr\u00e9sence de bact\u00e9ries b\u00e9n\u00e9fiques, qui garantissent un urinoir bien et des conduites d&rsquo;eaux us\u00e9es bien entretenus. <\/p>\n<p>Faites en sorte que vos toilettes soient \u00e9tincelantes et sentent bon!<\/p>","protected":false},"excerpt":{"rendered":"<p>Propret\u00e9 et hygi\u00e8ne partout Les hommes ont g\u00e9n\u00e9ralement un sentiment d&rsquo;oppression lorsqu&rsquo;ils veulent faire leurs besoins dans des toilettes tr\u00e8s fr\u00e9quent\u00e9es, par exemple dans les stations-service, les stades de football ou les centres-villes. Tr\u00e8s so<\/p>","protected":false},"featured_media":31306,"comment_status":"open","ping_status":"closed","template":"","meta":[],"product_brand":[],"product_cat":[143],"product_tag":[],"class_list":{"0":"post-31307","1":"product","2":"type-product","3":"status-publish","4":"has-post-thumbnail","6":"product_cat-nettoyage","8":"first","9":"instock","10":"shipping-taxable","11":"purchasable","12":"product-type-simple"},"_links":{"self":[{"href":"https:\/\/topprixsarl.ch\/en\/wp-json\/wp\/v2\/product\/31307","targetHints":{"allow":["GET"]}}],"collection":[{"href":"https:\/\/topprixsarl.ch\/en\/wp-json\/wp\/v2\/product"}],"about":[{"href":"https:\/\/topprixsarl.ch\/en\/wp-json\/wp\/v2\/types\/product"}],"replies":[{"embeddable":true,"href":"https:\/\/topprixsarl.ch\/en\/wp-json\/wp\/v2\/comments?post=31307"}],"version-history":[{"count":2,"href":"https:\/\/topprixsarl.ch\/en\/wp-json\/wp\/v2\/product\/31307\/revisions"}],"predecessor-version":[{"id":33022,"href":"https:\/\/topprixsarl.ch\/en\/wp-json\/wp\/v2\/product\/31307\/revisions\/33022"}],"wp:featuredmedia":[{"embeddable":true,"href":"https:\/\/topprixsarl.ch\/en\/wp-json\/wp\/v2\/media\/31306"}],"wp:attachment":[{"href":"https:\/\/topprixsarl.ch\/en\/wp-json\/wp\/v2\/media?parent=31307"}],"wp:term":[{"taxonomy":"product_brand","embeddable":true,"href":"https:\/\/topprixsarl.ch\/en\/wp-json\/wp\/v2\/product_brand?post=31307"},{"taxonomy":"product_cat","embeddable":true,"href":"https:\/\/topprixsarl.ch\/en\/wp-json\/wp\/v2\/product_cat?post=31307"},{"taxonomy":"product_tag","embeddable":true,"href":"https:\/\/topprixsarl.ch\/en\/wp-json\/wp\/v2\/product_tag?post=31307"}],"curies":[{"name":"wp","href":"https:\/\/api.w.org\/{rel}","templated":true}]}}