{"id":31291,"date":"2026-01-09T15:22:22","date_gmt":"2026-01-09T15:22:22","guid":{"rendered":"https:\/\/topprixsarl.ch\/product\/etiqueteuse-dymo-label-manager-160p-3-rubans-d1-12-mm-noir-sur-blanc\/"},"modified":"2026-01-14T14:19:08","modified_gmt":"2026-01-14T14:19:08","slug":"etiqueteuse-dymo-label-manager-160p-3-rubans-d1-12-mm-noir-sur-blanc","status":"publish","type":"product","link":"https:\/\/topprixsarl.ch\/en\/product-2\/etiqueteuse-dymo-label-manager-160p-3-rubans-d1-12-mm-noir-sur-blanc\/","title":{"rendered":"Etiqueteuse Dymo Label Manager 160P + 3 rubans D1 &#8211; 12 mm &#8211; noir sur blanc"},"content":{"rendered":"<p>Avec cette \u00e9tiqueteuse portable, les textes peuvent \u00eatre format\u00e9s et imprim\u00e9s en \u00e9tiquettes professionnelles d&rsquo;aspect parfait gr\u00e2ce aux touches d&rsquo;acc\u00e8s rapide. <\/p>\n<p>Aper\u00e7u avant impression sur le grand \u00e9cran. <\/p>\n<p>+ Choix de 6 tailles de police<br \/>\n+ 8 styles de texte<br \/>\n+ 4 cadres et soulignement<br \/>\n+ Coupeur de bande manuel<br \/>\n+ Pour les rubans D1 de 6, 9 et 12 mm de largeur<br \/>\n+ Coupure pour une plus longue dur\u00e9e de vie de la batterie<br \/>\n+ Fonctionne avec 6 piles AAA (non incluses)  <\/p>\n<p>Inclus dans la livraison: 3 Rubans D1 12mm. <\/p>\n<p>Dimensions: L118xP203xH49 mm.<br \/>\nPoids: 369 g.<br \/>\nPrix par pi\u00e8ce.  <\/p>\n<p>> Garantie 2 ans*<\/p>","protected":false},"excerpt":{"rendered":"<p>Avec cette \u00e9tiqueteuse portable, les textes peuvent \u00eatre format\u00e9s et imprim\u00e9s en \u00e9tiquettes professionnelles d&rsquo;aspect parfait gr\u00e2ce aux touches d&rsquo;acc\u00e8s rapide. Aper\u00e7u avant impression sur le grand \u00e9cran. Choix de 6 tailles de police, 8 styles de text<\/p>","protected":false},"featured_media":31290,"comment_status":"open","ping_status":"closed","template":"","meta":[],"product_brand":[],"product_cat":[142],"product_tag":[],"class_list":{"0":"post-31291","1":"product","2":"type-product","3":"status-publish","4":"has-post-thumbnail","6":"product_cat-entretien","8":"first","9":"instock","10":"shipping-taxable","11":"purchasable","12":"product-type-simple"},"_links":{"self":[{"href":"https:\/\/topprixsarl.ch\/en\/wp-json\/wp\/v2\/product\/31291","targetHints":{"allow":["GET"]}}],"collection":[{"href":"https:\/\/topprixsarl.ch\/en\/wp-json\/wp\/v2\/product"}],"about":[{"href":"https:\/\/topprixsarl.ch\/en\/wp-json\/wp\/v2\/types\/product"}],"replies":[{"embeddable":true,"href":"https:\/\/topprixsarl.ch\/en\/wp-json\/wp\/v2\/comments?post=31291"}],"version-history":[{"count":2,"href":"https:\/\/topprixsarl.ch\/en\/wp-json\/wp\/v2\/product\/31291\/revisions"}],"predecessor-version":[{"id":33014,"href":"https:\/\/topprixsarl.ch\/en\/wp-json\/wp\/v2\/product\/31291\/revisions\/33014"}],"wp:featuredmedia":[{"embeddable":true,"href":"https:\/\/topprixsarl.ch\/en\/wp-json\/wp\/v2\/media\/31290"}],"wp:attachment":[{"href":"https:\/\/topprixsarl.ch\/en\/wp-json\/wp\/v2\/media?parent=31291"}],"wp:term":[{"taxonomy":"product_brand","embeddable":true,"href":"https:\/\/topprixsarl.ch\/en\/wp-json\/wp\/v2\/product_brand?post=31291"},{"taxonomy":"product_cat","embeddable":true,"href":"https:\/\/topprixsarl.ch\/en\/wp-json\/wp\/v2\/product_cat?post=31291"},{"taxonomy":"product_tag","embeddable":true,"href":"https:\/\/topprixsarl.ch\/en\/wp-json\/wp\/v2\/product_tag?post=31291"}],"curies":[{"name":"wp","href":"https:\/\/api.w.org\/{rel}","templated":true}]}}