{"id":31283,"date":"2026-01-09T15:20:39","date_gmt":"2026-01-09T15:20:39","guid":{"rendered":"https:\/\/topprixsarl.ch\/product\/sachet-en-tissu-non-tisse-jetable-taski-aero-bp-paquet-de-10-26x21x9cm\/"},"modified":"2026-01-14T14:19:09","modified_gmt":"2026-01-14T14:19:09","slug":"sachet-en-tissu-non-tisse-jetable-taski-aero-bp-paquet-de-10-26x21x9cm","status":"publish","type":"product","link":"https:\/\/topprixsarl.ch\/en\/product-2\/sachet-en-tissu-non-tisse-jetable-taski-aero-bp-paquet-de-10-26x21x9cm\/","title":{"rendered":"Taski Aero BP disposable non-woven fabric bag, pack of 10, 26x21x9cm"},"content":{"rendered":"<p>Le sac \u00e0 poussi\u00e8re est plein? Vos employ\u00e9s de m\u00e9nage m\u00e9ritent d\u2019\u00eatre lou\u00e9s, applaudis et reconnus: en fin de compte, ils accomplissent leur travail \u00e0 des heures tardives, lorsque les employ\u00e9s au bureau ou \u00e0 l\u2019usine ont depuis longtemps d\u00e9j\u00e0 rejoint leurs familles. <\/p>\n<p>Mais comme il est difficile de croiser ces employ\u00e9s au travail, on oublie souvent le p\u00eale-m\u00eale qu\u2019une \u00e9ventuelle absence du personnel de nettoyage causerait. <\/p>\n<p>Un moyen de les remercier est la substitution de produits de consommation. Gr\u00e2ce \u00e0 ces sachets \u00e0 poussi\u00e8re de Taski, l\u2019\u00e9quipe de nettoyage pourra d\u00e9sormais garantir des tapis toujours propres dans tout l\u2019\u00e9tablissement avec le Taski Aero BP (11.592.327). <\/p>\n<p>Chaque paquet contient 10 sachets. Assurez-vous le r\u00e9approvisionnement avant que le sachet ne soit plein!<\/p>\n<p>+ Sachets \u00e0 poussi\u00e8re de haute qualit\u00e9 pour un nettoyage efficace<br \/>\n+ Compatible avec le Taski Aero BP (11.592.327)<br \/>\n+ Chaque paquet contient 10 sachets<br \/>\n+ Id\u00e9al pour maintenir des tapis propres dans tout l\u2019\u00e9tablissement  <\/p>\n<p>*Notes de bas de page*<\/p>","protected":false},"excerpt":{"rendered":"<p>Le sac \u00e0 poussi\u00e8re est plein? Vos employ\u00e9s de m\u00e9nage m\u00e9ritent d\u2019\u00eatre lou\u00e9s, applaudis et reconnus: en fin de compte, ils accomplissent leur travail \u00e0 des heures tardives, lorsque les employ\u00e9s au bureau ou \u00e0 l\u2019usine ont depuis longtemps d\u00e9j\u00e0 rejoint l<\/p>","protected":false},"featured_media":31282,"comment_status":"open","ping_status":"closed","template":"","meta":[],"product_brand":[],"product_cat":[143],"product_tag":[],"class_list":{"0":"post-31283","1":"product","2":"type-product","3":"status-publish","4":"has-post-thumbnail","6":"product_cat-nettoyage","8":"first","9":"instock","10":"shipping-taxable","11":"purchasable","12":"product-type-simple"},"_links":{"self":[{"href":"https:\/\/topprixsarl.ch\/en\/wp-json\/wp\/v2\/product\/31283","targetHints":{"allow":["GET"]}}],"collection":[{"href":"https:\/\/topprixsarl.ch\/en\/wp-json\/wp\/v2\/product"}],"about":[{"href":"https:\/\/topprixsarl.ch\/en\/wp-json\/wp\/v2\/types\/product"}],"replies":[{"embeddable":true,"href":"https:\/\/topprixsarl.ch\/en\/wp-json\/wp\/v2\/comments?post=31283"}],"version-history":[{"count":2,"href":"https:\/\/topprixsarl.ch\/en\/wp-json\/wp\/v2\/product\/31283\/revisions"}],"predecessor-version":[{"id":33005,"href":"https:\/\/topprixsarl.ch\/en\/wp-json\/wp\/v2\/product\/31283\/revisions\/33005"}],"wp:featuredmedia":[{"embeddable":true,"href":"https:\/\/topprixsarl.ch\/en\/wp-json\/wp\/v2\/media\/31282"}],"wp:attachment":[{"href":"https:\/\/topprixsarl.ch\/en\/wp-json\/wp\/v2\/media?parent=31283"}],"wp:term":[{"taxonomy":"product_brand","embeddable":true,"href":"https:\/\/topprixsarl.ch\/en\/wp-json\/wp\/v2\/product_brand?post=31283"},{"taxonomy":"product_cat","embeddable":true,"href":"https:\/\/topprixsarl.ch\/en\/wp-json\/wp\/v2\/product_cat?post=31283"},{"taxonomy":"product_tag","embeddable":true,"href":"https:\/\/topprixsarl.ch\/en\/wp-json\/wp\/v2\/product_tag?post=31283"}],"curies":[{"name":"wp","href":"https:\/\/api.w.org\/{rel}","templated":true}]}}