{"id":31277,"date":"2026-01-09T15:19:54","date_gmt":"2026-01-09T15:19:54","guid":{"rendered":"https:\/\/topprixsarl.ch\/product\/distributeur-de-desinfectant-scj-pro-avec-display-sans-dispensateur-largent\/"},"modified":"2026-01-14T14:19:09","modified_gmt":"2026-01-14T14:19:09","slug":"distributeur-de-desinfectant-scj-pro-avec-display-sans-dispensateur-largent","status":"publish","type":"product","link":"https:\/\/topprixsarl.ch\/en\/product-2\/distributeur-de-desinfectant-scj-pro-avec-display-sans-dispensateur-largent\/","title":{"rendered":"SCJ Pro disinfectant dispenser, with display, without dispenser, silver"},"content":{"rendered":"<p>L&rsquo;hygi\u00e8ne sans appuyer sur un bouton<\/p>\n<p>Partout o\u00f9 de nombreuses personnes se rassemblent, il est actuellement particuli\u00e8rement important de veiller \u00e0 une protection de l\u2019hygi\u00e8ne. Mais on n&rsquo;a pas toujours et partout un produit d\u00e9sinfectant \u00e0 port\u00e9e de main quand on en a besoin. <\/p>\n<p>C&rsquo;est d&rsquo;autant mieux si des distributeurs librement accessibles nous rappellent l&rsquo;importance d&rsquo;une hygi\u00e8ne r\u00e9guli\u00e8re, surtout en ces temps difficiles, et nous permettent de la mettre en pratique sans effort. <\/p>\n<p>+ Colonne de d\u00e9sinfection \u00e9troite et autonome pour les distributeurs TouchFREE, parfaitement adapt\u00e9e aux passages ou aux pi\u00e8ces o\u00f9 un montage mural n&rsquo;est pas possible ou souhait\u00e9. <\/p>\n<p>+ Bac de r\u00e9cup\u00e9ration int\u00e9gr\u00e9 pour un environnement propre et soign\u00e9. <\/p>\n<p>+ Permet une hygi\u00e8ne des mains sans effort et sans contact. <\/p>\n<p>Le motif du pr\u00e9sentoir se trouve derri\u00e8re une protection en plastique transparent et peut \u00eatre remplac\u00e9 facilement et rapidement en cas de besoin. <\/p>\n<p>Vous pouvez ainsi optimiser votre concept de protection hygi\u00e9nique de mani\u00e8re \u00e9l\u00e9gante et sans effort, quel que soit l&rsquo;endroit o\u00f9 vous vous trouvez. <\/p>\n<p>Assurez une protection hygi\u00e9nique optimale dans votre environnement!<\/p>","protected":false},"excerpt":{"rendered":"<p>L&rsquo;hygi\u00e8ne sans appuyer sur un bouton Partout o\u00f9 de nombreuses personnes se rassemblent, il est actuellement particuli\u00e8rement important de veiller \u00e0 une protection de l\u2019hygi\u00e8ne. Mais on n&rsquo;a pas toujours et partout un produit d\u00e9sinfectant \u00e0 port\u00e9e de m<\/p>","protected":false},"featured_media":31276,"comment_status":"open","ping_status":"closed","template":"","meta":[],"product_brand":[],"product_cat":[141],"product_tag":[],"class_list":{"0":"post-31277","1":"product","2":"type-product","3":"status-publish","4":"has-post-thumbnail","6":"product_cat-covid-19","8":"first","9":"instock","10":"shipping-taxable","11":"purchasable","12":"product-type-simple"},"_links":{"self":[{"href":"https:\/\/topprixsarl.ch\/en\/wp-json\/wp\/v2\/product\/31277","targetHints":{"allow":["GET"]}}],"collection":[{"href":"https:\/\/topprixsarl.ch\/en\/wp-json\/wp\/v2\/product"}],"about":[{"href":"https:\/\/topprixsarl.ch\/en\/wp-json\/wp\/v2\/types\/product"}],"replies":[{"embeddable":true,"href":"https:\/\/topprixsarl.ch\/en\/wp-json\/wp\/v2\/comments?post=31277"}],"version-history":[{"count":2,"href":"https:\/\/topprixsarl.ch\/en\/wp-json\/wp\/v2\/product\/31277\/revisions"}],"predecessor-version":[{"id":33002,"href":"https:\/\/topprixsarl.ch\/en\/wp-json\/wp\/v2\/product\/31277\/revisions\/33002"}],"wp:featuredmedia":[{"embeddable":true,"href":"https:\/\/topprixsarl.ch\/en\/wp-json\/wp\/v2\/media\/31276"}],"wp:attachment":[{"href":"https:\/\/topprixsarl.ch\/en\/wp-json\/wp\/v2\/media?parent=31277"}],"wp:term":[{"taxonomy":"product_brand","embeddable":true,"href":"https:\/\/topprixsarl.ch\/en\/wp-json\/wp\/v2\/product_brand?post=31277"},{"taxonomy":"product_cat","embeddable":true,"href":"https:\/\/topprixsarl.ch\/en\/wp-json\/wp\/v2\/product_cat?post=31277"},{"taxonomy":"product_tag","embeddable":true,"href":"https:\/\/topprixsarl.ch\/en\/wp-json\/wp\/v2\/product_tag?post=31277"}],"curies":[{"name":"wp","href":"https:\/\/api.w.org\/{rel}","templated":true}]}}