{"id":31271,"date":"2026-01-09T15:19:01","date_gmt":"2026-01-09T15:19:01","guid":{"rendered":"https:\/\/topprixsarl.ch\/product\/destructeur-automatique-rexel-optimum-auto140x-coupe-croisee-p4-140-pages\/"},"modified":"2026-01-14T14:19:09","modified_gmt":"2026-01-14T14:19:09","slug":"destructeur-automatique-rexel-optimum-auto140x-coupe-croisee-p4-140-pages","status":"publish","type":"product","link":"https:\/\/topprixsarl.ch\/en\/product\/destructeur-automatique-rexel-optimum-auto140x-coupe-croisee-p4-140-pages\/","title":{"rendered":"Destructeur automatique Rexel Optimum Auto+140X &#8211; coupe crois\u00e9e &#8211; P4 &#8211; 140 pages"},"content":{"rendered":"<p>Je m&rsquo;appelle Bond&#8230; <\/p>\n<p>Nous admettons qu&rsquo;une d\u00e9chiqueteuse ne pourra pas sauver le monde des m\u00e9chants. Mais ce qu&rsquo;elle peut faire, c&rsquo;est prot\u00e9ger vos informations comme le fait 007 accompagn\u00e9 par \u00abHey Majesty\u00bb, c\u2019est-\u00e0-dire avec la plus grande protection et le plus grand d\u00e9vouement. <\/p>\n<p>Quel broyeur se pr\u00e9sente de mani\u00e8re presque aussi \u00e9l\u00e9gante dans un costume? Avec l&rsquo;AutoFeed+ 140X, Rexel a un candidat \u00e0 ce propos. <\/p>\n<p>Ce destructeur de documents s&rsquo;occupe de mani\u00e8re fiable des documents dont vous n&rsquo;avez plus besoin. <\/p>\n<p>+ Capacit\u00e9 d&rsquo;insertion : jusqu&rsquo;\u00e0 140 pages \u00e0 la fois. <\/p>\n<p>La machine les d\u00e9chiquettera en de si petits morceaux en coupe de particules qu&rsquo;il serait inutile d\u2019essayer de les r\u00e9assembler. <\/p>\n<p>+ Polyvalence : m\u00eame les cartes de cr\u00e9dit, les agrafes ou les trombones ne posent aucun probl\u00e8me. <\/p>\n<p>Ce broyeur est recommand\u00e9 pour un maximum de deux utilisateurs r\u00e9guliers. <\/p>\n<p>+ Utilisation : aucun d&rsquo;entre eux ne doit savoir jouer au poker. <\/p>\n<p>Soyez intelligent comme James Bond! <\/p>\n<p>> Garantie 2 ans*<\/p>","protected":false},"excerpt":{"rendered":"<p>Je m&rsquo;appelle Bond&#8230; Nous admettons qu&rsquo;une d\u00e9chiqueteuse ne pourra pas sauver le monde des m\u00e9chants. Mais ce qu&rsquo;elle peut faire, c&rsquo;est prot\u00e9ger vos informations comme le fait 007 accompagn\u00e9 par \u00abHey Majesty\u00bb, c\u2019est-\u00e0-dire avec la plus grande protecti<\/p>","protected":false},"featured_media":31270,"comment_status":"open","ping_status":"closed","template":"","meta":[],"product_brand":[],"product_cat":[137],"product_tag":[],"class_list":{"0":"post-31271","1":"product","2":"type-product","3":"status-publish","4":"has-post-thumbnail","6":"product_cat-article-offic","8":"first","9":"instock","10":"shipping-taxable","11":"purchasable","12":"product-type-simple"},"_links":{"self":[{"href":"https:\/\/topprixsarl.ch\/en\/wp-json\/wp\/v2\/product\/31271","targetHints":{"allow":["GET"]}}],"collection":[{"href":"https:\/\/topprixsarl.ch\/en\/wp-json\/wp\/v2\/product"}],"about":[{"href":"https:\/\/topprixsarl.ch\/en\/wp-json\/wp\/v2\/types\/product"}],"replies":[{"embeddable":true,"href":"https:\/\/topprixsarl.ch\/en\/wp-json\/wp\/v2\/comments?post=31271"}],"version-history":[{"count":2,"href":"https:\/\/topprixsarl.ch\/en\/wp-json\/wp\/v2\/product\/31271\/revisions"}],"predecessor-version":[{"id":32998,"href":"https:\/\/topprixsarl.ch\/en\/wp-json\/wp\/v2\/product\/31271\/revisions\/32998"}],"wp:featuredmedia":[{"embeddable":true,"href":"https:\/\/topprixsarl.ch\/en\/wp-json\/wp\/v2\/media\/31270"}],"wp:attachment":[{"href":"https:\/\/topprixsarl.ch\/en\/wp-json\/wp\/v2\/media?parent=31271"}],"wp:term":[{"taxonomy":"product_brand","embeddable":true,"href":"https:\/\/topprixsarl.ch\/en\/wp-json\/wp\/v2\/product_brand?post=31271"},{"taxonomy":"product_cat","embeddable":true,"href":"https:\/\/topprixsarl.ch\/en\/wp-json\/wp\/v2\/product_cat?post=31271"},{"taxonomy":"product_tag","embeddable":true,"href":"https:\/\/topprixsarl.ch\/en\/wp-json\/wp\/v2\/product_tag?post=31271"}],"curies":[{"name":"wp","href":"https:\/\/api.w.org\/{rel}","templated":true}]}}