{"id":31261,"date":"2026-01-09T15:17:50","date_gmt":"2026-01-09T15:17:50","guid":{"rendered":"https:\/\/topprixsarl.ch\/product\/distributeur-automatique-de-savon-en-gel-yaliss-1-litre-noir\/"},"modified":"2026-01-14T14:19:10","modified_gmt":"2026-01-14T14:19:10","slug":"distributeur-automatique-de-savon-en-gel-yaliss-1-litre-noir","status":"publish","type":"product","link":"https:\/\/topprixsarl.ch\/en\/product-2\/distributeur-automatique-de-savon-en-gel-yaliss-1-litre-noir\/","title":{"rendered":"Distributeur automatique de savon en gel Yaliss, 1 litre, noir"},"content":{"rendered":"<p>**Distributeur automatique de savon en gel**<\/p>\n<p>Id\u00e9al pour les zones m\u00e9dicales ou de transformation des aliments.<\/p>\n<p>+ Distributeur muni d&rsquo;un indicateur de niveau<br \/>\n+ Facile \u00e0 remplir<br \/>\n+ Prix par pi\u00e8ce<br \/>\n+ Garantie 2 ans*  <\/p>\n<p>*Note: Garantie de 2 ans incluse.<\/p>","protected":false},"excerpt":{"rendered":"<p>Distributeur automatique de savon en gel, id\u00e9al pour les zones m\u00e9dicales ou de transformation des aliments. Le distributeur est muni d&rsquo;un indicateur de niveau et est facile \u00e0 remplir. Prix par pi\u00e8ce. > Garantie 2 ans<\/p>","protected":false},"featured_media":31260,"comment_status":"open","ping_status":"closed","template":"","meta":[],"product_brand":[],"product_cat":[143],"product_tag":[],"class_list":{"0":"post-31261","1":"product","2":"type-product","3":"status-publish","4":"has-post-thumbnail","6":"product_cat-nettoyage","8":"first","9":"instock","10":"shipping-taxable","11":"purchasable","12":"product-type-simple"},"_links":{"self":[{"href":"https:\/\/topprixsarl.ch\/en\/wp-json\/wp\/v2\/product\/31261","targetHints":{"allow":["GET"]}}],"collection":[{"href":"https:\/\/topprixsarl.ch\/en\/wp-json\/wp\/v2\/product"}],"about":[{"href":"https:\/\/topprixsarl.ch\/en\/wp-json\/wp\/v2\/types\/product"}],"replies":[{"embeddable":true,"href":"https:\/\/topprixsarl.ch\/en\/wp-json\/wp\/v2\/comments?post=31261"}],"version-history":[{"count":2,"href":"https:\/\/topprixsarl.ch\/en\/wp-json\/wp\/v2\/product\/31261\/revisions"}],"predecessor-version":[{"id":32993,"href":"https:\/\/topprixsarl.ch\/en\/wp-json\/wp\/v2\/product\/31261\/revisions\/32993"}],"wp:featuredmedia":[{"embeddable":true,"href":"https:\/\/topprixsarl.ch\/en\/wp-json\/wp\/v2\/media\/31260"}],"wp:attachment":[{"href":"https:\/\/topprixsarl.ch\/en\/wp-json\/wp\/v2\/media?parent=31261"}],"wp:term":[{"taxonomy":"product_brand","embeddable":true,"href":"https:\/\/topprixsarl.ch\/en\/wp-json\/wp\/v2\/product_brand?post=31261"},{"taxonomy":"product_cat","embeddable":true,"href":"https:\/\/topprixsarl.ch\/en\/wp-json\/wp\/v2\/product_cat?post=31261"},{"taxonomy":"product_tag","embeddable":true,"href":"https:\/\/topprixsarl.ch\/en\/wp-json\/wp\/v2\/product_tag?post=31261"}],"curies":[{"name":"wp","href":"https:\/\/api.w.org\/{rel}","templated":true}]}}