{"id":31251,"date":"2026-01-09T15:16:29","date_gmt":"2026-01-09T15:16:29","guid":{"rendered":"https:\/\/topprixsarl.ch\/product\/lingette-nettoyante-et-desinfectante-oxivir-excel-wipe-paquet-de-100\/"},"modified":"2026-01-14T14:19:10","modified_gmt":"2026-01-14T14:19:10","slug":"lingette-nettoyante-et-desinfectante-oxivir-excel-wipe-paquet-de-100","status":"publish","type":"product","link":"https:\/\/topprixsarl.ch\/en\/product-2\/lingette-nettoyante-et-desinfectante-oxivir-excel-wipe-paquet-de-100\/","title":{"rendered":"Lingette nettoyante et d\u00e9sinfectante Oxivir Excel Wipe &#8211; paquet de 100"},"content":{"rendered":"<p>Nettoyer et d\u00e9sinfecter d\u2019un seul geste<\/p>\n<p>Si l\u2019on pense au nettoyage des tables de la salle de recr\u00e9ation, cela se passe tr\u00e8s facilement: du savon, une \u00e9ponge, de l\u2019eau chaude \u2013 et voil\u00e0 que les tables recommencent \u00e0 briller. <\/p>\n<p>Mais lorsqu\u2019il s\u2019agit d\u2019autres appareils ou surfaces, surtout dans un h\u00f4pital ou un cabinet m\u00e9dical, le nettoyage ne suffit pas et une d\u00e9sinfection est n\u00e9cessaire afin de garder la meilleure hygi\u00e8ne. <\/p>\n<p>Faut-il donc procurer deux nettoyants diff\u00e9rents? Non, il ne faut pas. Avec les lingettes d\u00e9sinfectantes Excel, Oxivir a cr\u00e9\u00e9 un produit qui s\u2019occupe exactement de ce domaine. <\/p>\n<p>+ Ces serviettes offrent un grand pouvoir nettoyant et ont \u00e9t\u00e9 con\u00e7ues sans parfum. <\/p>\n<p>+ Apr\u00e8s nettoyage et d\u00e9sinfection, aucun rin\u00e7age n\u2019est n\u00e9cessaire. <\/p>\n<p>+ L\u2019utilisation est facile et toute dilution erron\u00e9e est exclue. <\/p>\n<p>+ Ces lingettes conviennent \u00e9galement pour tout type de surface et pour tout appareil du secteur m\u00e9dical non-invasif. <\/p>\n<p>+ Gr\u00e2ce \u00e0 une bonne protection contre les bact\u00e9ries, les virus et les champignons, vous pouvez continuer \u00e0 vous d\u00e9dier \u00e0 votre travail sans soucis. <\/p>\n<p>+ Les lingettes ne provoquent aucune irritation aux yeux ou \u00e0 la peau. <\/p>\n<p>Assemblez deux \u00e9tapes! <\/p>\n<p>Produit biocide<\/p>\n<p>Les produits biocides doivent \u00eatre utilis\u00e9s avec pr\u00e9caution. Veuillez lire l\u2019\u00e9tiquette et la notice d\u2019emballage avant toute utilisation. <\/p>\n<p>> Garantie 1 an<\/p>","protected":false},"excerpt":{"rendered":"<p>Nettoyer et d\u00e9sinfecter d\u2019un seul geste Si l\u2019on pense au nettoyage des tables de la salle de recr\u00e9ation, cela se passe tr\u00e8s facilement: du savon, une \u00e9ponge, de l\u2019eau chaude \u2013 et voil\u00e0 que les tables recommencent \u00e0 briller. Mais lorsqu\u2019il s\u2019agit d\u2019au<\/p>","protected":false},"featured_media":31250,"comment_status":"open","ping_status":"closed","template":"","meta":[],"product_brand":[],"product_cat":[143],"product_tag":[],"class_list":{"0":"post-31251","1":"product","2":"type-product","3":"status-publish","4":"has-post-thumbnail","6":"product_cat-nettoyage","8":"first","9":"instock","10":"shipping-taxable","11":"purchasable","12":"product-type-simple"},"_links":{"self":[{"href":"https:\/\/topprixsarl.ch\/en\/wp-json\/wp\/v2\/product\/31251","targetHints":{"allow":["GET"]}}],"collection":[{"href":"https:\/\/topprixsarl.ch\/en\/wp-json\/wp\/v2\/product"}],"about":[{"href":"https:\/\/topprixsarl.ch\/en\/wp-json\/wp\/v2\/types\/product"}],"replies":[{"embeddable":true,"href":"https:\/\/topprixsarl.ch\/en\/wp-json\/wp\/v2\/comments?post=31251"}],"version-history":[{"count":2,"href":"https:\/\/topprixsarl.ch\/en\/wp-json\/wp\/v2\/product\/31251\/revisions"}],"predecessor-version":[{"id":32987,"href":"https:\/\/topprixsarl.ch\/en\/wp-json\/wp\/v2\/product\/31251\/revisions\/32987"}],"wp:featuredmedia":[{"embeddable":true,"href":"https:\/\/topprixsarl.ch\/en\/wp-json\/wp\/v2\/media\/31250"}],"wp:attachment":[{"href":"https:\/\/topprixsarl.ch\/en\/wp-json\/wp\/v2\/media?parent=31251"}],"wp:term":[{"taxonomy":"product_brand","embeddable":true,"href":"https:\/\/topprixsarl.ch\/en\/wp-json\/wp\/v2\/product_brand?post=31251"},{"taxonomy":"product_cat","embeddable":true,"href":"https:\/\/topprixsarl.ch\/en\/wp-json\/wp\/v2\/product_cat?post=31251"},{"taxonomy":"product_tag","embeddable":true,"href":"https:\/\/topprixsarl.ch\/en\/wp-json\/wp\/v2\/product_tag?post=31251"}],"curies":[{"name":"wp","href":"https:\/\/api.w.org\/{rel}","templated":true}]}}