{"id":31249,"date":"2026-01-09T15:16:14","date_gmt":"2026-01-09T15:16:14","guid":{"rendered":"https:\/\/topprixsarl.ch\/product\/sac-a-dos-ordinateur-convertible-targus-cypress-recycle-156-gris\/"},"modified":"2026-01-14T14:19:10","modified_gmt":"2026-01-14T14:19:10","slug":"sac-a-dos-ordinateur-convertible-targus-cypress-recycle-156-gris","status":"publish","type":"product","link":"https:\/\/topprixsarl.ch\/en\/product-2\/sac-a-dos-ordinateur-convertible-targus-cypress-recycle-156-gris\/","title":{"rendered":"Targus Cypress convertible laptop backpack - recycled - 15,6\u2033 - grey"},"content":{"rendered":"<p>**Sac \u00e0 dos Cypress EcoSmart pour ordinateurs portables**<\/p>\n<p>Rang\u00e9 \u00e9cologiquement, c\u2019est pour l\u2019amour de l\u2019ordinateur et aussi bien de la plan\u00e8te qu\u2019il vaut la peine de choisir le sac \u00e0 dos Cypress EcoSmart pour ordinateurs portables. En effet, cet accessoire ne dispose pas uniquement d\u2019infinis avantages par rapport au confort et \u00e0 son application mais \u00e9galement par rapport \u00e0 sa composition, car l\u2019ext\u00e9rieur ainsi que l\u2019int\u00e9rieur ont \u00e9t\u00e9 fabriqu\u00e9s \u00e0 partir de mat\u00e9riaux recycl\u00e9s.<\/p>\n<p>+ **Mat\u00e9riaux \u00e9cologiques** : Fabriqu\u00e9 \u00e0 partir de mat\u00e9riaux recycl\u00e9s.<\/p>\n<p>Au-del\u00e0 de ces caract\u00e9ristiques r\u00e9jouissantes, ce sac \u00e0 dos rend \u00e9galement service en tant que serviette de dossiers. Sa structure ne convient pas uniquement au rangement de documents mais \u00e9galement \u00e0 celui de petits accessoires gr\u00e2ce aux deux compartiments int\u00e9gr\u00e9s offrant de l\u2019espace de stockage.<\/p>\n<p>+ **Compartiments int\u00e9gr\u00e9s** : Deux compartiments pour un rangement optimal.<\/p>\n<p>De plus, l\u2019espace pr\u00e9vu pour l\u2019ordinateur est rembourr\u00e9, ce qui garantit une protection majeure.<\/p>\n<p>+ **Protection renforc\u00e9e** : Espace rembourr\u00e9 pour ordinateur.<\/p>\n<p>Mais on n\u2019a pas encore termin\u00e9 avec les avantages. Ce sac \u00e0 dos est m\u00eame dot\u00e9 de caract\u00e9ristiques favorables \u00e0 la sant\u00e9. Vous pourrez donc profiter de bandouli\u00e8res ergonomiques et amovibles ainsi que de poign\u00e9es pour un port agr\u00e9able dans toute circonstance.<\/p>\n<p>+ **Confort ergonomique** : Bandouli\u00e8res ergonomiques et amovibles.<\/p>\n<p>En pour finir, ce sac \u00e0 dos peut \u00eatre aussi attach\u00e9 aux valises gr\u00e2ce \u00e0 la ceinture pour trolley comprise. Profitez de la polyvalence sans renoncer \u00e0 l\u2019\u00e9cologie!<\/p>\n<p>+ **Polyvalence** : Peut \u00eatre attach\u00e9 aux valises gr\u00e2ce \u00e0 la ceinture pour trolley.<\/p>\n<p>> **Garantie \u00e0 vie**<\/p>","protected":false},"excerpt":{"rendered":"<p>Rang\u00e9 \u00e9cologiquement C\u2019est pour l\u2019amour de l\u2019ordinateur et aussi bien de la plan\u00e8te qu\u2019il vaut la peine de choisir le sac \u00e0 dos Cypress EcoSmart pour ordinateurs portables. En effet, cet accessoire ne dispose pas uniquement d\u2019infinis avantages par ra<\/p>","protected":false},"featured_media":31248,"comment_status":"open","ping_status":"closed","template":"","meta":[],"product_brand":[],"product_cat":[138],"product_tag":[],"class_list":{"0":"post-31249","1":"product","2":"type-product","3":"status-publish","4":"has-post-thumbnail","6":"product_cat-sac-a-dechet","8":"first","9":"instock","10":"shipping-taxable","11":"purchasable","12":"product-type-simple"},"_links":{"self":[{"href":"https:\/\/topprixsarl.ch\/en\/wp-json\/wp\/v2\/product\/31249","targetHints":{"allow":["GET"]}}],"collection":[{"href":"https:\/\/topprixsarl.ch\/en\/wp-json\/wp\/v2\/product"}],"about":[{"href":"https:\/\/topprixsarl.ch\/en\/wp-json\/wp\/v2\/types\/product"}],"replies":[{"embeddable":true,"href":"https:\/\/topprixsarl.ch\/en\/wp-json\/wp\/v2\/comments?post=31249"}],"version-history":[{"count":2,"href":"https:\/\/topprixsarl.ch\/en\/wp-json\/wp\/v2\/product\/31249\/revisions"}],"predecessor-version":[{"id":32986,"href":"https:\/\/topprixsarl.ch\/en\/wp-json\/wp\/v2\/product\/31249\/revisions\/32986"}],"wp:featuredmedia":[{"embeddable":true,"href":"https:\/\/topprixsarl.ch\/en\/wp-json\/wp\/v2\/media\/31248"}],"wp:attachment":[{"href":"https:\/\/topprixsarl.ch\/en\/wp-json\/wp\/v2\/media?parent=31249"}],"wp:term":[{"taxonomy":"product_brand","embeddable":true,"href":"https:\/\/topprixsarl.ch\/en\/wp-json\/wp\/v2\/product_brand?post=31249"},{"taxonomy":"product_cat","embeddable":true,"href":"https:\/\/topprixsarl.ch\/en\/wp-json\/wp\/v2\/product_cat?post=31249"},{"taxonomy":"product_tag","embeddable":true,"href":"https:\/\/topprixsarl.ch\/en\/wp-json\/wp\/v2\/product_tag?post=31249"}],"curies":[{"name":"wp","href":"https:\/\/api.w.org\/{rel}","templated":true}]}}