{"id":31245,"date":"2026-01-09T15:15:44","date_gmt":"2026-01-09T15:15:44","guid":{"rendered":"https:\/\/topprixsarl.ch\/product\/cartouche-dencre-hp-305xl-3ym62ae-noire\/"},"modified":"2026-01-14T14:19:11","modified_gmt":"2026-01-14T14:19:11","slug":"cartouche-dencre-hp-305xl-3ym62ae-noire","status":"publish","type":"product","link":"https:\/\/topprixsarl.ch\/en\/product-2\/cartouche-dencre-hp-305xl-3ym62ae-noire\/","title":{"rendered":"Ink cartridge HP 305XL- 3YM62AE- black"},"content":{"rendered":"<p>Vous ne trouverez pas mieux que la cartouche d&rsquo;encre HP pour votre bureau. <\/p>\n<p>On n&rsquo;en a jamais assez : les cartouches d&rsquo;encre sont tout simplement indispensables dans l&rsquo;environnement bureautique d&rsquo;aujourd&rsquo;hui. <\/p>\n<p>Avec HP, vos besoins quotidiens seront satisfaits avec une qualit\u00e9 et une pr\u00e9cision optimales. <\/p>\n<p>+ Couleur : noir<br \/> + Contenance : 4 ml<br \/> + Code fabricant : 3YM62AE<br \/> + Nombre d&rsquo;unit\u00e9s emball\u00e9es : 1 <\/p>\n<p>Cette cartouche est optimis\u00e9e pour produire un texte net et lisible. Il s&rsquo;agit d&rsquo;un produit de marque authentique, neuf, qui vous conviendra par sa grande qualit\u00e9. <\/p>\n<p>Notre service de r\u00e9approvisionnement automatique de vos consommables vous permettra de mieux g\u00e9rer votre budget et de vous assurer une plus grande tranquillit\u00e9 d&rsquo;esprit. <\/p>\n<p>Pour la reprise de vos cartouches usag\u00e9es, pensez au container (r\u00e9f\u00e9rence : 2.157.879) ! Une vraie solution professionnelle dans votre quotidien.<\/p>","protected":false},"excerpt":{"rendered":"<p>Vous ne trouverez pas mieux que la cartouche d&rsquo;encre HP pour votre bureau On n&rsquo;en a jamais assez : les cartouches d&rsquo;encre sont tout simplement indispensables dans l&rsquo;environnement bureautique d&rsquo;aujourd&rsquo;hui. Avec HP, vos besoins quotidiens seront satis<\/p>","protected":false},"featured_media":31244,"comment_status":"open","ping_status":"closed","template":"","meta":[],"product_brand":[],"product_cat":[137],"product_tag":[],"class_list":{"0":"post-31245","1":"product","2":"type-product","3":"status-publish","4":"has-post-thumbnail","6":"product_cat-papier","8":"first","9":"instock","10":"shipping-taxable","11":"purchasable","12":"product-type-simple"},"_links":{"self":[{"href":"https:\/\/topprixsarl.ch\/en\/wp-json\/wp\/v2\/product\/31245","targetHints":{"allow":["GET"]}}],"collection":[{"href":"https:\/\/topprixsarl.ch\/en\/wp-json\/wp\/v2\/product"}],"about":[{"href":"https:\/\/topprixsarl.ch\/en\/wp-json\/wp\/v2\/types\/product"}],"replies":[{"embeddable":true,"href":"https:\/\/topprixsarl.ch\/en\/wp-json\/wp\/v2\/comments?post=31245"}],"version-history":[{"count":3,"href":"https:\/\/topprixsarl.ch\/en\/wp-json\/wp\/v2\/product\/31245\/revisions"}],"predecessor-version":[{"id":33242,"href":"https:\/\/topprixsarl.ch\/en\/wp-json\/wp\/v2\/product\/31245\/revisions\/33242"}],"wp:featuredmedia":[{"embeddable":true,"href":"https:\/\/topprixsarl.ch\/en\/wp-json\/wp\/v2\/media\/31244"}],"wp:attachment":[{"href":"https:\/\/topprixsarl.ch\/en\/wp-json\/wp\/v2\/media?parent=31245"}],"wp:term":[{"taxonomy":"product_brand","embeddable":true,"href":"https:\/\/topprixsarl.ch\/en\/wp-json\/wp\/v2\/product_brand?post=31245"},{"taxonomy":"product_cat","embeddable":true,"href":"https:\/\/topprixsarl.ch\/en\/wp-json\/wp\/v2\/product_cat?post=31245"},{"taxonomy":"product_tag","embeddable":true,"href":"https:\/\/topprixsarl.ch\/en\/wp-json\/wp\/v2\/product_tag?post=31245"}],"curies":[{"name":"wp","href":"https:\/\/api.w.org\/{rel}","templated":true}]}}