{"id":31241,"date":"2026-01-09T15:15:14","date_gmt":"2026-01-09T15:15:14","guid":{"rendered":"https:\/\/topprixsarl.ch\/product\/hp-305-cartouche-dencre-originale-noire\/"},"modified":"2026-01-14T14:19:11","modified_gmt":"2026-01-14T14:19:11","slug":"hp-305-cartouche-dencre-originale-noire","status":"publish","type":"product","link":"https:\/\/topprixsarl.ch\/en\/product-2\/hp-305-cartouche-dencre-originale-noire\/","title":{"rendered":"HP 305 Cartouche d&rsquo;encre originale Noire"},"content":{"rendered":"<p>Commandez \u00e0 temps et \u00e9vitez les stries peu esth\u00e9tiques. Les d\u00e9lais sont serr\u00e9s et le stress est important. Personne n&rsquo;aime \u00eatre retard\u00e9 par des cartouches d&rsquo;encre vides au moment o\u00f9 il faut aller vite. <\/p>\n<p>C&rsquo;est la raison pour laquelle vous devriez toujours avoir une r\u00e9serve D&rsquo;HP 3YM61AE 305 INK JET CARTRIDGE BLACK dans votre armoire. Ainsi, vous \u00eates s\u00fbr d&rsquo;\u00eatre toujours bien \u00e9quip\u00e9, m\u00eame en ayant d&rsquo;importants volumes d&rsquo;impression. <\/p>\n<p>Avec cet achat, vous optez pour l&rsquo;efficacit\u00e9: jusqu&rsquo;\u00e0 120 pages seront imprim\u00e9es sans effort avec le produit contenu dans l&#8217;emballage. <\/p>\n<p>+ Article d\u00e9velopp\u00e9 pour \u00eatre utilis\u00e9 dans les imprimantes laser <\/p>\n<p>+ R\u00e9sultats d&rsquo;impression avec un haut contraste pour la couleur noire <\/p>\n<p>+ Produit enti\u00e8rement neuf et vendu dans son emballage d&rsquo;origine <\/p>\n<p>Dans un paquet se trouve 1 article. \u00c9vitez les probl\u00e8mes de ravitaillement! \u00c9vitez les interruptions d\u00e9sagr\u00e9ables!*<\/p>","protected":false},"excerpt":{"rendered":"<p>Commandez \u00e0 temps et \u00e9vitez les stries peu esth\u00e9tiques. Les d\u00e9lais sont serr\u00e9s et le stress est important. Personne n&rsquo;aime \u00eatre retard\u00e9 par des cartouches d&rsquo;encre vides au moment o\u00f9 il faut aller vite. C&rsquo;est la raison pour laquelle vous devriez toujo<\/p>","protected":false},"featured_media":31240,"comment_status":"open","ping_status":"closed","template":"","meta":[],"product_brand":[],"product_cat":[137],"product_tag":[],"class_list":{"0":"post-31241","1":"product","2":"type-product","3":"status-publish","4":"has-post-thumbnail","6":"product_cat-papier","8":"first","9":"instock","10":"shipping-taxable","11":"purchasable","12":"product-type-simple"},"_links":{"self":[{"href":"https:\/\/topprixsarl.ch\/en\/wp-json\/wp\/v2\/product\/31241","targetHints":{"allow":["GET"]}}],"collection":[{"href":"https:\/\/topprixsarl.ch\/en\/wp-json\/wp\/v2\/product"}],"about":[{"href":"https:\/\/topprixsarl.ch\/en\/wp-json\/wp\/v2\/types\/product"}],"replies":[{"embeddable":true,"href":"https:\/\/topprixsarl.ch\/en\/wp-json\/wp\/v2\/comments?post=31241"}],"version-history":[{"count":2,"href":"https:\/\/topprixsarl.ch\/en\/wp-json\/wp\/v2\/product\/31241\/revisions"}],"predecessor-version":[{"id":32982,"href":"https:\/\/topprixsarl.ch\/en\/wp-json\/wp\/v2\/product\/31241\/revisions\/32982"}],"wp:featuredmedia":[{"embeddable":true,"href":"https:\/\/topprixsarl.ch\/en\/wp-json\/wp\/v2\/media\/31240"}],"wp:attachment":[{"href":"https:\/\/topprixsarl.ch\/en\/wp-json\/wp\/v2\/media?parent=31241"}],"wp:term":[{"taxonomy":"product_brand","embeddable":true,"href":"https:\/\/topprixsarl.ch\/en\/wp-json\/wp\/v2\/product_brand?post=31241"},{"taxonomy":"product_cat","embeddable":true,"href":"https:\/\/topprixsarl.ch\/en\/wp-json\/wp\/v2\/product_cat?post=31241"},{"taxonomy":"product_tag","embeddable":true,"href":"https:\/\/topprixsarl.ch\/en\/wp-json\/wp\/v2\/product_tag?post=31241"}],"curies":[{"name":"wp","href":"https:\/\/api.w.org\/{rel}","templated":true}]}}