{"id":31227,"date":"2026-01-09T15:13:28","date_gmt":"2026-01-09T15:13:28","guid":{"rendered":"https:\/\/topprixsarl.ch\/product\/station-de-recyclage-rubbermaid-slim-jim-3-conteneurs-et-3-couvercles-87l\/"},"modified":"2026-01-14T14:19:12","modified_gmt":"2026-01-14T14:19:12","slug":"station-de-recyclage-rubbermaid-slim-jim-3-conteneurs-et-3-couvercles-87l","status":"publish","type":"product","link":"https:\/\/topprixsarl.ch\/en\/product-2\/station-de-recyclage-rubbermaid-slim-jim-3-conteneurs-et-3-couvercles-87l\/","title":{"rendered":"Rubbermaid Slim Jim recycling station, 3 containers and 3 lids, 87L"},"content":{"rendered":"<p>**Rubbermaid Slim Jim \u2013 Station de recyclage avec 3 conteneurs et couvercles**<\/p>\n<p>La station de recyclage Rubbermaid Slim Jim est une solution ing\u00e9nieuse pour une gestion efficace des d\u00e9chets. \u00c9quip\u00e9e de trois conteneurs avec couvercles, elle permet de trier facilement diff\u00e9rents flux de recyclage, tout en optimisant l\u2019espace disponible. <\/p>\n<p>+ **Pinces int\u00e9gr\u00e9es** : Maintiennent les sacs en place et facilitent leur remplacement rapide.<\/p>\n<p>Modulable selon vos besoins, elle est disponible en version standard ou enti\u00e8rement personnalisable. <\/p>\n<p>+ **Con\u00e7ue pour une utilisation quotidienne intensive** : Elle b\u00e9n\u00e9ficie d\u2019une garantie de 10 ans, gage de sa durabilit\u00e9 exceptionnelle.<\/p>\n<p>Commandez d\u00e8s aujourd\u2019hui et am\u00e9liorez vos pratiques de recyclage !<\/p>\n<p>Inclus dans la livraison : Couvercle, panneaux d&rsquo;information et \u00e9tiquettes d&rsquo;inscription en allemand* <\/p>\n<p>> Garantie 10 ans<\/p>","protected":false},"excerpt":{"rendered":"<p>Rubbermaid Slim Jim \u2013 Station de recyclage avec 3 conteneurs et couverclesLa station de recyclage Rubbermaid Slim Jim est une solution ing\u00e9nieuse pour une gestion efficace des d\u00e9chets. \u00c9quip\u00e9e de trois conteneurs avec couvercles, elle permet de trier<\/p>","protected":false},"featured_media":31226,"comment_status":"open","ping_status":"closed","template":"","meta":[],"product_brand":[],"product_cat":[138],"product_tag":[],"class_list":{"0":"post-31227","1":"product","2":"type-product","3":"status-publish","4":"has-post-thumbnail","6":"product_cat-sac-a-dechet","8":"first","9":"instock","10":"shipping-taxable","11":"purchasable","12":"product-type-simple"},"_links":{"self":[{"href":"https:\/\/topprixsarl.ch\/en\/wp-json\/wp\/v2\/product\/31227","targetHints":{"allow":["GET"]}}],"collection":[{"href":"https:\/\/topprixsarl.ch\/en\/wp-json\/wp\/v2\/product"}],"about":[{"href":"https:\/\/topprixsarl.ch\/en\/wp-json\/wp\/v2\/types\/product"}],"replies":[{"embeddable":true,"href":"https:\/\/topprixsarl.ch\/en\/wp-json\/wp\/v2\/comments?post=31227"}],"version-history":[{"count":2,"href":"https:\/\/topprixsarl.ch\/en\/wp-json\/wp\/v2\/product\/31227\/revisions"}],"predecessor-version":[{"id":32974,"href":"https:\/\/topprixsarl.ch\/en\/wp-json\/wp\/v2\/product\/31227\/revisions\/32974"}],"wp:featuredmedia":[{"embeddable":true,"href":"https:\/\/topprixsarl.ch\/en\/wp-json\/wp\/v2\/media\/31226"}],"wp:attachment":[{"href":"https:\/\/topprixsarl.ch\/en\/wp-json\/wp\/v2\/media?parent=31227"}],"wp:term":[{"taxonomy":"product_brand","embeddable":true,"href":"https:\/\/topprixsarl.ch\/en\/wp-json\/wp\/v2\/product_brand?post=31227"},{"taxonomy":"product_cat","embeddable":true,"href":"https:\/\/topprixsarl.ch\/en\/wp-json\/wp\/v2\/product_cat?post=31227"},{"taxonomy":"product_tag","embeddable":true,"href":"https:\/\/topprixsarl.ch\/en\/wp-json\/wp\/v2\/product_tag?post=31227"}],"curies":[{"name":"wp","href":"https:\/\/api.w.org\/{rel}","templated":true}]}}