{"id":31225,"date":"2026-01-09T15:13:14","date_gmt":"2026-01-09T15:13:14","guid":{"rendered":"https:\/\/topprixsarl.ch\/product\/rouleau-de-chiffons-kimberly-clark-wypall-l20-7301-2-couche-bleu\/"},"modified":"2026-01-14T14:19:12","modified_gmt":"2026-01-14T14:19:12","slug":"rouleau-de-chiffons-kimberly-clark-wypall-l20-7301-2-couche-bleu","status":"publish","type":"product","link":"https:\/\/topprixsarl.ch\/en\/product-2\/rouleau-de-chiffons-kimberly-clark-wypall-l20-7301-2-couche-bleu\/","title":{"rendered":"Rouleau de chiffons Kimberly Clark Wypall L20 7301, 2 couche, bleu"},"content":{"rendered":"<p>La propret\u00e9 au quotidien<\/p>\n<p>Une journ\u00e9e de travail qui se d\u00e9roule parfaitement? Sans m\u00e9saventures ni d\u00e9g\u00e2ts? Nous ne sommes h\u00e9las pas en mesure de vous garantir que c&rsquo;est possible! N\u00e9anmoins, le rouleau industriel pour le nettoyage humide permet de s&rsquo;assurer que les taches et les liquides soient bien essuy\u00e9s. <\/p>\n<p>Il suffit d&rsquo;en d\u00e9chirer un morceau et de l&rsquo;utiliser sans plus tarder, car d&rsquo;une part il a un fort pouvoir absorbant et d&rsquo;autre part il est tr\u00e8s r\u00e9sistant. Vous pouvez avoir la conscience tranquille, car l&rsquo;article a \u00e9t\u00e9 fabriqu\u00e9 \u00e0 partir d&rsquo;un tissu recycl\u00e9 \u00e0 100%. <\/p>\n<p>+ Dimensions des feuilles : 12 x 9.44 cm<\/p>\n<p>+ Couleur : bleu avec un gaufrage \u00e9l\u00e9gant<\/p>\n<p>Le rouleau double \u00e9paisseur peut tr\u00e8s bien \u00eatre utilis\u00e9 pour essuyer les traces laiss\u00e9es par les aliments. \u00c0 partir de maintenant, ne vous tracassez plus si vous faites une gaffe et que soudain la tasse de caf\u00e9 d\u00e9fie les lois de l&rsquo;apesanteur. <\/p>\n<p>Gr\u00e2ce au rouleau industriel pour le nettoyage humide de la marque Wypall, les taches disparaissent maintenant plus vite et plus facilement qu&rsquo;elles n&rsquo;apparaissent. <\/p>\n<p>+ Un produit incontournable pour vous aider \u00e0 vaincre les petites taches!<\/p>\n<p>Article correspondant : 10847721 Distributeur mural Kimberly-Clark Professional pour gros rouleaux 6146 bleu<\/p>","protected":false},"excerpt":{"rendered":"<p>La propret\u00e9 au quotidien Une journ\u00e9e de travail qui se d\u00e9roule parfaitement? Sans m\u00e9saventures ni d\u00e9g\u00e2ts? Nous ne sommes h\u00e9las pas en mesure de vous garantir que c&rsquo;est possible! N\u00e9anmoins, le rouleau industriel pour le nettoyage humide permet de s&rsquo;as<\/p>","protected":false},"featured_media":31224,"comment_status":"open","ping_status":"closed","template":"","meta":[],"product_brand":[],"product_cat":[143],"product_tag":[],"class_list":{"0":"post-31225","1":"product","2":"type-product","3":"status-publish","4":"has-post-thumbnail","6":"product_cat-nettoyage","8":"first","9":"instock","10":"shipping-taxable","11":"purchasable","12":"product-type-simple"},"_links":{"self":[{"href":"https:\/\/topprixsarl.ch\/en\/wp-json\/wp\/v2\/product\/31225","targetHints":{"allow":["GET"]}}],"collection":[{"href":"https:\/\/topprixsarl.ch\/en\/wp-json\/wp\/v2\/product"}],"about":[{"href":"https:\/\/topprixsarl.ch\/en\/wp-json\/wp\/v2\/types\/product"}],"replies":[{"embeddable":true,"href":"https:\/\/topprixsarl.ch\/en\/wp-json\/wp\/v2\/comments?post=31225"}],"version-history":[{"count":2,"href":"https:\/\/topprixsarl.ch\/en\/wp-json\/wp\/v2\/product\/31225\/revisions"}],"predecessor-version":[{"id":32973,"href":"https:\/\/topprixsarl.ch\/en\/wp-json\/wp\/v2\/product\/31225\/revisions\/32973"}],"wp:featuredmedia":[{"embeddable":true,"href":"https:\/\/topprixsarl.ch\/en\/wp-json\/wp\/v2\/media\/31224"}],"wp:attachment":[{"href":"https:\/\/topprixsarl.ch\/en\/wp-json\/wp\/v2\/media?parent=31225"}],"wp:term":[{"taxonomy":"product_brand","embeddable":true,"href":"https:\/\/topprixsarl.ch\/en\/wp-json\/wp\/v2\/product_brand?post=31225"},{"taxonomy":"product_cat","embeddable":true,"href":"https:\/\/topprixsarl.ch\/en\/wp-json\/wp\/v2\/product_cat?post=31225"},{"taxonomy":"product_tag","embeddable":true,"href":"https:\/\/topprixsarl.ch\/en\/wp-json\/wp\/v2\/product_tag?post=31225"}],"curies":[{"name":"wp","href":"https:\/\/api.w.org\/{rel}","templated":true}]}}