{"id":31223,"date":"2026-01-09T15:12:59","date_gmt":"2026-01-09T15:12:59","guid":{"rendered":"https:\/\/topprixsarl.ch\/product\/rouleau-de-papier-continu-brother-dk-n-55224-54-mm-x-305-m-blanc\/"},"modified":"2026-01-14T14:19:12","modified_gmt":"2026-01-14T14:19:12","slug":"rouleau-de-papier-continu-brother-dk-n-55224-54-mm-x-305-m-blanc","status":"publish","type":"product","link":"https:\/\/topprixsarl.ch\/en\/product-2\/rouleau-de-papier-continu-brother-dk-n-55224-54-mm-x-305-m-blanc\/","title":{"rendered":"Rouleau de papier continu Brother DK-N 55224, 54 mm x 30,5 m, blanc"},"content":{"rendered":"<p>Imprimez en haute qualit\u00e9 pour vos invit\u00e9s. <\/p>\n<p>Olivier travaille dans l&rsquo;entreprise familiale. Le restaurant, situ\u00e9 dans un cadre idyllique, est souvent r\u00e9serv\u00e9 pour des \u00e9v\u00e9nements comme des confirmations ou anniversaires. Depuis qu\u2019ils ont particip\u00e9 \u00e0 un salon de mariage dans la r\u00e9gion, Olivier re\u00e7oit de plus en plus de r\u00e9servations pour les mariages, th\u00e8me \u00ab campagne \u00bb. <\/p>\n<p>Pour ces occasions, il propose un grand choix de g\u00e2teaux, tartelettes et limonades faits maison qui doivent \u00eatre not\u00e9s sur de petites cartes. \u00c7a serait bien s\u2019il existait une solution, pour qu\u2019on n\u2019ait pas besoin de les \u00e9crire tous \u00e0 la main. <\/p>\n<p>Le rouleau de papier continu original DK-N55224 de Brother est compatible avec les diff\u00e9rentes imprimantes d&rsquo;\u00e9tiquettes QL de Brother, ce qui en fait le partenaire id\u00e9al pour Olivier. <\/p>\n<p>+ Largeur de 54 mm, id\u00e9al pour les cartons de table ou les \u00e9tiquettes. <\/p>\n<p>Les \u00e9tiquettes blanches sont imprim\u00e9es en noir de fa\u00e7on claire et lisible. <\/p>\n<p>+ Longueur de 30.5 m, suffisant pour plusieurs projets ou \u00e9v\u00e9nements. <\/p>\n<p>En raison de ses excellentes propri\u00e9t\u00e9s d&rsquo;impression, il peut \u00e9galement \u00eatre utilis\u00e9 pour les billets contenant un code \u00e0 barres. <\/p>\n<p>+ Choisissez une impression parfaite!<\/p>","protected":false},"excerpt":{"rendered":"<p>Imprimez en haute qualit\u00e9 pour vos invit\u00e9s Olivier travaille dans l&rsquo;entreprise familiale. Le restaurant, situ\u00e9 dans un cadre idyllique, est souvent r\u00e9serv\u00e9 pour des \u00e9v\u00e9nements comme des confirmations ou anniversaires. Depuis qu\u2019ils ont particip\u00e9s \u00e0 u<\/p>","protected":false},"featured_media":31222,"comment_status":"open","ping_status":"closed","template":"","meta":[],"product_brand":[],"product_cat":[137],"product_tag":[],"class_list":{"0":"post-31223","1":"product","2":"type-product","3":"status-publish","4":"has-post-thumbnail","6":"product_cat-papier","8":"first","9":"instock","10":"shipping-taxable","11":"purchasable","12":"product-type-simple"},"_links":{"self":[{"href":"https:\/\/topprixsarl.ch\/en\/wp-json\/wp\/v2\/product\/31223","targetHints":{"allow":["GET"]}}],"collection":[{"href":"https:\/\/topprixsarl.ch\/en\/wp-json\/wp\/v2\/product"}],"about":[{"href":"https:\/\/topprixsarl.ch\/en\/wp-json\/wp\/v2\/types\/product"}],"replies":[{"embeddable":true,"href":"https:\/\/topprixsarl.ch\/en\/wp-json\/wp\/v2\/comments?post=31223"}],"version-history":[{"count":2,"href":"https:\/\/topprixsarl.ch\/en\/wp-json\/wp\/v2\/product\/31223\/revisions"}],"predecessor-version":[{"id":32972,"href":"https:\/\/topprixsarl.ch\/en\/wp-json\/wp\/v2\/product\/31223\/revisions\/32972"}],"wp:featuredmedia":[{"embeddable":true,"href":"https:\/\/topprixsarl.ch\/en\/wp-json\/wp\/v2\/media\/31222"}],"wp:attachment":[{"href":"https:\/\/topprixsarl.ch\/en\/wp-json\/wp\/v2\/media?parent=31223"}],"wp:term":[{"taxonomy":"product_brand","embeddable":true,"href":"https:\/\/topprixsarl.ch\/en\/wp-json\/wp\/v2\/product_brand?post=31223"},{"taxonomy":"product_cat","embeddable":true,"href":"https:\/\/topprixsarl.ch\/en\/wp-json\/wp\/v2\/product_cat?post=31223"},{"taxonomy":"product_tag","embeddable":true,"href":"https:\/\/topprixsarl.ch\/en\/wp-json\/wp\/v2\/product_tag?post=31223"}],"curies":[{"name":"wp","href":"https:\/\/api.w.org\/{rel}","templated":true}]}}