{"id":31219,"date":"2026-01-09T15:12:31","date_gmt":"2026-01-09T15:12:31","guid":{"rendered":"https:\/\/topprixsarl.ch\/product\/boite-darchives-brieger-l100xp328xh270-mm-marron-paquet-de-10-pieces\/"},"modified":"2026-01-14T14:19:12","modified_gmt":"2026-01-14T14:19:12","slug":"boite-darchives-brieger-l100xp328xh270-mm-marron-paquet-de-10-pieces","status":"publish","type":"product","link":"https:\/\/topprixsarl.ch\/en\/product-2\/boite-darchives-brieger-l100xp328xh270-mm-marron-paquet-de-10-pieces\/","title":{"rendered":"Brieger archive box, W100xD328xH270 mm, brown, pack of 10 pieces"},"content":{"rendered":"<p>Le classique parmi les bo\u00eetes d&rsquo;archives<\/p>\n<p>Combien de fois allez-vous aux archives pour chercher quelque chose d&rsquo;une ann\u00e9e pass\u00e9e ? Probablement seulement quand il y a une r\u00e9vision majeure. Mais si souvent ces r\u00e9visions ne sont pas faites avec des documents d&rsquo;archives. C&rsquo;est pourquoi il serait pr\u00e9somptueux de mettre ces documents dans des dossiers dans les archives, car on perdrait beaucoup de place. <\/p>\n<p>Par cons\u00e9quent, apr\u00e8s un d\u00e9lai raisonnable, retirez les documents du dossier et placez ces documents dans des bo\u00eetes d&rsquo;archives. <\/p>\n<p>+ Les bo\u00eetes d&rsquo;archives Brieger sont suffisamment grandes pour accueillir le format A4 couramment utilis\u00e9 dans les bureaux. <\/p>\n<p>+ Ces bo\u00eetes sont livr\u00e9es pli\u00e9es et prennent donc peu de place lorsqu&rsquo;elles ne sont pas utilis\u00e9es. <\/p>\n<p>+ Elles sont ensuite mises en place en quelques secondes, pr\u00eates \u00e0 \u00eatre remplies de vos documents. <\/p>\n<p>+ Gr\u00e2ce \u00e0 cette manipulation simple, les bo\u00eetes sont r\u00e9utilisables. <\/p>\n<p>Pour vous faciliter l&rsquo;\u00e9tiquetage des bo\u00eetes, les \u00e9tiquettes dorsale correspondantes sont disponibles sous le num\u00e9ro d&rsquo;article 3.419.804. <\/p>\n<p>Archivez maintenant facilement et rapidement!<\/p>","protected":false},"excerpt":{"rendered":"<p>Le classique parmi les bo\u00eetes d&rsquo;archives Combien de fois allez-vous aux archives pour chercher quelque chose d&rsquo;une ann\u00e9e pass\u00e9e ? Probablement seulement quand il y a une r\u00e9vision majeure. Mais si souvent ces r\u00e9visions ne sont pas faites avec des docu<\/p>","protected":false},"featured_media":31218,"comment_status":"open","ping_status":"closed","template":"","meta":[],"product_brand":[],"product_cat":[137],"product_tag":[],"class_list":{"0":"post-31219","1":"product","2":"type-product","3":"status-publish","4":"has-post-thumbnail","6":"product_cat-papier","8":"first","9":"instock","10":"shipping-taxable","11":"purchasable","12":"product-type-simple"},"_links":{"self":[{"href":"https:\/\/topprixsarl.ch\/en\/wp-json\/wp\/v2\/product\/31219","targetHints":{"allow":["GET"]}}],"collection":[{"href":"https:\/\/topprixsarl.ch\/en\/wp-json\/wp\/v2\/product"}],"about":[{"href":"https:\/\/topprixsarl.ch\/en\/wp-json\/wp\/v2\/types\/product"}],"replies":[{"embeddable":true,"href":"https:\/\/topprixsarl.ch\/en\/wp-json\/wp\/v2\/comments?post=31219"}],"version-history":[{"count":2,"href":"https:\/\/topprixsarl.ch\/en\/wp-json\/wp\/v2\/product\/31219\/revisions"}],"predecessor-version":[{"id":32970,"href":"https:\/\/topprixsarl.ch\/en\/wp-json\/wp\/v2\/product\/31219\/revisions\/32970"}],"wp:featuredmedia":[{"embeddable":true,"href":"https:\/\/topprixsarl.ch\/en\/wp-json\/wp\/v2\/media\/31218"}],"wp:attachment":[{"href":"https:\/\/topprixsarl.ch\/en\/wp-json\/wp\/v2\/media?parent=31219"}],"wp:term":[{"taxonomy":"product_brand","embeddable":true,"href":"https:\/\/topprixsarl.ch\/en\/wp-json\/wp\/v2\/product_brand?post=31219"},{"taxonomy":"product_cat","embeddable":true,"href":"https:\/\/topprixsarl.ch\/en\/wp-json\/wp\/v2\/product_cat?post=31219"},{"taxonomy":"product_tag","embeddable":true,"href":"https:\/\/topprixsarl.ch\/en\/wp-json\/wp\/v2\/product_tag?post=31219"}],"curies":[{"name":"wp","href":"https:\/\/api.w.org\/{rel}","templated":true}]}}