{"id":31213,"date":"2026-01-09T15:11:47","date_gmt":"2026-01-09T15:11:47","guid":{"rendered":"https:\/\/topprixsarl.ch\/product\/detergent-lave-vaisselle-suma-maxi-l3-1-10-litres-parfume\/"},"modified":"2026-01-14T14:19:12","modified_gmt":"2026-01-14T14:19:12","slug":"dishwasher-detergent-suma-maxi-l3-1-10-liters-perfumed","status":"publish","type":"product","link":"https:\/\/topprixsarl.ch\/en\/product-2\/dishwasher-detergent-suma-maxi-l3-1-10-liters-perfumed\/","title":{"rendered":"Dishwasher detergent Suma Maxi L3.1, 10 liters, scented"},"content":{"rendered":"<p>Unfortunately, every party comes to an end... and then we have to clean up. But often, all you have to do is wash the glasses and dirty dishes. This wouldn't be a problem if the detergent didn't have to contend with tap water, as well as leftover food. What can you do about it?<\/p>\n<p>Diversey has developed the Suma Maxi L3.1 specifically for this purpose. <\/p>\n<p>+ High-performance dishwashing detergent, even in medium-hard to hard water<br \/>\n+ Effortlessly removes fat, starch and protein residues<br \/>\n+ Effective against beverage residues such as coffee and tea<br \/>\n+ 10-litre cans for extended use  <\/p>\n<p>So if your dishwashing liquid is heavily loaded, this detergent can help. Wash your dishes with ease! <\/p>\n<p>*Hazardous product. Observe the precautions for use indicated on the safety data sheet*.<\/p>","protected":false},"excerpt":{"rendered":"<p>Malheureusement, chaque f\u00eate a une fin&#8230; &#8230; et ensuite on doit faire le m\u00e9nage. Mais souvent, il suffit de mettre les verres et la vaisselle sale \u00e0 laver. Cel\u00e0 ne serait pas un probl\u00e8me si le d\u00e9tergent n&rsquo;avait pas \u00e0 lutter avec l&rsquo;eau du robinet, ai<\/p>","protected":false},"featured_media":31212,"comment_status":"open","ping_status":"closed","template":"","meta":[],"product_brand":[],"product_cat":[139],"product_tag":[],"class_list":{"0":"post-31213","1":"product","2":"type-product","3":"status-publish","4":"has-post-thumbnail","6":"product_cat-lave-vaisselle","8":"first","9":"instock","10":"shipping-taxable","11":"purchasable","12":"product-type-simple"},"_links":{"self":[{"href":"https:\/\/topprixsarl.ch\/en\/wp-json\/wp\/v2\/product\/31213","targetHints":{"allow":["GET"]}}],"collection":[{"href":"https:\/\/topprixsarl.ch\/en\/wp-json\/wp\/v2\/product"}],"about":[{"href":"https:\/\/topprixsarl.ch\/en\/wp-json\/wp\/v2\/types\/product"}],"replies":[{"embeddable":true,"href":"https:\/\/topprixsarl.ch\/en\/wp-json\/wp\/v2\/comments?post=31213"}],"version-history":[{"count":2,"href":"https:\/\/topprixsarl.ch\/en\/wp-json\/wp\/v2\/product\/31213\/revisions"}],"predecessor-version":[{"id":32967,"href":"https:\/\/topprixsarl.ch\/en\/wp-json\/wp\/v2\/product\/31213\/revisions\/32967"}],"wp:featuredmedia":[{"embeddable":true,"href":"https:\/\/topprixsarl.ch\/en\/wp-json\/wp\/v2\/media\/31212"}],"wp:attachment":[{"href":"https:\/\/topprixsarl.ch\/en\/wp-json\/wp\/v2\/media?parent=31213"}],"wp:term":[{"taxonomy":"product_brand","embeddable":true,"href":"https:\/\/topprixsarl.ch\/en\/wp-json\/wp\/v2\/product_brand?post=31213"},{"taxonomy":"product_cat","embeddable":true,"href":"https:\/\/topprixsarl.ch\/en\/wp-json\/wp\/v2\/product_cat?post=31213"},{"taxonomy":"product_tag","embeddable":true,"href":"https:\/\/topprixsarl.ch\/en\/wp-json\/wp\/v2\/product_tag?post=31213"}],"curies":[{"name":"wp","href":"https:\/\/api.w.org\/{rel}","templated":true}]}}