{"id":31201,"date":"2026-01-09T15:10:13","date_gmt":"2026-01-09T15:10:13","guid":{"rendered":"https:\/\/topprixsarl.ch\/product\/nettoyant-pour-sanitaire-easy-citron-1-litre\/"},"modified":"2026-01-14T14:19:13","modified_gmt":"2026-01-14T14:19:13","slug":"nettoyant-pour-sanitaire-easy-citron-1-litre","status":"publish","type":"product","link":"https:\/\/topprixsarl.ch\/en\/product-2\/nettoyant-pour-sanitaire-easy-citron-1-litre\/","title":{"rendered":"Nettoyant pour sanitaire Easy, citron, 1\u00a0litre"},"content":{"rendered":"<p>Nettoyant sanitaire \u00e0 base d&rsquo;acide citrique. <\/p>\n<p>Pour les d\u00e9p\u00f4ts calcaires et les salissures dans les sanitaires. <\/p>\n<p>\u00c0 base d&rsquo;acides naturels. <\/p>\n<p>Prix \u00e0 l&rsquo;unit\u00e9. <\/p>\n<p>+ Formule \u00e0 base d&rsquo;acide citrique pour un nettoyage efficace<br \/>\n+ \u00c9limine les d\u00e9p\u00f4ts calcaires et les salissures<br \/>\n+ Respectueux de l&rsquo;environnement gr\u00e2ce \u00e0 ses ingr\u00e9dients naturels  <\/p>\n<p>*Note: Utiliser avec pr\u00e9caution et suivre les instructions d&rsquo;utilisation.<\/p>","protected":false},"excerpt":{"rendered":"<p>Nettoyant sanitaire \u00e0 base d&rsquo;acide citrique. Pour les d\u00e9p\u00f4ts calcaires et les salissures dans les sanitaires. \u00c0 base d&rsquo;acides naturels. Prix \u00e0 l&rsquo;unit\u00e9.<\/p>","protected":false},"featured_media":31200,"comment_status":"open","ping_status":"closed","template":"","meta":[],"product_brand":[],"product_cat":[143],"product_tag":[],"class_list":{"0":"post-31201","1":"product","2":"type-product","3":"status-publish","4":"has-post-thumbnail","6":"product_cat-nettoyage","8":"first","9":"instock","10":"shipping-taxable","11":"purchasable","12":"product-type-simple"},"_links":{"self":[{"href":"https:\/\/topprixsarl.ch\/en\/wp-json\/wp\/v2\/product\/31201","targetHints":{"allow":["GET"]}}],"collection":[{"href":"https:\/\/topprixsarl.ch\/en\/wp-json\/wp\/v2\/product"}],"about":[{"href":"https:\/\/topprixsarl.ch\/en\/wp-json\/wp\/v2\/types\/product"}],"replies":[{"embeddable":true,"href":"https:\/\/topprixsarl.ch\/en\/wp-json\/wp\/v2\/comments?post=31201"}],"version-history":[{"count":2,"href":"https:\/\/topprixsarl.ch\/en\/wp-json\/wp\/v2\/product\/31201\/revisions"}],"predecessor-version":[{"id":32961,"href":"https:\/\/topprixsarl.ch\/en\/wp-json\/wp\/v2\/product\/31201\/revisions\/32961"}],"wp:featuredmedia":[{"embeddable":true,"href":"https:\/\/topprixsarl.ch\/en\/wp-json\/wp\/v2\/media\/31200"}],"wp:attachment":[{"href":"https:\/\/topprixsarl.ch\/en\/wp-json\/wp\/v2\/media?parent=31201"}],"wp:term":[{"taxonomy":"product_brand","embeddable":true,"href":"https:\/\/topprixsarl.ch\/en\/wp-json\/wp\/v2\/product_brand?post=31201"},{"taxonomy":"product_cat","embeddable":true,"href":"https:\/\/topprixsarl.ch\/en\/wp-json\/wp\/v2\/product_cat?post=31201"},{"taxonomy":"product_tag","embeddable":true,"href":"https:\/\/topprixsarl.ch\/en\/wp-json\/wp\/v2\/product_tag?post=31201"}],"curies":[{"name":"wp","href":"https:\/\/api.w.org\/{rel}","templated":true}]}}