{"id":31197,"date":"2026-01-09T15:09:42","date_gmt":"2026-01-09T15:09:42","guid":{"rendered":"https:\/\/topprixsarl.ch\/product\/nettoyant-a-lalcool-tropic-10-litres\/"},"modified":"2026-01-14T14:19:13","modified_gmt":"2026-01-14T14:19:13","slug":"nettoyant-a-lalcool-tropic-10-litres","status":"publish","type":"product","link":"https:\/\/topprixsarl.ch\/en\/product-2\/nettoyant-a-lalcool-tropic-10-litres\/","title":{"rendered":"Nettoyant \u00e0 l&rsquo;alcool, tropic, 10 litres"},"content":{"rendered":"<p>Nettoyant \u00e0 base d&rsquo;alcool concentr\u00e9 au parfum agr\u00e9able. <\/p>\n<p>+ Convient aux sols brillants (cages d&rsquo;escalier). <\/p>\n<p>+ S\u00e9chage sans traces, parfum longue dur\u00e9e. <\/p>\n<p>+ Prix \u00e0 l&rsquo;unit\u00e9. <\/p>\n<p>*Notes de bas de page.<\/p>","protected":false},"excerpt":{"rendered":"<p>Nettoyant \u00e0 base d&rsquo;alcool concentr\u00e9 au parfum agr\u00e9able. Convient aux sols brillants (cages d&rsquo;escalier). S\u00e9chage sans traces, parfum longue dur\u00e9e. Prix \u00e0 l&rsquo;unit\u00e9.<\/p>","protected":false},"featured_media":31196,"comment_status":"open","ping_status":"closed","template":"","meta":[],"product_brand":[],"product_cat":[143],"product_tag":[],"class_list":{"0":"post-31197","1":"product","2":"type-product","3":"status-publish","4":"has-post-thumbnail","6":"product_cat-nettoyage","8":"first","9":"instock","10":"shipping-taxable","11":"purchasable","12":"product-type-simple"},"_links":{"self":[{"href":"https:\/\/topprixsarl.ch\/en\/wp-json\/wp\/v2\/product\/31197","targetHints":{"allow":["GET"]}}],"collection":[{"href":"https:\/\/topprixsarl.ch\/en\/wp-json\/wp\/v2\/product"}],"about":[{"href":"https:\/\/topprixsarl.ch\/en\/wp-json\/wp\/v2\/types\/product"}],"replies":[{"embeddable":true,"href":"https:\/\/topprixsarl.ch\/en\/wp-json\/wp\/v2\/comments?post=31197"}],"version-history":[{"count":2,"href":"https:\/\/topprixsarl.ch\/en\/wp-json\/wp\/v2\/product\/31197\/revisions"}],"predecessor-version":[{"id":32959,"href":"https:\/\/topprixsarl.ch\/en\/wp-json\/wp\/v2\/product\/31197\/revisions\/32959"}],"wp:featuredmedia":[{"embeddable":true,"href":"https:\/\/topprixsarl.ch\/en\/wp-json\/wp\/v2\/media\/31196"}],"wp:attachment":[{"href":"https:\/\/topprixsarl.ch\/en\/wp-json\/wp\/v2\/media?parent=31197"}],"wp:term":[{"taxonomy":"product_brand","embeddable":true,"href":"https:\/\/topprixsarl.ch\/en\/wp-json\/wp\/v2\/product_brand?post=31197"},{"taxonomy":"product_cat","embeddable":true,"href":"https:\/\/topprixsarl.ch\/en\/wp-json\/wp\/v2\/product_cat?post=31197"},{"taxonomy":"product_tag","embeddable":true,"href":"https:\/\/topprixsarl.ch\/en\/wp-json\/wp\/v2\/product_tag?post=31197"}],"curies":[{"name":"wp","href":"https:\/\/api.w.org\/{rel}","templated":true}]}}